{"id":4310,"date":"2023-10-28T21:30:34","date_gmt":"2023-10-28T19:30:34","guid":{"rendered":"https:\/\/ioniancoast.com\/hjem\/"},"modified":"2025-01-24T17:09:03","modified_gmt":"2025-01-24T15:09:03","slug":"hjem","status":"publish","type":"page","link":"https:\/\/ioniancoast.com\/da\/","title":{"rendered":"Lej en bil Sivota"},"content":{"rendered":"<div  class=\"tatsu-Bk-u8PtAFp tatsu-section  tatsu-bg-overlay tatsu-hide-mobile   tatsu-clearfix\" data-title=\"\"  data-headerscheme=\"background--dark\"><div class='tatsu-section-pad clearfix' data-padding='{\"d\":\"10px 0px 10px 0px\"}' data-padding-top='10px'><div class=\"tatsu-row-wrap  tatsu-wrap tatsu-row-one-col tatsu-row-has-one-cols tatsu-medium-gutter tatsu-reg-cols  tatsu-clearfix tatsu-Hygd8vtCFp\" ><div  class=\"tatsu-row \" ><div  class=\"tatsu-column  tatsu-bg-overlay tatsu-one-col tatsu-column-image-none tatsu-column-effect-none  tatsu-SJO8wtAFa\"  data-parallax-speed=\"0\" style=\"\"><div class=\"tatsu-column-inner \" ><div class=\"tatsu-column-pad-wrap\"><div class=\"tatsu-column-pad\" ><div  class=\"tatsu-module tatsu-text-block-wrap tatsu-B1iH450K6  \"><div class=\"tatsu-text-inner tatsu-align-center  clearfix\" ><style>.tatsu-B1iH450K6.tatsu-text-block-wrap .tatsu-text-inner{width: 100%;text-align: left;}<\/style>\n<hr \/>\n<h5 style=\"text-align: center;\">Leder du efter biludlejning i Gr\u00e6kenland? Tjek alle tilg\u00e6ngelige lejebiler fra vores splinternye fl\u00e5de og find de bedste priser!<\/h5>\n<h6 style=\"text-align: center;\">Lej en bil <a href=\"https:\/\/olig.gr\/en\/\"><strong>Igoumenitsa<\/strong><\/a> I Lej en bil <a href=\"https:\/\/en.wikipedia.org\/wiki\/Syvota\"><strong>Sivota<\/strong><\/a> I Lej en bil <a href=\"https:\/\/www.pvk-airport.gr\/en\"><strong>Preveza<\/strong><\/a> I Lej en bil <a href=\"https:\/\/ioanninaairport.eu\/\"><strong>Ioannina<\/strong><\/a><\/h6>\n<h6 style=\"text-align: center;\"><a href=\"https:\/\/ioniancoast.com\/da\/lej-en-bil-sivota-book-nu\/\"><strong>Book<\/strong> <strong>online<\/strong><\/a> og lav den perfekte aftale uden skjulte gebyrer!<\/h6>\n<hr \/>\n<h6 style=\"text-align: center;\"><\/h6>\n<\/div><\/div><\/div><\/div><div class = \"tatsu-column-bg-image-wrap\"><div class = \"tatsu-column-bg-image tatsu-bg-lazyload\" data-src = \"\"><\/div><\/div><div class=\"tatsu-overlay tatsu-column-overlay tatsu-animate-none\" ><\/div><\/div><style>.tatsu-row > .tatsu-SJO8wtAFa.tatsu-column{width: 100%;}.tatsu-SJO8wtAFa.tatsu-column > .tatsu-column-inner > .tatsu-column-overlay{mix-blend-mode: normal;}.tatsu-SJO8wtAFa > .tatsu-column-inner > .tatsu-top-divider{z-index: 9999;}.tatsu-SJO8wtAFa > .tatsu-column-inner > .tatsu-bottom-divider{z-index: 9999;}.tatsu-SJO8wtAFa > .tatsu-column-inner > .tatsu-left-divider{z-index: 9999;}.tatsu-SJO8wtAFa > .tatsu-column-inner > .tatsu-right-divider{z-index: 9999;}@media only screen and (max-width:1377px) {.tatsu-row > .tatsu-SJO8wtAFa.tatsu-column{width: 100%;}}@media only screen and (min-width:768px) and (max-width: 1024px) {.tatsu-row > .tatsu-SJO8wtAFa.tatsu-column{width: 100%;}}@media only screen and (max-width: 767px) {.tatsu-row > .tatsu-SJO8wtAFa.tatsu-column{width: 100%;}}<\/style><\/div><\/div><\/div><\/div><div class=\"tatsu-section-background-wrap\"><div class = \"tatsu-section-background tatsu-bg-lazyload\" data-src = \"\"><\/div><\/div><div class=\"tatsu-overlay tatsu-section-overlay\"><\/div><style>.tatsu-Bk-u8PtAFp.tatsu-section{background-color: rgba(255,255,255,1);}.tatsu-Bk-u8PtAFp .tatsu-section-pad{padding: 10px 0px 10px 0px;}.tatsu-Bk-u8PtAFp .tatsu-section-offset-wrap{transform: translateY(-0px);}.tatsu-Bk-u8PtAFp > .tatsu-bottom-divider{z-index: 9999;}.tatsu-Bk-u8PtAFp > .tatsu-top-divider{z-index: 9999;}.tatsu-Bk-u8PtAFp .tatsu-section-overlay{mix-blend-mode: normal;}<\/style><\/div>\n","protected":false},"excerpt":{"rendered":"","protected":false},"author":2,"featured_media":0,"parent":0,"menu_order":0,"comment_status":"closed","ping_status":"closed","template":"page-templates\/page-homepage.php","meta":{"footnotes":""},"class_list":["post-4310","page","type-page","status-publish","hentry"],"aioseo_notices":[],"_links":{"self":[{"href":"https:\/\/ioniancoast.com\/da\/wp-json\/wp\/v2\/pages\/4310","targetHints":{"allow":["GET"]}}],"collection":[{"href":"https:\/\/ioniancoast.com\/da\/wp-json\/wp\/v2\/pages"}],"about":[{"href":"https:\/\/ioniancoast.com\/da\/wp-json\/wp\/v2\/types\/page"}],"author":[{"embeddable":true,"href":"https:\/\/ioniancoast.com\/da\/wp-json\/wp\/v2\/users\/2"}],"replies":[{"embeddable":true,"href":"https:\/\/ioniancoast.com\/da\/wp-json\/wp\/v2\/comments?post=4310"}],"version-history":[{"count":0,"href":"https:\/\/ioniancoast.com\/da\/wp-json\/wp\/v2\/pages\/4310\/revisions"}],"wp:attachment":[{"href":"https:\/\/ioniancoast.com\/da\/wp-json\/wp\/v2\/media?parent=4310"}],"curies":[{"name":"wp","href":"https:\/\/api.w.org\/{rel}","templated":true}]}}