{"id":4355,"date":"2023-03-20T21:44:52","date_gmt":"2023-03-20T19:44:52","guid":{"rendered":"https:\/\/ioniancoast.com\/ioannina\/"},"modified":"2025-01-27T11:27:02","modified_gmt":"2025-01-27T09:27:02","slug":"lej-en-bil-ioannina","status":"publish","type":"page","link":"https:\/\/ioniancoast.com\/da\/lej-en-bil-ioannina\/","title":{"rendered":"Ioannina Lufthavn"},"content":{"rendered":"<div  class=\"tatsu-hlmjdawsna2g22o2 tatsu-section  tatsu-bg-overlay   tatsu-clearfix\" data-title=\"\"  data-headerscheme=\"background--dark\"><div class='tatsu-section-pad clearfix' data-padding='{\"d\":\"15px 0px 15px 0px\"}' data-padding-top='15px'><div class=\"tatsu-row-wrap  tatsu-wrap tatsu-row-one-col tatsu-row-has-one-cols tatsu-medium-gutter tatsu-reg-cols  tatsu-clearfix tatsu-hlmjdawsqh2wxd1f\" ><style>.tatsu-hlmjdawsqh2wxd1f.tatsu-row-wrap > .tatsu-row{background-color: rgba(0,0,0,1);}<\/style><div  class=\"tatsu-row \" ><div  class=\"tatsu-column  tatsu-bg-overlay tatsu-one-col tatsu-column-image-none tatsu-column-effect-none  tatsu-hlmjdawst14n8uds\"  data-parallax-speed=\"0\" style=\"\"><div class=\"tatsu-column-inner \" ><div class=\"tatsu-column-pad-wrap\"><div class=\"tatsu-column-pad\" ><div  class=\"tatsu-shortcode-module tatsu-module tatsu-SyNVrEida   \"  ><div id=\"mod_vikrentcar_search-7\" class=\"widget-container widget_mod_vikrentcar_search\">\r\n<div class=\"vrcdivsearch vrcdivsearchmodule vrc-searchmod-wrap-horizontal\">\r\n\t<form action=\"https:\/\/ioniancoast.com\/da\/lej-en-bil-ioannina\/?option=com_vikrentcar&amp;task=search&amp;Itemid=0\" method=\"post\" onsubmit=\"return vrcValidateSearch922();\">\r\n\t\t<input type=\"hidden\" name=\"task\" value=\"search\"\/>\r\n    <div class=\"vrc-searchmod-section-pickup\">\n<div class=\"vrcsfentrycont\"><label for=\"modplace\">Afhentningssted<\/label><div class=\"vrcsfentryselect\"><select name=\"place\" id=\"modplace\"><option value=\"1\">Office Sivota harbour<\/option>\n<option value=\"2\">Igoumenitsa Port<\/option>\n<option value=\"3\">Ioannina Airport<\/option>\n<option value=\"4\">Preveza Airport<\/option>\n<option value=\"5\">Plataria<\/option>\n<\/select><\/div><\/div>\n<div class=\"vrcsfentrycont\"><label for=\"modreturnplace\">Afleveringssted<\/label><div class=\"vrcsfentryselect\"><select name=\"returnplace\" id=\"modreturnplace\"><option value=\"1\">Office Sivota harbour<\/option>\n<option value=\"2\">Igoumenitsa Port<\/option>\n<option value=\"3\">Ioannina Airport<\/option>\n<option value=\"4\">Preveza Airport<\/option>\n<option value=\"5\">Plataria<\/option>\n<\/select><\/div><\/div>\n<\/div>\n<div class=\"vrc-searchmod-section-datetimes\">\n<div class=\"vrcsfentrycont\">\n\t<div class=\"vrcsfentrylabsel\">\n\t\t<label for=\"pickupdatemod922\">Afhentnings dato<\/label>\n\t\t<div class=\"vrcsfentrydate\">\n\t\t\t<input type=\"text\" name=\"pickupdate\" id=\"pickupdatemod922\" size=\"10\" autocomplete=\"off\" onfocus=\"this.blur();\" readonly\/><i class=\"far fa-calendar-alt vrc-caltrigger\"><\/i>\n\t\t<\/div>\n\t<\/div>\n\t<div class=\"vrcsfentrytime\">\n\t\t<label for=\"pickuph\">Afhentnings tid<\/label>\n\t\t<div class=\"vrc-sf-time-container\">\n\t\t\t<span id=\"vrcmodselph\"><select id=\"pickuph\" name=\"pickuph\"><option value=\"0\">00<\/option>\n<option value=\"1\">01<\/option>\n<option value=\"2\">02<\/option>\n<option value=\"3\">03<\/option>\n<option value=\"4\">04<\/option>\n<option value=\"5\">05<\/option>\n<option value=\"6\">06<\/option>\n<option value=\"7\">07<\/option>\n<option value=\"8\">08<\/option>\n<option value=\"9\" selected=\"selected\">09<\/option>\n<option value=\"10\">10<\/option>\n<option value=\"11\">11<\/option>\n<option value=\"12\">12<\/option>\n<option value=\"13\">13<\/option>\n<option value=\"14\">14<\/option>\n<option value=\"15\">15<\/option>\n<option value=\"16\">16<\/option>\n<option value=\"17\">17<\/option>\n<option value=\"18\">18<\/option>\n<option value=\"19\">19<\/option>\n<option value=\"20\">20<\/option>\n<option value=\"21\">21<\/option>\n<option value=\"22\">22<\/option>\n<option value=\"23\">23<\/option>\n<\/select><\/span>\n\t\t\t<span class=\"vrctimesep\">:<\/span>\n\t\t\t<span id=\"vrcmodselpm\"><select name=\"pickupm\"><option value=\"0\" selected=\"selected\">00<\/option>\n<option value=\"15\">15<\/option>\n<option value=\"30\">30<\/option>\n<option value=\"45\">45<\/option>\n<\/select><\/span>\n\t\t<\/div>\n\t<\/div>\n<\/div>\n<div class=\"vrcsfentrycont\">\n\t<div class=\"vrcsfentrylabsel\">\n\t\t<label for=\"releasedatemod922\">Afleverings dato<\/label>\n\t\t<div class=\"vrcsfentrydate\">\n\t\t\t<input type=\"text\" name=\"releasedate\" id=\"releasedatemod922\" size=\"10\" autocomplete=\"off\" onfocus=\"this.blur();\" readonly\/><i class=\"far fa-calendar-alt vrc-caltrigger\"><\/i>\n\t\t<\/div>\n\t<\/div>\n\t<div class=\"vrcsfentrytime\">\n\t\t<label for=\"releaseh\">Afleverings tid<\/label>\n\t\t<div class=\"vrc-sf-time-container\">\n\t\t\t<span id=\"vrcmodseldh\"><select id=\"releaseh\" name=\"releaseh\"><option value=\"0\">00<\/option>\n<option value=\"1\">01<\/option>\n<option value=\"2\">02<\/option>\n<option value=\"3\">03<\/option>\n<option value=\"4\">04<\/option>\n<option value=\"5\">05<\/option>\n<option value=\"6\">06<\/option>\n<option value=\"7\">07<\/option>\n<option value=\"8\">08<\/option>\n<option value=\"9\" selected=\"selected\">09<\/option>\n<option value=\"10\">10<\/option>\n<option value=\"11\">11<\/option>\n<option value=\"12\">12<\/option>\n<option value=\"13\">13<\/option>\n<option value=\"14\">14<\/option>\n<option value=\"15\">15<\/option>\n<option value=\"16\">16<\/option>\n<option value=\"17\">17<\/option>\n<option value=\"18\">18<\/option>\n<option value=\"19\">19<\/option>\n<option value=\"20\">20<\/option>\n<option value=\"21\">21<\/option>\n<option value=\"22\">22<\/option>\n<option value=\"23\">23<\/option>\n<\/select><\/span>\n\t\t\t<span class=\"vrctimesep\">:<\/span>\n\t\t\t<span id=\"vrcmodseldm\"><select name=\"releasem\"><option value=\"0\" selected=\"selected\">00<\/option>\n<option value=\"15\">15<\/option>\n<option value=\"30\">30<\/option>\n<option value=\"45\">45<\/option>\n<\/select><\/span>\n\t\t<\/div>\n\t<\/div>\n<\/div>\n<\/div>\n\t\t\t<input type=\"hidden\" name=\"categories\" value=\"3\" \/>\r\n\t\t\t<input type=\"hidden\" name=\"category_id\" value=\"3\" \/>\r\n\t\t\t    \t<div class=\"vrc-searchmod-section-sbmt\">\r\n\t\t\t<div class=\"vrcsfentrycont\">\r\n\t\t\t\t<div class=\"vrcsfentrysubmit\">\r\n\t\t\t\t\t<button type=\"submit\" class=\"btn vrcsearch vrc-pref-color-btn\">S\u00f8g<\/button>\r\n\t\t\t\t<\/div>\r\n\t\t\t<\/div>\r\n\t\t<\/div>\r\n    <\/form>\r\n<\/div>\r\n\r\n<script type=\"text\/javascript\">\r\nfunction vrcCleanNumber922(snum) {\r\n\tif (snum.length > 1 && snum.substr(0, 1) == '0') {\r\n\t\treturn parseInt(snum.substr(1));\r\n\t}\r\n\treturn parseInt(snum);\r\n}\r\nfunction vrcFormatTime922(h, m) {\r\n\tvar time_format = 'H:i';\r\n\tvar time_ftfour = (time_format == 'H:i');\r\n\tvar time_ampm = '';\r\n\tif (!time_ftfour) {\r\n\t\tif (h >= 12 && h < 24) {\r\n\t\t\ttime_ampm = ' PM';\r\n\t\t\tif (h > 12) {\r\n\t\t\t\th -= 12;\r\n\t\t\t}\r\n\t\t} else {\r\n\t\t\ttime_ampm = ' AM';\r\n\t\t}\r\n\t}\r\n\treturn (h < 10 ? ('0' + h) : h) + ':' + ((m < 10 ? ('0' + m) : m)) + time_ampm;\r\n}\r\nfunction vrcValidateSearch922() {\r\n\tif (typeof jQuery === 'undefined' || typeof vrcmod_wopening_pick === 'undefined') {\r\n\t\treturn true;\r\n\t}\r\n\tif (vrcmod_mopening_pick !== null) {\r\n\t\t\/\/ pickup time\r\n\t\tvar pickh = jQuery('#vrcmodselph').find('select').val();\r\n\t\tvar pickm = jQuery('#vrcmodselpm').find('select').val();\r\n\t\tif (!pickh || !pickh.length || !pickm) {\r\n\t\t\treturn true;\r\n\t\t}\r\n\t\tpickh = vrcCleanNumber922(pickh);\r\n\t\tpickm = vrcCleanNumber922(pickm);\r\n\t\tif (pickh == vrcmod_mopening_pick[0]) {\r\n\t\t\tif (pickm < vrcmod_mopening_pick[1]) {\r\n\t\t\t\t\/\/ location is still closed at this time\r\n\t\t\t\tjQuery('#vrcmodselpm').find('select').html('<option value=\"'+vrcmod_mopening_pick[1]+'\">'+(vrcmod_mopening_pick[1] < 10 ? '0'+vrcmod_mopening_pick[1] : vrcmod_mopening_pick[1])+'<\/option>').val(vrcmod_mopening_pick[1]);\r\n\t\t\t\talert(Joomla.JText._('VRC_LOC_WILL_OPEN_TIME').replace('%s', vrcFormatTime922(vrcmod_mopening_pick[0], vrcmod_mopening_pick[1])));\r\n\t\t\t\t\/\/ do not return false as we are overwriting the pickup time\r\n\t\t\t\t\/\/ return false;\r\n\t\t\t}\r\n\t\t}\r\n\t\tif (pickh == vrcmod_mopening_pick[2]) {\r\n\t\t\tif (pickm > vrcmod_mopening_pick[3]) {\r\n\t\t\t\t\/\/ location is already closed at this time for a pick up\r\n\t\t\t\tjQuery('#vrccomselpm').find('select').html('<option value=\"'+vrcmod_mopening_pick[3]+'\">'+(vrcmod_mopening_pick[3] < 10 ? '0'+vrcmod_mopening_pick[3] : vrcmod_mopening_pick[3])+'<\/option>').val(vrcmod_mopening_pick[3]);\r\n\t\t\t\talert(Joomla.JText._('VRC_LOC_WILL_CLOSE_TIME').replace('%s', vrcFormatTime922(vrcmod_mopening_pick[2], vrcmod_mopening_pick[3])));\r\n\t\t\t\t\/\/ do not return false as we are overwriting the pickup time\r\n\t\t\t\t\/\/ return false;\r\n\t\t\t}\r\n\t\t}\r\n\t\t\/\/ check for breaks\r\n\t\tif (vrcmod_mopening_pick[4] && vrcmod_mopening_pick[4].length) {\r\n\t\t\tfor (var b = 0; b < vrcmod_mopening_pick[4].length; b++) {\r\n\t\t\t\tif (!vrcmod_mopening_pick[4][b].hasOwnProperty('fh')) {\r\n\t\t\t\t\tcontinue;\r\n\t\t\t\t}\r\n\t\t\t\tvar break_mess = Joomla.JText._('VRC_PICKLOC_IS_ON_BREAK_TIME_FROM_TO')\r\n\t\t\t\t\t.replace('%s', vrcFormatTime922(vrcmod_mopening_pick[4][b]['fh'], vrcmod_mopening_pick[4][b]['fm']))\r\n\t\t\t\t\t.replace('%s', vrcFormatTime922(vrcmod_mopening_pick[4][b]['th'], vrcmod_mopening_pick[4][b]['tm']));\r\n\t\t\t\tvar break_from_secs = (vrcmod_mopening_pick[4][b]['fh'] * 3600) + (vrcmod_mopening_pick[4][b]['fm'] * 60);\r\n\t\t\t\tvar break_to_secs = (vrcmod_mopening_pick[4][b]['th'] * 3600) + (vrcmod_mopening_pick[4][b]['tm'] * 60);\r\n\t\t\t\tvar pick_secs = (pickh * 3600) + (pickm * 60);\r\n\t\t\t\tif (pick_secs > break_from_secs && pick_secs < break_to_secs) {\r\n\t\t\t\t\t\/\/ the location is on break at this time\r\n\t\t\t\t\talert(break_mess);\r\n\t\t\t\t\treturn false;\r\n\t\t\t\t} else if (vrcmod_mopening_pick[4][b]['fh'] > vrcmod_mopening_pick[4][b]['th'] && pick_secs < break_from_secs && pick_secs < break_to_secs) {\r\n\t\t\t\t\t\/\/ overnight break, with time after midnight\r\n\t\t\t\t\talert(break_mess);\r\n\t\t\t\t\treturn false;\r\n\t\t\t\t} else if (vrcmod_mopening_pick[4][b]['fh'] > vrcmod_mopening_pick[4][b]['th'] && pick_secs > break_from_secs && pick_secs > break_to_secs) {\r\n\t\t\t\t\t\/\/ overnight break, with time before midnight\r\n\t\t\t\t\talert(break_mess);\r\n\t\t\t\t\treturn false;\r\n\t\t\t\t}\r\n\t\t\t}\r\n\t\t}\r\n\t}\r\n\r\n\tif (vrcmod_mopening_drop !== null) {\r\n\t\t\/\/ dropoff time\r\n\t\tvar droph = jQuery('#vrcmodseldh').find('select').val();\r\n\t\tvar dropm = jQuery('#vrcmodseldm').find('select').val();\r\n\t\tif (!droph || !droph.length || !dropm) {\r\n\t\t\treturn true;\r\n\t\t}\r\n\t\tdroph = vrcCleanNumber922(droph);\r\n\t\tdropm = vrcCleanNumber922(dropm);\r\n\t\tif (droph == vrcmod_mopening_drop[0]) {\r\n\t\t\tif (dropm > vrcmod_mopening_drop[1]) {\r\n\t\t\t\t\/\/ location is already closed at this time\r\n\t\t\t\tjQuery('#vrcmodseldm').find('select').html('<option value=\"'+vrcmod_mopening_drop[1]+'\">'+(vrcmod_mopening_drop[1] < 10 ? '0'+vrcmod_mopening_drop[1] : vrcmod_mopening_drop[1])+'<\/option>').val(vrcmod_mopening_drop[1]);\r\n\t\t\t\talert(Joomla.JText._('VRC_LOC_WILL_CLOSE_TIME').replace('%s', 922(vrcmod_mopening_drop[0], vrcmod_mopening_drop[1])));\r\n\t\t\t\t\/\/ do not return false as we are overwriting the drop off time\r\n\t\t\t\t\/\/ return false;\r\n\t\t\t}\r\n\t\t}\r\n\t\tif (droph == vrcmod_mopening_drop[2]) {\r\n\t\t\tif (dropm < vrcmod_mopening_drop[3]) {\r\n\t\t\t\t\/\/ location is still closed at this time for a drop off\r\n\t\t\t\tjQuery('#vrcmodseldm').find('select').html('<option value=\"'+vrcmod_mopening_drop[3]+'\">'+(vrcmod_mopening_drop[3] < 10 ? '0'+vrcmod_mopening_drop[3] : vrcmod_mopening_drop[3])+'<\/option>').val(vrcmod_mopening_drop[3]);\r\n\t\t\t\talert(Joomla.JText._('VRC_LOC_WILL_OPEN_TIME').replace('%s', 922(vrcmod_mopening_drop[2], vrcmod_mopening_drop[3])));\r\n\t\t\t\t\/\/ do not return false as we are overwriting the drop off time\r\n\t\t\t\t\/\/ return false;\r\n\t\t\t}\r\n\t\t}\r\n\t\t\/\/ check for breaks\r\n\t\tif (vrcmod_mopening_drop[4] && vrcmod_mopening_drop[4].length) {\r\n\t\t\tfor (var b = 0; b < vrcmod_mopening_drop[4].length; b++) {\r\n\t\t\t\tif (!vrcmod_mopening_drop[4][b].hasOwnProperty('fh')) {\r\n\t\t\t\t\tcontinue;\r\n\t\t\t\t}\r\n\t\t\t\tvar break_mess = Joomla.JText._('VRC_DROPLOC_IS_ON_BREAK_TIME_FROM_TO')\r\n\t\t\t\t\t.replace('%s', 922(vrcmod_mopening_drop[4][b]['fh'], vrcmod_mopening_drop[4][b]['fm']))\r\n\t\t\t\t\t.replace('%s', 922(vrcmod_mopening_drop[4][b]['th'], vrcmod_mopening_drop[4][b]['tm']));\r\n\t\t\t\tvar break_from_secs = (vrcmod_mopening_drop[4][b]['fh'] * 3600) + (vrcmod_mopening_drop[4][b]['fm'] * 60);\r\n\t\t\t\tvar break_to_secs = (vrcmod_mopening_drop[4][b]['th'] * 3600) + (vrcmod_mopening_drop[4][b]['tm'] * 60);\r\n\t\t\t\tvar drop_secs = (droph * 3600) + (dropm * 60);\r\n\t\t\t\tif (drop_secs > break_from_secs && drop_secs < break_to_secs) {\r\n\t\t\t\t\t\/\/ the location is on break at this time\r\n\t\t\t\t\talert(break_mess);\r\n\t\t\t\t\treturn false;\r\n\t\t\t\t} else if (vrcmod_mopening_drop[4][b]['fh'] > vrcmod_mopening_drop[4][b]['th'] && drop_secs < break_from_secs && drop_secs < break_to_secs) {\r\n\t\t\t\t\t\/\/ overnight break, with time after midnight\r\n\t\t\t\t\talert(break_mess);\r\n\t\t\t\t\treturn false;\r\n\t\t\t\t} else if (vrcmod_mopening_drop[4][b]['fh'] > vrcmod_mopening_drop[4][b]['th'] && drop_secs > break_from_secs && drop_secs > break_to_secs) {\r\n\t\t\t\t\t\/\/ overnight break, with time before midnight\r\n\t\t\t\t\talert(break_mess);\r\n\t\t\t\t\treturn false;\r\n\t\t\t\t}\r\n\t\t\t}\r\n\t\t}\r\n\t}\r\n\r\n\treturn true;\r\n}\r\n<\/script>\r\n<\/div><\/div><\/div><\/div><div class = \"tatsu-column-bg-image-wrap\"><div class = \"tatsu-column-bg-image tatsu-bg-lazyload\" data-src = \"\"><\/div><\/div><div class=\"tatsu-overlay tatsu-column-overlay tatsu-animate-none\" ><\/div><\/div><style>.tatsu-row > .tatsu-hlmjdawst14n8uds.tatsu-column{width: 100%;}.tatsu-hlmjdawst14n8uds.tatsu-column > .tatsu-column-inner > .tatsu-column-overlay{mix-blend-mode: normal;}.tatsu-hlmjdawst14n8uds > .tatsu-column-inner > .tatsu-top-divider{z-index: 9999;}.tatsu-hlmjdawst14n8uds > .tatsu-column-inner > .tatsu-bottom-divider{z-index: 9999;}.tatsu-hlmjdawst14n8uds > .tatsu-column-inner > .tatsu-left-divider{z-index: 9999;}.tatsu-hlmjdawst14n8uds > .tatsu-column-inner > .tatsu-right-divider{z-index: 9999;}<\/style><\/div><\/div><\/div><\/div><div class=\"tatsu-section-background-wrap\"><div class = \"tatsu-section-background tatsu-bg-lazyload\" data-src = \"\"><\/div><\/div><div class=\"tatsu-overlay tatsu-section-overlay\"><\/div><style>.tatsu-hlmjdawsna2g22o2 .tatsu-section-pad{padding: 15px 0px 15px 0px;}.tatsu-hlmjdawsna2g22o2 > .tatsu-bottom-divider{z-index: 9999;}.tatsu-hlmjdawsna2g22o2 > .tatsu-top-divider{z-index: 9999;}.tatsu-hlmjdawsna2g22o2 .tatsu-section-overlay{mix-blend-mode: normal;}<\/style><\/div><div  class=\"tatsu-BkyrqVLg2 tatsu-section  tatsu-bg-overlay   tatsu-clearfix\" data-title=\"\"  data-headerscheme=\"background--dark\"><div class='tatsu-section-pad clearfix' data-padding='{\"d\":\"15px 0px 90px 0px\"}' data-padding-top='15px'><div class=\"tatsu-row-wrap  tatsu-wrap tatsu-row-one-col tatsu-row-has-one-cols tatsu-medium-gutter tatsu-reg-cols  tatsu-clearfix tatsu-S1l1SqEUln\" ><div  class=\"tatsu-row \" ><div  class=\"tatsu-column  tatsu-bg-overlay tatsu-one-col tatsu-column-image-none tatsu-column-effect-none  tatsu-H1bkHcVIg3\"  data-parallax-speed=\"0\" style=\"\"><div class=\"tatsu-column-inner \" ><div class=\"tatsu-column-pad-wrap\"><div class=\"tatsu-column-pad\" ><div  class=\"special-heading-wrap style3  tatsu-HJfyH548x3 oshine-module 1   \" ><div class=\"caption-wrap top-caption\"><h6 class=\"caption \">Ionian Coast Car Rental<span class=\"caption-inner\"><\/span><\/h6><\/div><div class=\"special-heading align-center\"><h3 class=\"special-h-tag\">Lej en bil Ioannina<\/h3><\/div><div class=\"caption-wrap bottom-caption\"><h6 class=\"caption special-subtitle\">Sivota I Igoumenitsa I Preveza I Ioannina<span class=\"caption-inner\"><\/span><\/h6><\/div><style>.tatsu-HJfyH548x3 .top-caption h6{color: #757575 ;}.tatsu-HJfyH548x3 .bottom-caption h6{color: #757575 ;font-size: 18px;}.tatsu-HJfyH548x3.special-heading-wrap.style3 .top-caption .caption .caption-inner{background: #efefef;}.tatsu-HJfyH548x3.special-heading-wrap.style3 .bottom-caption .caption .caption-inner{background: #efefef;}<\/style><\/div><p class=\"element-empty-message\"><b>Gallery Notice : <\/b>Images have either not been selected or couldn't be found<\/p><div  class=\"tatsu-module tatsu-text-block-wrap tatsu-rJ4kH5VLl3  \"><div class=\"tatsu-text-inner tatsu-align-center  clearfix\" ><style>.tatsu-rJ4kH5VLl3.tatsu-text-block-wrap .tatsu-text-inner{width: 100%;text-align: left;color: rgba(0,0,0,1) ;}.tatsu-rJ4kH5VLl3 .tatsu-text-inner *{color: rgba(0,0,0,1) ;}<\/style>\n<h3 style=\"text-align: center;\">Biludlejning i lufthavnen i Ioannina<\/h3>\n<p style=\"text-align: center;\"><a href=\"https:\/\/www.flightradar24.com\/data\/airports\/ioa\/arrivals\">Ioanninas lufthavn Ankomster<\/a><\/p>\n<p style=\"text-align: center;\"><a href=\"https:\/\/www.flightradar24.com\/data\/airports\/ioa\/departures\">Lufthavnen i Ioannina Afgange<\/a><\/p>\n<p style=\"text-align: center;\">Leder du efter billig billeje i <strong>Ioannina<\/strong>, Gr\u00e6kenland?<\/p>\n<p style=\"text-align: center;\">Du kan <strong>tjekke<\/strong> listen over alle tilg\u00e6ngelige udlejningsbiler i Ioannina i realtid for at sammenligne priser p\u00e5 biludlejning og finde de laveste priser!?<\/p>\n<p style=\"text-align: center;\">Lav den <strong>perfekte<\/strong> aftale uden skjulte gebyrer.<\/p>\n<p style=\"text-align: center;\">Book <strong>online<\/strong> i dag p\u00e5 vores hjemmeside. Lej en bil og afhent den ved din ankomst til lufthavnen i Ioannina. Begynd din rejse, s\u00e5 snart du forlader <strong>flyet<\/strong>.<\/p>\n<p style=\"text-align: center;\">Bedste <strong>priser<\/strong> og venlig kundeservice!<\/p>\n<p style=\"text-align: center;\">Vi tilbyder overkommelige priser og et bredt udvalg af k\u00f8ret\u00f8jer at v\u00e6lge imellem. Vi garanterer din tilfredshed med enest\u00e5ende service. Book online og reserver den ideelle billeje fra vores <strong>splinternye fl\u00e5de.<\/strong><\/p>\n<p style=\"text-align: center;\"><strong>Mange forsikringsmuligheder - Ubegr\u00e6nset kilometertal - Praktisk levering og afleveringssteder<\/strong><\/p>\n<p style=\"text-align: center;\"><strong>Kontakt<\/strong> os til enhver tid via WhatsApp for alle n\u00f8dvendige oplysninger.<\/p>\n<p style=\"text-align: center;\"><strong>Book nemt din bil med Ionian Coast Car Rental<\/strong><\/p>\n<hr \/>\n<p style=\"text-align: center;\"><strong>Ioannina<\/strong>, hovedstaden i Epirus, udviklede sig omkring den storsl\u00e5ede s\u00f8. Den storsl\u00e5ede s\u00f8 og den lille holm, som g\u00e6sterne kan bes\u00f8ge, udg\u00f8r et naturmonument <span id=\"more-830\"><\/span> i byen. Ruterne inde i byen, de mange sev\u00e6rdigheder og museer, der byder p\u00e5 f\u00f8lelsen af en svunden tid, fuld af hemmeligheder og legender.<\/p>\n<p style=\"text-align: center;\">Det imponerende slot, det imponerende guldsmedmuseum, tilstedev\u00e6relsen af en hule i Perama, voksmuseet med udstillinger i naturlig st\u00f8rrelse, genopdager is\u00e6r den moderne histories former.<\/p>\n<p style=\"text-align: center;\">Ting at lave i Ioannina<\/p>\n<h4 style=\"text-align: center;\"><a href=\"https:\/\/armonia-ewa.com\/2019\/09\/wax-museum-in-ioannina\/\"><strong>Voksfigurmuseet i Pavlos Vrellis<\/strong><\/a><\/h4>\n<p style=\"text-align: center;\">Voksfigurerne af Pavlos Vrellis er placeret der for at repr\u00e6sentere store \u00f8jeblikke fra den store gr\u00e6ske historie og for at minde om nogle af de former, der pr\u00e6gede stedet. I deres ansigter er maskinskrevne kampe af de gr\u00e6ske historikere, men ogs\u00e5 store herligheder, der har oplevet.<\/p>\n<h4 style=\"text-align: center;\"><a href=\"https:\/\/www.discovergreece.com\/experiences\/walking-tour-ioannina-castle\"><strong>Ioannina Slot<\/strong><\/a><\/h4>\n<p style=\"text-align: center;\">Det imponerende slot Ioannina med det murede distrikt og antallet af historiske bygninger er en af de smukkeste dele af byen. Det imponerende slot Ioannina med det murede distrikt og antallet af historiske bygninger er en af de smukkeste dele af byen. Inden for bef\u00e6stningsmuren kan man bes\u00f8ge den imponerende to-etagers skole for Cavalry of Ali Pasha eller p\u00e5 anden m\u00e5de Soufari Sera\u03ca.<\/p>\n<h4 style=\"text-align: center;\"><a href=\"https:\/\/www.visitgreece.gr\/experiences\/nature\/lakes\/lake-pamvotida\/\"><strong>Pamvotida-s\u00f8en<\/strong><\/a><\/h4>\n<p style=\"text-align: center;\">S\u00f8en er kendt for sine l\u00e6kre fisk, \u00e5l, krebs og kaviar, der ledsager gourmeterne. I dag er Ioannina-s\u00f8en en turistattraktion hele \u00e5ret rundt. Turister har mulighed for at bes\u00f8ge kysterne og bes\u00f8ge holmen, der er beliggende i centrum af og pr\u00e6senterer historisk interesse, siden der myrdede byens velkendte herre under den tyrkiske bes\u00e6ttelse af Ali Pasha.<\/p>\n<h4 style=\"text-align: center;\"><strong><a href=\"https:\/\/www.spilaio-perama.gr\/en\/\">Perama-hulen<\/a><\/strong><\/h4>\n<p style=\"text-align: center;\">Ved siden af den idylliske s\u00f8 Ioannina ligger den yderst interessante hule i vores by. For os alle er det det vigtigste naturlige \u00f8kosystem, og vi fors\u00f8ger at overf\u00f8re vores viden og vores k\u00e6rlighed til alle. Bes\u00f8get i receptions- og informationscentret, hvor du har mulighed for at nyde det audiovisuelle materiale og de sj\u00e6ldne pal\u00e6ontologiske fund samt turen i vores hule for at v\u00e6re for dig, en unik oplevelse.<\/p>\n<\/div><\/div><\/div><\/div><div class = \"tatsu-column-bg-image-wrap\"><div class = \"tatsu-column-bg-image tatsu-bg-lazyload\" data-src = \"\"><\/div><\/div><div class=\"tatsu-overlay tatsu-column-overlay tatsu-animate-none\" ><\/div><\/div><style>.tatsu-row > .tatsu-H1bkHcVIg3.tatsu-column{width: 100%;}.tatsu-H1bkHcVIg3.tatsu-column > .tatsu-column-inner > .tatsu-column-overlay{mix-blend-mode: normal;}.tatsu-H1bkHcVIg3 > .tatsu-column-inner > .tatsu-top-divider{z-index: 9999;}.tatsu-H1bkHcVIg3 > .tatsu-column-inner > .tatsu-bottom-divider{z-index: 9999;}.tatsu-H1bkHcVIg3 > .tatsu-column-inner > .tatsu-left-divider{z-index: 9999;}.tatsu-H1bkHcVIg3 > .tatsu-column-inner > .tatsu-right-divider{z-index: 9999;}@media only screen and (max-width:1377px) {.tatsu-row > .tatsu-H1bkHcVIg3.tatsu-column{width: 100%;}}@media only screen and (min-width:768px) and (max-width: 1024px) {.tatsu-row > .tatsu-H1bkHcVIg3.tatsu-column{width: 100%;}}@media only screen and (max-width: 767px) {.tatsu-row > .tatsu-H1bkHcVIg3.tatsu-column{width: 100%;}}<\/style><\/div><\/div><\/div><div class=\"tatsu-row-wrap  tatsu-wrap tatsu-row-one-col tatsu-row-has-one-cols tatsu-medium-gutter tatsu-reg-cols  tatsu-clearfix tatsu-SySkHqE8l3\" ><div  class=\"tatsu-row \" ><div  class=\"tatsu-column  tatsu-bg-overlay tatsu-one-col tatsu-column-image-none tatsu-column-effect-none  tatsu-B1IyScEUln\"  data-parallax-speed=\"0\" style=\"\"><div class=\"tatsu-column-inner \" ><div class=\"tatsu-column-pad-wrap\"><div class=\"tatsu-column-pad\" ><div  class=\"tatsu-module tatsu-text-block-wrap tatsu-ByU0babYa  \"><div class=\"tatsu-text-inner tatsu-align-center  clearfix\" ><style>.tatsu-ByU0babYa.tatsu-text-block-wrap .tatsu-text-inner{width: 100%;text-align: left;}<\/style>\n<hr \/>\n<h3 style=\"text-align: center;\">Lej en bil Ioannina<\/h3>\n<h5 style=\"text-align: center;\"><a href=\"\/?page_id=2607\">Lejebetingelser<\/a><\/h5>\n<hr \/>\n<h5 style=\"text-align: center;\"><\/h5>\n<\/div><\/div><\/div><\/div><div class = \"tatsu-column-bg-image-wrap\"><div class = \"tatsu-column-bg-image tatsu-bg-lazyload\" data-src = \"\"><\/div><\/div><div class=\"tatsu-overlay tatsu-column-overlay tatsu-animate-none\" ><\/div><\/div><style>.tatsu-row > .tatsu-B1IyScEUln.tatsu-column{width: 100%;}.tatsu-B1IyScEUln.tatsu-column > .tatsu-column-inner > .tatsu-column-overlay{mix-blend-mode: normal;}.tatsu-B1IyScEUln > .tatsu-column-inner > .tatsu-top-divider{z-index: 9999;}.tatsu-B1IyScEUln > .tatsu-column-inner > .tatsu-bottom-divider{z-index: 9999;}.tatsu-B1IyScEUln > .tatsu-column-inner > .tatsu-left-divider{z-index: 9999;}.tatsu-B1IyScEUln > .tatsu-column-inner > .tatsu-right-divider{z-index: 9999;}@media only screen and (max-width:1377px) {.tatsu-row > .tatsu-B1IyScEUln.tatsu-column{width: 100%;}}@media only screen and (min-width:768px) and (max-width: 1024px) {.tatsu-row > .tatsu-B1IyScEUln.tatsu-column{width: 100%;}}@media only screen and (max-width: 767px) {.tatsu-row > .tatsu-B1IyScEUln.tatsu-column{width: 100%;}}<\/style><\/div><\/div><\/div><\/div><div class=\"tatsu-section-background-wrap\"><div class = \"tatsu-section-background tatsu-bg-lazyload\" data-src = \"\"><\/div><\/div><div class=\"tatsu-overlay tatsu-section-overlay\"><\/div><style>.tatsu-BkyrqVLg2 .tatsu-section-pad{padding: 15px 0px 90px 0px;}.tatsu-BkyrqVLg2 .tatsu-section-offset-wrap{transform: translateY(-0px);}.tatsu-BkyrqVLg2 > .tatsu-bottom-divider{z-index: 9999;}.tatsu-BkyrqVLg2 > .tatsu-top-divider{z-index: 9999;}.tatsu-BkyrqVLg2 .tatsu-section-overlay{mix-blend-mode: normal;}<\/style><\/div>\n","protected":false},"excerpt":{"rendered":"","protected":false},"author":2,"featured_media":0,"parent":0,"menu_order":4,"comment_status":"closed","ping_status":"closed","template":"","meta":{"footnotes":""},"class_list":["post-4355","page","type-page","status-publish","hentry"],"aioseo_notices":[],"_links":{"self":[{"href":"https:\/\/ioniancoast.com\/da\/wp-json\/wp\/v2\/pages\/4355","targetHints":{"allow":["GET"]}}],"collection":[{"href":"https:\/\/ioniancoast.com\/da\/wp-json\/wp\/v2\/pages"}],"about":[{"href":"https:\/\/ioniancoast.com\/da\/wp-json\/wp\/v2\/types\/page"}],"author":[{"embeddable":true,"href":"https:\/\/ioniancoast.com\/da\/wp-json\/wp\/v2\/users\/2"}],"replies":[{"embeddable":true,"href":"https:\/\/ioniancoast.com\/da\/wp-json\/wp\/v2\/comments?post=4355"}],"version-history":[{"count":0,"href":"https:\/\/ioniancoast.com\/da\/wp-json\/wp\/v2\/pages\/4355\/revisions"}],"wp:attachment":[{"href":"https:\/\/ioniancoast.com\/da\/wp-json\/wp\/v2\/media?parent=4355"}],"curies":[{"name":"wp","href":"https:\/\/api.w.org\/{rel}","templated":true}]}}