{"id":4752,"date":"2022-09-30T13:44:58","date_gmt":"2022-09-30T11:44:58","guid":{"rendered":"https:\/\/ioniancoast.com\/lejebetingelser\/"},"modified":"2025-01-26T00:01:17","modified_gmt":"2025-01-25T22:01:17","slug":"lej-en-bil-sivota-igoumenits-preveza-ioannina-lejebetingelser","status":"publish","type":"page","link":"https:\/\/ioniancoast.com\/da\/lej-en-bil-sivota-igoumenits-preveza-ioannina-lejebetingelser\/","title":{"rendered":"Lejebetingelser"},"content":{"rendered":"<div  class=\"tatsu-rJ-9Ig4lc6 tatsu-section  tatsu-bg-overlay   tatsu-clearfix\" data-title=\"\"  data-headerscheme=\"background--dark\"><div class='tatsu-section-pad clearfix' data-padding='{\"d\":\"15px 0px 15px 0px\"}' data-padding-top='15px'><div class=\"tatsu-row-wrap  tatsu-wrap tatsu-row-one-col tatsu-row-has-one-cols tatsu-medium-gutter tatsu-reg-cols  tatsu-clearfix tatsu-rJg5LgEgcT\" ><div  class=\"tatsu-row \" ><div  class=\"tatsu-column  tatsu-bg-overlay tatsu-one-col tatsu-column-image-none tatsu-column-effect-none  tatsu-rJ9Lx4l9T\"  data-parallax-speed=\"0\" style=\"\"><div class=\"tatsu-column-inner \" ><div class=\"tatsu-column-pad-wrap\"><div class=\"tatsu-column-pad\" ><div  class=\"tatsu-module tatsu-text-block-wrap tatsu-B1VDx4xq6  \"><div class=\"tatsu-text-inner tatsu-align-center  clearfix\" ><style>.tatsu-B1VDx4xq6.tatsu-text-block-wrap .tatsu-text-inner{width: 100%;text-align: left;}<\/style>\n<h5 style=\"text-align: center;\">Lej en bil Sivota I Lej en bil Igoumenitsa I Lej en bil Preveza I Lej en bil Ioannina<\/h5>\n<\/div><\/div><\/div><\/div><div class = \"tatsu-column-bg-image-wrap\"><div class = \"tatsu-column-bg-image tatsu-bg-lazyload\" data-src = \"\"><\/div><\/div><div class=\"tatsu-overlay tatsu-column-overlay tatsu-animate-none\" ><\/div><\/div><style>.tatsu-row > .tatsu-rJ9Lx4l9T.tatsu-column{width: 100%;}.tatsu-rJ9Lx4l9T.tatsu-column > .tatsu-column-inner > .tatsu-column-overlay{mix-blend-mode: normal;}.tatsu-rJ9Lx4l9T > .tatsu-column-inner > .tatsu-top-divider{z-index: 9999;}.tatsu-rJ9Lx4l9T > .tatsu-column-inner > .tatsu-bottom-divider{z-index: 9999;}.tatsu-rJ9Lx4l9T > .tatsu-column-inner > .tatsu-left-divider{z-index: 9999;}.tatsu-rJ9Lx4l9T > .tatsu-column-inner > .tatsu-right-divider{z-index: 9999;}@media only screen and (max-width:1377px) {.tatsu-row > .tatsu-rJ9Lx4l9T.tatsu-column{width: 100%;}}@media only screen and (min-width:768px) and (max-width: 1024px) {.tatsu-row > .tatsu-rJ9Lx4l9T.tatsu-column{width: 100%;}}@media only screen and (max-width: 767px) {.tatsu-row > .tatsu-rJ9Lx4l9T.tatsu-column{width: 100%;}}<\/style><\/div><\/div><\/div><\/div><div class=\"tatsu-section-background-wrap\"><div class = \"tatsu-section-background tatsu-bg-lazyload\" data-src = \"\"><\/div><\/div><div class=\"tatsu-overlay tatsu-section-overlay\"><\/div><style>.tatsu-rJ-9Ig4lc6 .tatsu-section-pad{padding: 15px 0px 15px 0px;}.tatsu-rJ-9Ig4lc6 .tatsu-section-offset-wrap{transform: translateY(-0px);}.tatsu-rJ-9Ig4lc6 > .tatsu-bottom-divider{z-index: 9999;}.tatsu-rJ-9Ig4lc6 > .tatsu-top-divider{z-index: 9999;}.tatsu-rJ-9Ig4lc6 .tatsu-section-overlay{mix-blend-mode: normal;}<\/style><\/div><div  class=\"tatsu-BybG_fONfs tatsu-section  tatsu-bg-overlay   tatsu-clearfix\" data-title=\"\"  data-headerscheme=\"background--dark\"><div class='tatsu-section-pad clearfix' data-padding='{\"d\":\"0px 0px 90px 0px\"}' data-padding-top='0px'><div class=\"tatsu-row-wrap  tatsu-wrap tatsu-row-one-col tatsu-row-has-one-cols tatsu-medium-gutter tatsu-reg-cols  tatsu-clearfix tatsu-S1gGufuNzi\" ><div  class=\"tatsu-row \" ><div  class=\"tatsu-column  tatsu-bg-overlay tatsu-one-col tatsu-column-image-none tatsu-column-effect-none  tatsu-Byf_MuVMi\"  data-parallax-speed=\"0\" style=\"\"><div class=\"tatsu-column-inner \" ><div class=\"tatsu-column-pad-wrap\"><div class=\"tatsu-column-pad\" ><div  class=\"tatsu-module tatsu-text-block-wrap tatsu-Sk0OMdEMj  \"><div class=\"tatsu-text-inner tatsu-align-center  clearfix\" ><style>.tatsu-Sk0OMdEMj.tatsu-text-block-wrap .tatsu-text-inner{width: 100%;text-align: left;}<\/style>\n<div class=\"tatsu-section-pad clearfix\" data-padding=\"{\" data-padding-top=\"90px\">\n<div class=\"tatsu-row-wrap tatsu-wrap tatsu-row-one-col tatsu-row-has-one-cols tatsu-medium-gutter tatsu-reg-cols tatsu-clearfix tatsu-SJxp3yQzQ4\">\n<div class=\"tatsu-row \">\n<div class=\"tatsu-column tatsu-column-no-bg tatsu-one-col tatsu-column-image-none tatsu-column-effect-none tatsu-HJ6nJ7zQN\" data-parallax-speed=\"0\">\n<div class=\"tatsu-column-inner \">\n<div class=\"tatsu-column-pad-wrap\">\n<div class=\"tatsu-column-pad\">\n<div class=\"tatsu-module tatsu-text-block-wrap tatsu-HkX6kXf7E \">\n<div class=\"tatsu-text-inner tatsu-align-center clearfix\">\n<p style=\"text-align: center;\"><b>1)<\/b> Chauff\u00f8rer skal v\u00e6re mindst <b>23 \u00e5r med<\/b> <b>h\u00f8jst 75 \u00e5r og<\/b> skal have et <b>k\u00f8rekort gyldigt i mindst et \u00e5r.<\/b> K\u00e6ledyr <b>er ikke<\/b> tilladt. Hvis Ionian Coast Travel bem\u00e6rker tilstedev\u00e6relsen af et k\u00e6ledyr, vil lejeren blive opkr\u00e6vet 80,00 euro, prisen for bilens biologiske reng\u00f8ring.<\/p>\n<p style=\"text-align: center;\"><b>2)<\/b> Minimum <b>lejeperiode<\/b> er 1 dag (24 timer). Efter udl\u00f8bet af 25 timer vil lejeren blive opkr\u00e6vet for endnu en dag og skal kompensere Ionian Coast Travel for omkostningerne ved den n\u00e6ste reservation, der blev annulleret med hans ansvar.<\/p>\n<p style=\"text-align: center;\"><b>3)<\/b> Ved modtagelse af k\u00f8ret\u00f8jet vil lejeren f\u00e5 udleveret <b>lejekontrakten<\/b>, som han skal <b>tjekke<\/b>, l\u00e6se <b>vilk\u00e5rene<\/b> og underskrive. Han skal ogs\u00e5 kontrollere k\u00f8ret\u00f8jet og indberette eventuelle eksisterende skader, der er <b>markeret<\/b> p\u00e5 kontrakten.<\/p>\n<p style=\"text-align: center;\"><b>4)<\/b> For at <b>gennemf\u00f8re<\/b> reservationen betales det samlede bel\u00f8b for reservationen. Inkluderer 24% moms og alle lovlige <b>afgifter<\/b>. I tilf\u00e6lde af annullering af en reservation inden for en periode p\u00e5 mindre end 10 dage fra den planlagte dato, vil lejeren blive <b>refunderet<\/b> det betalte bel\u00f8b minus 30% af dette bel\u00f8b. Ved aflysninger over en l\u00e6ngere periode refunderes hele bel\u00f8bet.<\/p>\n<p style=\"text-align: center;\"><b>5)<\/b>K\u00f8ret\u00f8jerne skal returneres med <strong>fuld tank<\/strong>, som ved begyndelsen af lejeaftalen.<\/p>\n<p style=\"text-align: center;\"><b>6)<\/b>Levering og afhentning p\u00e5 havnen i Igoumenitsa samt p\u00e5 lufthavnene i Ioannina og Preveza kan ske mod et ekstra gebyr (kun biler). Lejen inkluderer ubegr\u00e6nset kilometerk\u00f8rsel samt 24 timers vejhj\u00e6lp (<strong>11555<\/strong>) over hele Gr\u00e6kenland (undtagen knallerter). Ekstra chauff\u00f8rer, som er underlagt de samme restriktioner, samt barnes\u00e6der kan lejes mod ekstra gebyr og efter aftale. Gratis hjelm tilbydes lejere (i tilf\u00e6lde af en motorcykel).<\/p>\n<p style=\"text-align: center;\"><b>7)<\/b> <strong>TRANSPORT AF K\u00d8RET\u00d8JER UDENFOR GR\u00c6SK GR\u00c6NSE<\/strong> er <strong>IKKE<\/strong> muligt.<\/p>\n<p style=\"text-align: center;\"><b>8)<\/b><strong>B\u00f8der<\/strong> og administrative straffe p\u00e5lagt under lejeaftalen skal betales af lejeren. Hvis nummerplader fjernes i lejeperioden, vil lejeren blive opkr\u00e6vet for lejeaftalen, indtil pladerne er modtaget af den kompetente myndighed.<\/p>\n<p style=\"text-align: center;\"><b>9)<\/b> <strong>Ved Ulykke eller Andre Begivenheder:<\/strong> Ved ulykke eller andre h\u00e6ndelser (brand\/tyveri) skal lejeren ringe til politiet p\u00e5 \u2018100\u2019. Lejeren skal notere navne og adresser p\u00e5 vidner og dem, der deltog i h\u00e6ndelsen. Lejeren skal underrette Ionian Coast Travel. I tilf\u00e6lde af en k\u00f8ret\u00f8jsfejl vil Ionian Coast Travel refundere lejeren for den resterende lejeperiode, hvor k\u00f8ret\u00f8jet ikke kan bruges, og har ingen yderligere forpligtelser for yderligere kompensation.<\/p>\n<p style=\"text-align: center;\"><b>10) <\/b>Alle lejeaftaler inkluderer simpel ansvarsforsikring, som d\u00e6kker f\u00f8lgende:<\/p>\n<ul>\n<li>Skader p\u00e5 tredjepartens krop.<\/li>\n<li>Materiel skade p\u00e5 tredjepart.<\/li>\n<li>D\u00e6kning af f\u00f8reren.<\/li>\n<li>Bilbrand (kun biler).<\/li>\n<li>Total og delvis tyveri (kun biler).<\/li>\n<li>Brud p\u00e5 ruder (kun biler).<\/li>\n<\/ul>\n<p>Lejeren er ansvarlig for skader p\u00e5 det lejede k\u00f8ret\u00f8j op til dets handelsv\u00e6rdi p\u00e5 tidspunktet for ulykken. Lejeren skal straks betale eller blive opkr\u00e6vet via sit kreditkort, som autoriseret i lejeaftalen, for omkostningerne ved reparation eller udskiftning af k\u00f8ret\u00f8jet, som direkte beregnes af Ionian Coast Travel eller autoriserede tredjeparter.<\/p>\n<p><strong>Ekstra Forsikringsmulighed:<\/strong> Ionian Coast Travel tilbyder en ekstra forsikringsmulighed mod et ekstra dagligt gebyr, som fjerner lejerens ansvar for skader for\u00e5rsaget af deres egen skyld.<\/p>\n<p style=\"text-align: center;\"><b>11)<\/b> Ionian Coast Travel <strong>FORBEHOLDER SIG RETTEN<\/strong> til at oph\u00e6ve kontrakten og fjerne k\u00f8ret\u00f8jet fra lejeren eller enhver, der besidder det p\u00e5 deres vegne, uden forudg\u00e5ende varsel, hvis k\u00f8ret\u00f8jet ikke bruges korrekt eller der ikke overholdes aftalens betingelser.<\/p>\n<p style=\"text-align: center;\"><b>12)<\/b>Ionian Coast Travel har ret til at <strong>\u00e6ndre<\/strong> vilk\u00e5rene og priserne uden forudg\u00e5ende varsel.<\/p>\n<\/div>\n<\/div>\n<\/div>\n<\/div>\n<div class=\"tatsu-column-bg-image-wrap\" style=\"text-align: center;\">\n<div class=\"tatsu-column-bg-image\"><\/div>\n<\/div>\n<\/div>\n<\/div>\n<\/div>\n<\/div>\n<\/div>\n<div class=\"tatsu-section-background-wrap\">\n<div class=\"tatsu-section-background\" style=\"text-align: center;\"><\/div>\n<\/div>\n<\/div><\/div><\/div><\/div><div class = \"tatsu-column-bg-image-wrap\"><div class = \"tatsu-column-bg-image tatsu-bg-lazyload\" data-src = \"\"><\/div><\/div><div class=\"tatsu-overlay tatsu-column-overlay tatsu-animate-none\" ><\/div><\/div><style>.tatsu-row > .tatsu-Byf_MuVMi.tatsu-column{width: 100%;}.tatsu-Byf_MuVMi.tatsu-column > .tatsu-column-inner > .tatsu-column-overlay{mix-blend-mode: normal;}.tatsu-Byf_MuVMi > .tatsu-column-inner > .tatsu-top-divider{z-index: 9999;}.tatsu-Byf_MuVMi > .tatsu-column-inner > .tatsu-bottom-divider{z-index: 9999;}.tatsu-Byf_MuVMi > .tatsu-column-inner > .tatsu-left-divider{z-index: 9999;}.tatsu-Byf_MuVMi > .tatsu-column-inner > .tatsu-right-divider{z-index: 9999;}@media only screen and (max-width:1377px) {.tatsu-row > .tatsu-Byf_MuVMi.tatsu-column{width: 100%;}}@media only screen and (min-width:768px) and (max-width: 1024px) {.tatsu-row > .tatsu-Byf_MuVMi.tatsu-column{width: 100%;}}@media only screen and (max-width: 767px) {.tatsu-row > .tatsu-Byf_MuVMi.tatsu-column{width: 100%;}}<\/style><\/div><\/div><\/div><div class=\"tatsu-row-wrap  tatsu-wrap tatsu-row-one-col tatsu-row-has-one-cols tatsu-medium-gutter tatsu-reg-cols  tatsu-clearfix tatsu-BkgGP_Vwg3\" ><div  class=\"tatsu-row \" ><div  class=\"tatsu-column  tatsu-bg-overlay tatsu-one-col tatsu-column-image-none tatsu-column-effect-none  tatsu-r1zD_Eve3\"  data-parallax-speed=\"0\" style=\"\"><div class=\"tatsu-column-inner \" ><div class=\"tatsu-column-pad-wrap\"><div class=\"tatsu-column-pad\" ><div  class=\"tatsu-module tatsu-text-block-wrap tatsu-ByIFKrDe2  \"><div class=\"tatsu-text-inner tatsu-align-center  clearfix\" ><style>.tatsu-ByIFKrDe2.tatsu-text-block-wrap .tatsu-text-inner{width: 100%;text-align: left;}<\/style>\n<h4 style=\"text-align: center;\"><a href=\"\/?page_id=3788\">Book Nu<\/a><\/h4>\n<h5 style=\"text-align: center;\"><a href=\"https:\/\/www.google.com\/search?q=Ionian+Coast+Car+Rental+Sivota&amp;stick=H4sIAAAAAAAA_-NgU1I1qDA0Nk22MLRIMzEzTTMxTzW2MqgwSzQzszQ1Nks0MDNKMkxOW8Qq55mfl5mYp-Ccn1hcouCcWKQQlJpXkpijEJxZll-SCAAMYjqpSgAAAA&amp;hl=el&amp;mat=CW0U9uEp9QmUElcB7PxHsQtGsMhVY930fm7ynye_ouYql8e13yiGHRG6d0HYHm3pWwRWXDOL2NM2dbAOwaUy3s9WMBgCAUhFO2_t-Ejp4I_DOTvi66c7ZgUwiIxhBXysKtU&amp;authuser=0#ip=1\">Lej en bil Igoumenitsa<\/a> I <a href=\"https:\/\/www.google.com\/search?q=Ionian+Coast+Car+Rental+Sivota&amp;stick=H4sIAAAAAAAA_-NgU1I1qDA0Nk22MLRIMzEzTTMxTzW2MqgwSzQzszQ1Nks0MDNKMkxOW8Qq55mfl5mYp-Ccn1hcouCcWKQQlJpXkpijEJxZll-SCAAMYjqpSgAAAA&amp;hl=el&amp;mat=CW0U9uEp9QmUElcB7PxHsQtGsMhVY930fm7ynye_ouYql8e13yiGHRG6d0HYHm3pWwRWXDOL2NM2dbAOwaUy3s9WMBgCAUhFO2_t-Ejp4I_DOTvi66c7ZgUwiIxhBXysKtU&amp;authuser=0#ip=1\">Lej en bil Sivota<\/a> I <a href=\"https:\/\/www.google.com\/search?q=Ionian+Coast+Car+Rental+Preveza+airport&amp;stick=H4sIAAAAAAAA_-NgU1I1qDBKS0qxTE00Nks0tzQyMk6xMqgwNTNLNDAwNUhJNLBITrQwX8Sq7pmfl5mYp-Ccn1hcouCcWKQQlJpXkpijEFCUWpZalaiQmFlUkF9UAgDTTVa9UwAAAA&amp;hl=el&amp;mat=CcdCQd6rl8fQElcB7PxHsSHDoeqizBxtHzzX5CEDYPY04lEUB9X4IScGOvgN2IRmUZexculUfyw4Qo8VMnZvLB-b5ZwfN2YY-ENX_Z-GY0-0gfg6dh490r1BbcLAQTEdBXc&amp;authuser=0\">Lej en bil Preveza <\/a>I <a href=\"https:\/\/www.google.com\/search?q=Ionian+Coast+Car+Rental+Sivota&amp;stick=H4sIAAAAAAAA_-NgU1I1qDA0Nk22MLRIMzEzTTMxTzW2MqgwSzQzszQ1Nks0MDNKMkxOW8Qq55mfl5mYp-Ccn1hcouCcWKQQlJpXkpijEJxZll-SCAAMYjqpSgAAAA&amp;hl=el&amp;mat=CW0U9uEp9QmUElcB7PxHsQtGsMhVY930fm7ynye_ouYql8e13yiGHRG6d0HYHm3pWwRWXDOL2NM2dbAOwaUy3s9WMBgCAUhFO2_t-Ejp4I_DOTvi66c7ZgUwiIxhBXysKtU&amp;authuser=0#ip=1\">Lej en bil Ioannina<\/a><\/h5>\n<\/div><\/div><\/div><\/div><div class = \"tatsu-column-bg-image-wrap\"><div class = \"tatsu-column-bg-image tatsu-bg-lazyload\" data-src = \"\"><\/div><\/div><div class=\"tatsu-overlay tatsu-column-overlay tatsu-animate-none\" ><\/div><\/div><style>.tatsu-row > .tatsu-r1zD_Eve3.tatsu-column{width: 100%;}.tatsu-r1zD_Eve3.tatsu-column > .tatsu-column-inner > .tatsu-column-overlay{mix-blend-mode: normal;}.tatsu-r1zD_Eve3 > .tatsu-column-inner > .tatsu-top-divider{z-index: 9999;}.tatsu-r1zD_Eve3 > .tatsu-column-inner > .tatsu-bottom-divider{z-index: 9999;}.tatsu-r1zD_Eve3 > .tatsu-column-inner > .tatsu-left-divider{z-index: 9999;}.tatsu-r1zD_Eve3 > .tatsu-column-inner > .tatsu-right-divider{z-index: 9999;}@media only screen and (max-width:1377px) {.tatsu-row > .tatsu-r1zD_Eve3.tatsu-column{width: 100%;}}@media only screen and (min-width:768px) and (max-width: 1024px) {.tatsu-row > .tatsu-r1zD_Eve3.tatsu-column{width: 100%;}}@media only screen and (max-width: 767px) {.tatsu-row > .tatsu-r1zD_Eve3.tatsu-column{width: 100%;}}<\/style><\/div><\/div><\/div><\/div><div class=\"tatsu-section-background-wrap\"><div class = \"tatsu-section-background tatsu-bg-lazyload\" data-src = \"\"><\/div><\/div><div class=\"tatsu-overlay tatsu-section-overlay\"><\/div><style>.tatsu-BybG_fONfs .tatsu-section-pad{padding: 0px 0px 90px 0px;}.tatsu-BybG_fONfs .tatsu-section-offset-wrap{transform: translateY(-0px);}.tatsu-BybG_fONfs > .tatsu-bottom-divider{z-index: 9999;}.tatsu-BybG_fONfs > .tatsu-top-divider{z-index: 9999;}.tatsu-BybG_fONfs .tatsu-section-overlay{mix-blend-mode: normal;}<\/style><\/div>\n","protected":false},"excerpt":{"rendered":"","protected":false},"author":1,"featured_media":0,"parent":0,"menu_order":27,"comment_status":"closed","ping_status":"closed","template":"","meta":{"footnotes":""},"class_list":["post-4752","page","type-page","status-publish","hentry"],"aioseo_notices":[],"_links":{"self":[{"href":"https:\/\/ioniancoast.com\/da\/wp-json\/wp\/v2\/pages\/4752","targetHints":{"allow":["GET"]}}],"collection":[{"href":"https:\/\/ioniancoast.com\/da\/wp-json\/wp\/v2\/pages"}],"about":[{"href":"https:\/\/ioniancoast.com\/da\/wp-json\/wp\/v2\/types\/page"}],"author":[{"embeddable":true,"href":"https:\/\/ioniancoast.com\/da\/wp-json\/wp\/v2\/users\/1"}],"replies":[{"embeddable":true,"href":"https:\/\/ioniancoast.com\/da\/wp-json\/wp\/v2\/comments?post=4752"}],"version-history":[{"count":0,"href":"https:\/\/ioniancoast.com\/da\/wp-json\/wp\/v2\/pages\/4752\/revisions"}],"wp:attachment":[{"href":"https:\/\/ioniancoast.com\/da\/wp-json\/wp\/v2\/media?parent=4752"}],"curies":[{"name":"wp","href":"https:\/\/api.w.org\/{rel}","templated":true}]}}