{"id":5020,"date":"2022-10-01T05:36:03","date_gmt":"2022-10-01T03:36:03","guid":{"rendered":"https:\/\/ioniancoast.com\/cookie-policy\/"},"modified":"2025-01-26T00:04:10","modified_gmt":"2025-01-25T22:04:10","slug":"lej-en-bil-sivota-cookie-policy","status":"publish","type":"page","link":"https:\/\/ioniancoast.com\/da\/lej-en-bil-sivota-cookie-policy\/","title":{"rendered":"Cookie Policy"},"content":{"rendered":"<h3 style=\"text-align: center;\"><strong>Lej en bil Sivota<\/strong><\/h3>\n<p style=\"text-align: center;\">Cookie Policy<br \/>\nDenne side bruger cookies \u2013 sm\u00e5 tekstfiler, der placeres p\u00e5 din enhed for at hj\u00e6lpe med at give en bedre brugeroplevelse. Generelt bruges cookies til at gemme brugerpr\u00e6ferencer, opbevare information til f.eks. indk\u00f8bskurve og give anonymiserede sporingsdata til tredjepartsapplikationer som Google Analytics. Som regel vil cookies g\u00f8re din browseroplevelse bedre. Du kan dog v\u00e6lge at deaktivere cookies p\u00e5 denne side og p\u00e5 andre. Den mest effektive m\u00e5de at g\u00f8re dette p\u00e5 er at deaktivere cookies i din browser. Vi anbefaler at konsultere hj\u00e6lpeafsnittet i din browser eller kigge p\u00e5 hjemmesiden <strong>About Cookies<\/strong>, som tilbyder vejledning til alle moderne browsere.<br \/>\n<a href=\"http:\/\/ioniancoast.com\/dk\">Ionian Coast Car Rental<\/a><\/p>\n<p style=\"text-align: center;\"><a href=\"https:\/\/en.wikipedia.org\/wiki\/Syvota\">Sivota<\/a> I Igoumenitsa I Preveza I Ioannina<\/p>\n","protected":false},"excerpt":{"rendered":"<p>Lej en bil Sivota Cookie Policy Denne side bruger cookies \u2013 sm\u00e5 tekstfiler, der placeres p\u00e5 din enhed for at hj\u00e6lpe med at give en bedre brugeroplevelse. Generelt bruges cookies til at gemme brugerpr\u00e6ferencer, opbevare information til f.eks. indk\u00f8bskurve og give anonymiserede sporingsdata til tredjepartsapplikationer som Google Analytics. Som regel vil cookies g\u00f8re din browseroplevelse &hellip; <\/p>\n<p class=\"link-more\"><a href=\"https:\/\/ioniancoast.com\/da\/lej-en-bil-sivota-cookie-policy\/\" class=\"more-link\"><span class=\"screen-reader-text\"> prova \"Cookie Policy\"<\/span><\/a><\/p>\n","protected":false},"author":1,"featured_media":0,"parent":0,"menu_order":26,"comment_status":"closed","ping_status":"closed","template":"","meta":{"footnotes":""},"class_list":["post-5020","page","type-page","status-publish","hentry"],"aioseo_notices":[],"_links":{"self":[{"href":"https:\/\/ioniancoast.com\/da\/wp-json\/wp\/v2\/pages\/5020","targetHints":{"allow":["GET"]}}],"collection":[{"href":"https:\/\/ioniancoast.com\/da\/wp-json\/wp\/v2\/pages"}],"about":[{"href":"https:\/\/ioniancoast.com\/da\/wp-json\/wp\/v2\/types\/page"}],"author":[{"embeddable":true,"href":"https:\/\/ioniancoast.com\/da\/wp-json\/wp\/v2\/users\/1"}],"replies":[{"embeddable":true,"href":"https:\/\/ioniancoast.com\/da\/wp-json\/wp\/v2\/comments?post=5020"}],"version-history":[{"count":0,"href":"https:\/\/ioniancoast.com\/da\/wp-json\/wp\/v2\/pages\/5020\/revisions"}],"wp:attachment":[{"href":"https:\/\/ioniancoast.com\/da\/wp-json\/wp\/v2\/media?parent=5020"}],"curies":[{"name":"wp","href":"https:\/\/api.w.org\/{rel}","templated":true}]}}