{"id":6459,"date":"2025-01-16T23:47:35","date_gmt":"2025-01-16T21:47:35","guid":{"rendered":"https:\/\/ioniancoast.com\/rent-a-car-sivota-rent-a-scooter-sivota\/"},"modified":"2025-01-24T18:20:25","modified_gmt":"2025-01-24T16:20:25","slug":"lej-en-bil-sivota-lej-en-scooter-sivota","status":"publish","type":"page","link":"https:\/\/ioniancoast.com\/da\/lej-en-bil-sivota-lej-en-scooter-sivota\/","title":{"rendered":"Bes\u00f8g Sivota"},"content":{"rendered":"<div  class=\"tatsu-hxnagcgwj0gew2sv tatsu-section  tatsu-bg-overlay   tatsu-clearfix\" data-title=\"\"  data-headerscheme=\"background--dark\"><div class='tatsu-section-pad clearfix' data-padding='{\"d\":\"10px 0px 90px 0px\"}' data-padding-top='10px'><div class=\"tatsu-row-wrap  tatsu-wrap tatsu-row-one-col tatsu-row-has-one-cols tatsu-medium-gutter tatsu-reg-cols  tatsu-clearfix tatsu-HkgfZSewvJx\" ><div  class=\"tatsu-row \" ><div  class=\"tatsu-column  tatsu-bg-overlay tatsu-one-col tatsu-column-image-none tatsu-column-effect-none  tatsu-rkM-HlvPkl\"  data-parallax-speed=\"0\" style=\"\"><div class=\"tatsu-column-inner \" ><div class=\"tatsu-column-pad-wrap\"><div class=\"tatsu-column-pad\" ><div  class=\"tatsu-module tatsu-text-block-wrap tatsu-ryoWHxDDJe  \"><div class=\"tatsu-text-inner tatsu-align-center  clearfix\" ><style>.tatsu-ryoWHxDDJe.tatsu-text-block-wrap .tatsu-text-inner{width: 100%;text-align: left;}<\/style>\n<h3 style=\"text-align: center;\">Lej en bil Sivota og lej en scooter Sivota - Udforsk den smukke Sivota, Igoumenitsa, Gr\u00e6kenland<\/h3>\n<\/div><\/div><\/div><\/div><div class = \"tatsu-column-bg-image-wrap\"><div class = \"tatsu-column-bg-image tatsu-bg-lazyload\" data-src = \"\"><\/div><\/div><div class=\"tatsu-overlay tatsu-column-overlay tatsu-animate-none\" ><\/div><\/div><style>.tatsu-row > .tatsu-rkM-HlvPkl.tatsu-column{width: 100%;}.tatsu-rkM-HlvPkl.tatsu-column > .tatsu-column-inner > .tatsu-column-overlay{mix-blend-mode: normal;}.tatsu-rkM-HlvPkl > .tatsu-column-inner > .tatsu-top-divider{z-index: 9999;}.tatsu-rkM-HlvPkl > .tatsu-column-inner > .tatsu-bottom-divider{z-index: 9999;}.tatsu-rkM-HlvPkl > .tatsu-column-inner > .tatsu-left-divider{z-index: 9999;}.tatsu-rkM-HlvPkl > .tatsu-column-inner > .tatsu-right-divider{z-index: 9999;}@media only screen and (max-width:1377px) {.tatsu-row > .tatsu-rkM-HlvPkl.tatsu-column{width: 100%;}}@media only screen and (min-width:768px) and (max-width: 1024px) {.tatsu-row > .tatsu-rkM-HlvPkl.tatsu-column{width: 100%;}}@media only screen and (max-width: 767px) {.tatsu-row > .tatsu-rkM-HlvPkl.tatsu-column{width: 100%;}}<\/style><\/div><\/div><\/div><div class=\"tatsu-row-wrap  tatsu-wrap tatsu-row-one-col tatsu-row-has-one-cols tatsu-medium-gutter tatsu-reg-cols  tatsu-clearfix tatsu-Hyxr7HgDwke\" ><div  class=\"tatsu-row \" ><div  class=\"tatsu-column  tatsu-bg-overlay tatsu-one-col tatsu-column-image-none tatsu-column-effect-none  tatsu-rJB7BlPPJx\"  data-parallax-speed=\"0\" style=\"\"><div class=\"tatsu-column-inner \" ><div class=\"tatsu-column-pad-wrap\"><div class=\"tatsu-column-pad\" ><div  class=\"tatsu-single-image tatsu-module align-center tatsu-image-lazyload tatsu-SyXBBxDP1x  \" ><div class=\"tatsu-single-image-inner \" style=\"width : 1200px;\" ><div class = \"tatsu-single-image-padding-wrap\" style = \"padding-bottom : 66.666666666667%;\" ><\/div><img class = \"tatsu-gradient-border\" alt = \"Rent a Car Sivota Igoumenitsa Preveza Ioannina\" title = \"Ionian Coast Car Rental Sivota\" data-src = \"https:\/\/ioniancoast.com\/wp-content\/uploads\/2019\/03\/ionian-coast-rentals-car-bike-excursions-parga-village-sivota.jpg\" src =\"data:image\/png;base64,iVBORw0KGgoAAAANSUhEUgAAAAEAAAABCAQAAAC1HAwCAAAAC0lEQVR42mNkYAAAAAYAAjCB0C8AAAAASUVORK5CYII=\"  \/><\/div><style>.tatsu-SyXBBxDP1x .tatsu-single-image-inner{border-style: solid;max-width: 51%;}.tatsu-SyXBBxDP1x.tatsu-single-image{transform: translate3d(0px,0px, 0);}<\/style><\/div><\/div><\/div><div class = \"tatsu-column-bg-image-wrap\"><div class = \"tatsu-column-bg-image tatsu-bg-lazyload\" data-src = \"\"><\/div><\/div><div class=\"tatsu-overlay tatsu-column-overlay tatsu-animate-none\" ><\/div><\/div><style>.tatsu-row > .tatsu-rJB7BlPPJx.tatsu-column{width: 100%;}.tatsu-rJB7BlPPJx.tatsu-column > .tatsu-column-inner > .tatsu-column-overlay{mix-blend-mode: normal;}.tatsu-rJB7BlPPJx > .tatsu-column-inner > .tatsu-top-divider{z-index: 9999;}.tatsu-rJB7BlPPJx > .tatsu-column-inner > .tatsu-bottom-divider{z-index: 9999;}.tatsu-rJB7BlPPJx > .tatsu-column-inner > .tatsu-left-divider{z-index: 9999;}.tatsu-rJB7BlPPJx > .tatsu-column-inner > .tatsu-right-divider{z-index: 9999;}@media only screen and (max-width:1377px) {.tatsu-row > .tatsu-rJB7BlPPJx.tatsu-column{width: 100%;}}@media only screen and (min-width:768px) and (max-width: 1024px) {.tatsu-row > .tatsu-rJB7BlPPJx.tatsu-column{width: 100%;}}@media only screen and (max-width: 767px) {.tatsu-row > .tatsu-rJB7BlPPJx.tatsu-column{width: 100%;}}<\/style><\/div><\/div><\/div><div class=\"tatsu-row-wrap  tatsu-wrap tatsu-row-one-col tatsu-row-has-one-cols tatsu-medium-gutter tatsu-reg-cols  tatsu-clearfix tatsu-hxnagcgwl91nhmpj\" ><div  class=\"tatsu-row \" ><div  class=\"tatsu-column  tatsu-bg-overlay tatsu-one-col tatsu-column-image-none tatsu-column-effect-none  tatsu-hxnagcgwna917c9t\"  data-parallax-speed=\"0\" style=\"\"><div class=\"tatsu-column-inner \" ><div class=\"tatsu-column-pad-wrap\"><div class=\"tatsu-column-pad\" ><div  class=\"tatsu-module tatsu-text-block-wrap tatsu-hxnagcgwp514ncry  \"><div class=\"tatsu-text-inner tatsu-align-center  clearfix\" ><style>.tatsu-hxnagcgwp514ncry.tatsu-text-block-wrap .tatsu-text-inner{width: 100%;text-align: left;}<\/style>\n<p style=\"text-align: center;\"><strong>Velkommen til <a href=\"https:\/\/en.wikipedia.org\/wiki\/Syvota\">Sivota<\/a>!<\/strong><\/p>\n<p>Sivota er en charmerende kystlandsby beliggende i den maleriske region Epirus, beliggende i den nordvestlige del af Gr\u00e6kenland. Ber\u00f8mt for sin betagende naturlige sk\u00f8nhed, krystalklare vand og rige historie, er Sivota en skjult perle, der venter p\u00e5 at blive opdaget. Uanset om du planl\u00e6gger en afslappende strandferie, en eventyrlig udforskning af de omkringliggende bjerge eller en kulturrejse, byder Sivota p\u00e5 en bred vifte af oplevelser.<\/p>\n<p>Med sine fantastiske strande og natursk\u00f8nne landskaber udforskes Sivota bedst i dit eget tempo - <strong>lej en bil Sivota<\/strong> og afsl\u00f8r de skjulte skatte i denne maleriske landsby.<\/p>\n<p>Landsbyens ideelle beliggenhed p\u00e5 den Ioniske kyst giver dig mulighed for at opleve b\u00e5de ro og pulserende lokalt liv, hvilket g\u00f8r den til den perfekte destination for dem, der s\u00f8ger fred eller eventyr. <strong>Lej en bil Sivota<\/strong> og udforsk omr\u00e5det i dit eget tempo, og opdag alt, hvad denne smukke region har at byde p\u00e5.<\/p>\n<p>Fra de charmerende kystveje til bakkerne med udsigt over Det Ioniske Hav, leje en bil Sivota og nyd friheden til at bes\u00f8ge lokale vartegn og nyde en betagende udsigt.<\/p>\n<h4 style=\"text-align: center;\">Oplev omr\u00e5det - Sivota<\/h4>\n<p>Sivota er en fredfyldt landsby omgivet af frodige gr\u00f8nne bakker, olivenlunde og klart bl\u00e5t vand. Selve landsbyen er et roligt tilflugtssted, men med en t\u00e6t n\u00e6rhed til Igoumenitsa har du ogs\u00e5 adgang til st\u00f8rre faciliteter, herunder restauranter, butikker og transportforbindelser. Igoumenitsas travle havn og de n\u00e6rliggende \u00f8er, s\u00e5som Korfu og Paxi, giver sp\u00e6ndende muligheder for dagsture. <strong>Lej en bil Sivota<\/strong> for at udforske omr\u00e5det med lethed og nyde bekvemmeligheden ved at rejse mellem den maleriske landsby og de n\u00e6rliggende attraktioner.<\/p>\n<p style=\"text-align: center;\"><strong>Vigtigste h\u00f8jdepunkter i Sivota:<\/strong><\/p>\n<ul>\n<li><strong>Idyllisk beliggenhed<\/strong>: Beliggende i det smukke Ioniske Hav med en fantastisk udsigt, frodig vegetation og maleriske omgivelser.<\/li>\n<li><strong>Adgang til n\u00e6rliggende \u00f8er<\/strong>: Sivota er en fremragende base for at udforske n\u00e6rliggende \u00f8er som Korfu, Paxi og Antipaxi.<\/li>\n<li><strong>Perfekt til naturelskere<\/strong>: Sivota er omgivet af bakker og rige landskaber og er en naturelskers dr\u00f8m med adskillige vandrestier og natursk\u00f8nne udsigtspunkter.<\/li>\n<\/ul>\n<h4 style=\"text-align: center;\">Strande i Sivota<\/h4>\n<p>Sivota kan prale af nogle af de smukkeste og mest uber\u00f8rte strande i Gr\u00e6kenland. Uanset om du leder efter et roligt, afsondret sted eller et livligt omr\u00e5de med liggestole og strandbarer, er der noget for enhver smag. Her er nogle af de bedste strande at bes\u00f8ge i omr\u00e5det:<\/p>\n<ul>\n<li><strong>Bella Vraka Strand<\/strong><br \/>\nEn fantastisk strand, der er ber\u00f8mt for sit krystalklare vand og sandstrande, Bella Vraka er en af \u200b\u200bde mest eftertragtede strande i Sivota. Du kan f\u00e5 adgang til det med b\u00e5d eller ad en lille gangsti fra den n\u00e6rliggende Zavia-strand.<\/li>\n<li><strong>Mikri Ammos Strand<\/strong><br \/>\nEn lille og fredelig strand ideel til solbadning og sv\u00f8mning. Med dets rolige vand er det et fantastisk sted for familier og dem, der s\u00f8ger en mere afslappet oplevelse.<\/li>\n<li><strong>Zavia Strand<\/strong><br \/>\nDenne rolige strand byder p\u00e5 roligt vand, ideel til sv\u00f8mning og afslapning. Det er et roligt sted, perfekt for dem, der \u00f8nsker at undslippe folkem\u00e6ngderne.<\/li>\n<li><strong>Mega Ammos Strand<\/strong><br \/>\nEn st\u00f8rre sandstrand med lavt vand, ideel til familier med b\u00f8rn. Stranden er ogs\u00e5 foret med et par taverner, der tilbyder l\u00e6kre lokale retter.<\/li>\n<li><strong>Agia Paraskevi Strand<\/strong><br \/>\nEn afsondret og fredfyldt strand med krystalklart vand, perfekt til dem, der leder efter en fredelig flugt fra de mere travle strande.<\/li>\n<\/ul>\n<p>Alle strandene omkring Sivota har en fantastisk natursk\u00f8nhed, hvor nogle byder p\u00e5 strandbarer og tavernaer, mens andre forbliver mere uber\u00f8rte for dem, der s\u00f8ger et roligere milj\u00f8. De omkringliggende farvande er rolige, hvilket g\u00f8r dem perfekte til en r\u00e6kke aktiviteter, herunder sv\u00f8mning, snorkling og kajaksejlads.<\/p>\n<p>For en mere eventyrlysten og fleksibel m\u00e5de at udforske landsbyen og de omkringliggende omr\u00e5der, <strong>lej en scooter Sivota<\/strong> og nyd friheden til at navigere de natursk\u00f8nne veje i dit eget tempo.<\/p>\n<h4 style=\"text-align: center;\">Hoteller og overnatning i Sivota<\/h4>\n<p>Sivota tilbyder en bred vifte af overnatningsmuligheder, der passer til enhver rejsendes behov, uanset om du leder efter et luksusresort, et boutiquehotel eller et hyggeligt pensionat. Der er ogs\u00e5 mange muligheder for indkvartering og villaer med egen forplejning for dem, der foretr\u00e6kker et mere privat og uafh\u00e6ngigt ophold.<\/p>\n<p>Indkvarteringsmulighederne i Sivota er forskellige og tilbyder:<\/p>\n<ul>\n<li>Luksushoteller og feriesteder: Nyd f\u00f8rsteklasses faciliteter, swimmingpools, fantastisk udsigt og t\u00e6t p\u00e5 strandene.<\/li>\n<li>Familievenlige hoteller: Masser af familieorienterede overnatningssteder med nem adgang til stranden og aktiviteter for b\u00f8rn.<\/li>\n<li>Traditionelle g\u00e6stehuse og studier: For dem, der \u00f8nsker en mere autentisk, hyggelig oplevelse med et lokalt pr\u00e6g.<\/li>\n<li>Camping og Glamping: Der er ogs\u00e5 nogle charmerende campingpladser omkring Sivota for dem, der \u00f8nsker at nyde naturen p\u00e5 en mere overkommelig m\u00e5de.<\/li>\n<\/ul>\n<h4 style=\"text-align: center;\">Ting at lave i Sivota - Aktiviteter og attraktioner<\/h4>\n<p>Sivota handler ikke kun om smukke strande og afslapning \u2013 der er masser af aktiviteter og ting at lave i og omkring omr\u00e5det. Uanset om du er eventyrlysten eller historieelsker, har Sivota noget at byde p\u00e5.<\/p>\n<ul>\n<li><strong>B\u00e5dudlejning og krydstogter<\/strong>: Udforsk kystlinjen og de n\u00e6rliggende \u00f8er i dit eget tempo med en b\u00e5dudlejning. Du kan ogs\u00e5 deltage i guidede b\u00e5dture til n\u00e6rliggende \u00f8er som Paxi og Antipaxi.<\/li>\n<li><strong>Vandsport<\/strong>: Sivota er et fantastisk sted at pr\u00f8ve vandsport som kajaksejlads, paddleboarding, snorkling og endda dykning. Det rolige vand er perfekt til begyndere, og omr\u00e5dets rige havliv g\u00f8r det til et fantastisk sted at snorkle.<\/li>\n<li><strong>Vandreture og naturvandringer<\/strong>: Sivota og det omkringliggende omr\u00e5de byder p\u00e5 adskillige vandrestier, perfekt for dem, der \u00f8nsker at udforske de smukke landskaber og observere den lokale flora og fauna.<\/li>\n<li><strong>Kulturelle ture og historiske steder<\/strong>: Bes\u00f8g n\u00e6rliggende historiske steder, herunder antikke ruiner og traditionelle landsbyer, for at f\u00e5 en smag af gr\u00e6sk kultur og historie. Byen Igoumenitsa, kun en kort k\u00f8retur derfra, byder ogs\u00e5 p\u00e5 ark\u00e6ologiske steder og museer.<\/li>\n<li><strong>Dagsture til n\u00e6rliggende \u00f8er<\/strong>: Sivota er en god base for at udforske n\u00e6rliggende \u00f8er som Korfu, Paxi og Antipaxi. Du kan tage en f\u00e6rge eller leje en b\u00e5d for at udforske disse smukke destinationer.<\/li>\n<li><strong>Spisning og lokalt k\u00f8kken<\/strong>: Sivota byder p\u00e5 mange taverner og restauranter, der serverer autentisk gr\u00e6sk mad, herunder friskfanget fisk og skaldyr, lokale specialiteter og middelhavsretter. Glem ikke at pr\u00f8ve den lokale olivenolie og vine!<\/li>\n<\/ul>\n<h4 style=\"text-align: center;\">Udforsk Sivota med vores biludlejningsservice<\/h4>\n<p>Lej en bil Sivota og nyd bekvemmeligheden ved at udforske den smukke region i dit eget tempo. Uanset om du vil bes\u00f8ge afsondrede strande, rejse til n\u00e6rliggende landsbyer eller tage en natursk\u00f8n k\u00f8retur gennem det smukke landskab, g\u00f8r vores biludlejningsservice det nemt og bekvemt.<\/p>\n<ul>\n<li><strong>Ingen ventetid<\/strong>: Vi leverer bilen direkte til dit sted, s\u00e5 du kan starte din ferie uden forsinkelse.<\/li>\n<li><strong>Fleksible afhentnings- og afleveringssteder<\/strong>: Arranger et praktisk m\u00f8dested, inklusive f\u00e6rgeterminalen.<\/li>\n<li><strong>Forskellige k\u00f8ret\u00f8jer<\/strong>: V\u00e6lg mellem en r\u00e6kke k\u00f8ret\u00f8jer, der passer til dine behov, fra kompakte biler til st\u00f8rre k\u00f8ret\u00f8jer til familier og grupper.<\/li>\n<\/ul>\n<p>Leder du efter noget mere eventyrligt? <strong>Lej en scooter Sivota<\/strong> og sejl rundt i landsbyen eller tag en tur til det omkringliggende landskab. Det er en overkommelig og sjov m\u00e5de at opleve Sivota p\u00e5!<\/p>\n<p style=\"text-align: center;\"><a title=\"Lej en bil Sivota\" href=\"https:\/\/ioniancoast.com\/da\/\"><strong>Book din bil eller scooter i dag!<\/strong><\/a><\/p>\n<p style=\"text-align: center;\">Reserver din bil- eller scooterleje nu og start dit eventyr i <strong>Sivota<\/strong> uden besv\u00e6r.<\/p>\n<\/div><\/div><\/div><\/div><div class = \"tatsu-column-bg-image-wrap\"><div class = \"tatsu-column-bg-image tatsu-bg-lazyload\" data-src = \"\"><\/div><\/div><div class=\"tatsu-overlay tatsu-column-overlay tatsu-animate-none\" ><\/div><\/div><style>.tatsu-row > .tatsu-hxnagcgwna917c9t.tatsu-column{width: 100%;}.tatsu-hxnagcgwna917c9t.tatsu-column > .tatsu-column-inner > .tatsu-column-overlay{mix-blend-mode: normal;}.tatsu-hxnagcgwna917c9t > .tatsu-column-inner > .tatsu-top-divider{z-index: 9999;}.tatsu-hxnagcgwna917c9t > .tatsu-column-inner > .tatsu-bottom-divider{z-index: 9999;}.tatsu-hxnagcgwna917c9t > .tatsu-column-inner > .tatsu-left-divider{z-index: 9999;}.tatsu-hxnagcgwna917c9t > .tatsu-column-inner > .tatsu-right-divider{z-index: 9999;}<\/style><\/div><\/div><\/div><\/div><div class=\"tatsu-section-background-wrap\"><div class = \"tatsu-section-background tatsu-bg-lazyload\" data-src = \"\"><\/div><\/div><div class=\"tatsu-overlay tatsu-section-overlay\"><\/div><style>.tatsu-hxnagcgwj0gew2sv .tatsu-section-pad{padding: 10px 0px 90px 0px;}.tatsu-hxnagcgwj0gew2sv > .tatsu-bottom-divider{z-index: 9999;}.tatsu-hxnagcgwj0gew2sv > .tatsu-top-divider{z-index: 9999;}.tatsu-hxnagcgwj0gew2sv .tatsu-section-overlay{mix-blend-mode: normal;}<\/style><\/div>\n","protected":false},"excerpt":{"rendered":"","protected":false},"author":2,"featured_media":0,"parent":0,"menu_order":0,"comment_status":"closed","ping_status":"closed","template":"","meta":{"footnotes":""},"class_list":["post-6459","page","type-page","status-publish","hentry"],"aioseo_notices":[],"_links":{"self":[{"href":"https:\/\/ioniancoast.com\/da\/wp-json\/wp\/v2\/pages\/6459","targetHints":{"allow":["GET"]}}],"collection":[{"href":"https:\/\/ioniancoast.com\/da\/wp-json\/wp\/v2\/pages"}],"about":[{"href":"https:\/\/ioniancoast.com\/da\/wp-json\/wp\/v2\/types\/page"}],"author":[{"embeddable":true,"href":"https:\/\/ioniancoast.com\/da\/wp-json\/wp\/v2\/users\/2"}],"replies":[{"embeddable":true,"href":"https:\/\/ioniancoast.com\/da\/wp-json\/wp\/v2\/comments?post=6459"}],"version-history":[{"count":0,"href":"https:\/\/ioniancoast.com\/da\/wp-json\/wp\/v2\/pages\/6459\/revisions"}],"wp:attachment":[{"href":"https:\/\/ioniancoast.com\/da\/wp-json\/wp\/v2\/media?parent=6459"}],"curies":[{"name":"wp","href":"https:\/\/api.w.org\/{rel}","templated":true}]}}