{"id":6821,"date":"2023-10-28T23:41:43","date_gmt":"2023-10-28T21:41:43","guid":{"rendered":"https:\/\/ioniancoast.com\/book-nu\/"},"modified":"2026-02-19T15:57:09","modified_gmt":"2026-02-19T13:57:09","slug":"lej-en-bil-sivota-book-nu","status":"publish","type":"page","link":"https:\/\/ioniancoast.com\/da\/lej-en-bil-sivota-book-nu\/","title":{"rendered":"Book Nu"},"content":{"rendered":"<div  class=\"tatsu-HybXCCAPPJg tatsu-section  tatsu-bg-overlay   tatsu-clearfix\" data-title=\"\"  data-headerscheme=\"background--dark\"><div class='tatsu-section-pad clearfix' data-padding='{\"d\":\"0px 0px 5px 0px\"}' data-padding-top='0px'><div class=\"tatsu-row-wrap  tatsu-wrap tatsu-row-one-col tatsu-row-has-one-cols tatsu-medium-gutter tatsu-reg-cols  tatsu-clearfix tatsu-BJeXA0CDvyg\" ><div  class=\"tatsu-row \" ><div  class=\"tatsu-column  tatsu-bg-overlay tatsu-one-col tatsu-column-image-none tatsu-column-effect-none  tatsu-ByQAC0wDye\"  data-parallax-speed=\"0\" style=\"\"><div class=\"tatsu-column-inner \" ><div class=\"tatsu-column-pad-wrap\"><div class=\"tatsu-column-pad\" ><div  class=\"tatsu-module tatsu-text-block-wrap tatsu-HJqCC0vPkx  \"><div class=\"tatsu-text-inner tatsu-align-center  clearfix\" ><style>.tatsu-HJqCC0vPkx.tatsu-text-block-wrap .tatsu-text-inner{width: 100%;text-align: left;}<\/style>\n<h5 style=\"text-align: center;\">Hvis du leder efter at lej en bil Sivota, Igoumenitsa, Preveza eller Ioannina, Gr\u00e6kenland, har vi et fantastisk udvalg til dig! Udforsk vores splinternye fl\u00e5de af udlejningsbiler og opdag de bedste tilg\u00e6ngelige priser. Uanset om du har brug for en kompakt bil eller et rummeligt k\u00f8ret\u00f8j, lej en bil Igoumenitsa har aldrig v\u00e6ret nemmere G\u00e5 ikke glip af chancen for at g\u00f8re din rejseoplevelse glat og behagelig!<\/h5>\n<h3 style=\"text-align: center;\">Lej en bil Sivota i dag!<\/h3>\n<h6 style=\"text-align: center;\">Lej en bil <a href=\"https:\/\/olig.gr\/\"><strong>Igoumenitsa<\/strong><\/a> I Lej en bil <a href=\"https:\/\/en.wikipedia.org\/wiki\/Syvota\"><strong>Sivota<\/strong><\/a> I Lej en bil <a href=\"https:\/\/www.pvk-airport.gr\/en\"><strong>Preveza<\/strong><\/a> I Lej en bil <a href=\"https:\/\/ioanninaairport.eu\/\"><strong>Ioannina<\/strong><\/a><\/h6>\n<h6 style=\"text-align: center;\"><a href=\"https:\/\/ioniancoast.com\/da\"><strong>Book<\/strong> <strong>online<\/strong><\/a> og lav den perfekte aftale uden skjulte gebyrer!<\/h6>\n<\/div><\/div><\/div><\/div><div class = \"tatsu-column-bg-image-wrap\"><div class = \"tatsu-column-bg-image tatsu-bg-lazyload\" data-src = \"\"><\/div><\/div><div class=\"tatsu-overlay tatsu-column-overlay tatsu-animate-none\" ><\/div><\/div><style>.tatsu-row > .tatsu-ByQAC0wDye.tatsu-column{width: 100%;}.tatsu-ByQAC0wDye.tatsu-column > .tatsu-column-inner > .tatsu-column-overlay{mix-blend-mode: normal;}.tatsu-ByQAC0wDye > .tatsu-column-inner > .tatsu-top-divider{z-index: 9999;}.tatsu-ByQAC0wDye > .tatsu-column-inner > .tatsu-bottom-divider{z-index: 9999;}.tatsu-ByQAC0wDye > .tatsu-column-inner > .tatsu-left-divider{z-index: 9999;}.tatsu-ByQAC0wDye > .tatsu-column-inner > .tatsu-right-divider{z-index: 9999;}@media only screen and (max-width:1377px) {.tatsu-row > .tatsu-ByQAC0wDye.tatsu-column{width: 100%;}}@media only screen and (min-width:768px) and (max-width: 1024px) {.tatsu-row > .tatsu-ByQAC0wDye.tatsu-column{width: 100%;}}@media only screen and (max-width: 767px) {.tatsu-row > .tatsu-ByQAC0wDye.tatsu-column{width: 100%;}}<\/style><\/div><\/div><\/div><\/div><div class=\"tatsu-section-background-wrap\"><div class = \"tatsu-section-background tatsu-bg-lazyload\" data-src = \"\"><\/div><\/div><div class=\"tatsu-overlay tatsu-section-overlay\"><\/div><style>.tatsu-HybXCCAPPJg .tatsu-section-pad{padding: 0px 0px 5px 0px;}.tatsu-HybXCCAPPJg .tatsu-section-offset-wrap{transform: translateY(-0px);}.tatsu-HybXCCAPPJg > .tatsu-bottom-divider{z-index: 9999;}.tatsu-HybXCCAPPJg > .tatsu-top-divider{z-index: 9999;}.tatsu-HybXCCAPPJg .tatsu-section-overlay{mix-blend-mode: normal;}<\/style><\/div><div  class=\"tatsu-H1bMLWydPkl tatsu-section  tatsu-bg-overlay   tatsu-clearfix\" data-title=\"\"  data-headerscheme=\"background--dark\"><div class='tatsu-section-pad clearfix' data-padding='{\"d\":\"0px 0px 0px 0px\"}' data-padding-top='0px'><div class=\"tatsu-row-wrap  tatsu-wrap tatsu-row-one-col tatsu-row-has-one-cols tatsu-medium-gutter tatsu-reg-cols  tatsu-clearfix tatsu-ryxG8ZJOwyg\" ><div  class=\"tatsu-row \" ><div  class=\"tatsu-column  tatsu-bg-overlay tatsu-one-col tatsu-column-image-none tatsu-column-effect-none  tatsu-rJG8-1uwJx\"  data-parallax-speed=\"0\" style=\"\"><div class=\"tatsu-column-inner \" ><div class=\"tatsu-column-pad-wrap\"><div class=\"tatsu-column-pad\" ><div  class=\"tatsu-module tatsu-text-block-wrap tatsu-SkCUWkOPyg  \"><div class=\"tatsu-text-inner tatsu-align-center  clearfix\" ><style>.tatsu-SkCUWkOPyg.tatsu-text-block-wrap .tatsu-text-inner{width: 100%;text-align: left;color: rgba(255,255,255,1) ;}.tatsu-SkCUWkOPyg .tatsu-text-inner *{color: rgba(255,255,255,1) ;}<\/style>\n<h3 style=\"text-align: center;\">S\u00f8g din Biludlejning - Scooterudlejning - Cykeludlejning her!<\/h3>\n<\/div><\/div><\/div><\/div><div class = \"tatsu-column-bg-image-wrap\"><div class = \"tatsu-column-bg-image tatsu-bg-lazyload\" data-src = \"\"><\/div><\/div><div class=\"tatsu-overlay tatsu-column-overlay tatsu-animate-none\" ><\/div><\/div><style>.tatsu-row > .tatsu-rJG8-1uwJx.tatsu-column{width: 100%;}.tatsu-rJG8-1uwJx.tatsu-column > .tatsu-column-inner > .tatsu-column-overlay{mix-blend-mode: normal;}.tatsu-rJG8-1uwJx > .tatsu-column-inner > .tatsu-top-divider{z-index: 9999;}.tatsu-rJG8-1uwJx > .tatsu-column-inner > .tatsu-bottom-divider{z-index: 9999;}.tatsu-rJG8-1uwJx > .tatsu-column-inner > .tatsu-left-divider{z-index: 9999;}.tatsu-rJG8-1uwJx > .tatsu-column-inner > .tatsu-right-divider{z-index: 9999;}@media only screen and (max-width:1377px) {.tatsu-row > .tatsu-rJG8-1uwJx.tatsu-column{width: 100%;}}@media only screen and (min-width:768px) and (max-width: 1024px) {.tatsu-row > .tatsu-rJG8-1uwJx.tatsu-column{width: 100%;}}@media only screen and (max-width: 767px) {.tatsu-row > .tatsu-rJG8-1uwJx.tatsu-column{width: 100%;}}<\/style><\/div><\/div><\/div><div class=\"tatsu-row-wrap  tatsu-wrap tatsu-row-one-col tatsu-row-has-one-cols tatsu-medium-gutter tatsu-reg-cols  tatsu-clearfix tatsu-HJl9F-y_v1e\" ><div  class=\"tatsu-row \" ><div  class=\"tatsu-column  tatsu-bg-overlay tatsu-one-col tatsu-column-image-none tatsu-column-effect-none  tatsu-S19KZJ_P1l\"  data-parallax-speed=\"0\" style=\"\"><div class=\"tatsu-column-inner \" ><div class=\"tatsu-column-pad-wrap\"><div class=\"tatsu-column-pad\" ><div  class=\"tatsu-shortcode-module tatsu-module tatsu-B1e5Z1dPyg   \"  ><div id=\"mod_vikrentcar_search-11\" class=\"widget-container widget_mod_vikrentcar_search\">\r\n<div class=\"vrcdivsearch vrcdivsearchmodule vrc-searchmod-wrap-horizontal\">\r\n\t<form action=\"https:\/\/ioniancoast.com\/da\/lej-en-bil-sivota-book-nu\/?option=com_vikrentcar&amp;task=search&amp;Itemid=0\" method=\"post\" onsubmit=\"return vrcValidateSearch640();\">\r\n\t\t<input type=\"hidden\" name=\"task\" value=\"search\"\/>\r\n    <div class=\"vrc-searchmod-section-pickup\">\n<div class=\"vrcsfentrycont\"><label for=\"modplace\">Afhentningssted<\/label><div class=\"vrcsfentryselect\"><select name=\"place\" id=\"modplace\"><option value=\"1\">Office Sivota harbour<\/option>\n<option value=\"2\">Igoumenitsa Port<\/option>\n<option value=\"3\">Ioannina Airport<\/option>\n<option value=\"4\">Preveza Airport<\/option>\n<option value=\"5\">Plataria<\/option>\n<\/select><\/div><\/div>\n<div class=\"vrcsfentrycont\"><label for=\"modreturnplace\">Afleveringssted<\/label><div class=\"vrcsfentryselect\"><select name=\"returnplace\" id=\"modreturnplace\"><option value=\"1\">Office Sivota harbour<\/option>\n<option value=\"2\">Igoumenitsa Port<\/option>\n<option value=\"3\">Ioannina Airport<\/option>\n<option value=\"4\">Preveza Airport<\/option>\n<option value=\"5\">Plataria<\/option>\n<\/select><\/div><\/div>\n<\/div>\n<div class=\"vrc-searchmod-section-datetimes\">\n<div class=\"vrcsfentrycont\">\n\t<div class=\"vrcsfentrylabsel\">\n\t\t<label for=\"pickupdatemod640\">Afhentnings dato<\/label>\n\t\t<div class=\"vrcsfentrydate\">\n\t\t\t<input type=\"text\" name=\"pickupdate\" id=\"pickupdatemod640\" size=\"10\" autocomplete=\"off\" onfocus=\"this.blur();\" readonly\/><i class=\"far fa-calendar-alt vrc-caltrigger\"><\/i>\n\t\t<\/div>\n\t<\/div>\n\t<div class=\"vrcsfentrytime\">\n\t\t<label for=\"pickuph\">Afhentnings tid<\/label>\n\t\t<div class=\"vrc-sf-time-container\">\n\t\t\t<span id=\"vrcmodselph\"><select id=\"pickuph\" name=\"pickuph\"><option value=\"0\">00<\/option>\n<option value=\"1\">01<\/option>\n<option value=\"2\">02<\/option>\n<option value=\"3\">03<\/option>\n<option value=\"4\">04<\/option>\n<option value=\"5\">05<\/option>\n<option value=\"6\">06<\/option>\n<option value=\"7\">07<\/option>\n<option value=\"8\">08<\/option>\n<option value=\"9\" selected=\"selected\">09<\/option>\n<option value=\"10\">10<\/option>\n<option value=\"11\">11<\/option>\n<option value=\"12\">12<\/option>\n<option value=\"13\">13<\/option>\n<option value=\"14\">14<\/option>\n<option value=\"15\">15<\/option>\n<option value=\"16\">16<\/option>\n<option value=\"17\">17<\/option>\n<option value=\"18\">18<\/option>\n<option value=\"19\">19<\/option>\n<option value=\"20\">20<\/option>\n<option value=\"21\">21<\/option>\n<option value=\"22\">22<\/option>\n<option value=\"23\">23<\/option>\n<\/select><\/span>\n\t\t\t<span class=\"vrctimesep\">:<\/span>\n\t\t\t<span id=\"vrcmodselpm\"><select name=\"pickupm\"><option value=\"0\" selected=\"selected\">00<\/option>\n<option value=\"15\">15<\/option>\n<option value=\"30\">30<\/option>\n<option value=\"45\">45<\/option>\n<\/select><\/span>\n\t\t<\/div>\n\t<\/div>\n<\/div>\n<div class=\"vrcsfentrycont\">\n\t<div class=\"vrcsfentrylabsel\">\n\t\t<label for=\"releasedatemod640\">Afleverings dato<\/label>\n\t\t<div class=\"vrcsfentrydate\">\n\t\t\t<input type=\"text\" name=\"releasedate\" id=\"releasedatemod640\" size=\"10\" autocomplete=\"off\" onfocus=\"this.blur();\" readonly\/><i class=\"far fa-calendar-alt vrc-caltrigger\"><\/i>\n\t\t<\/div>\n\t<\/div>\n\t<div class=\"vrcsfentrytime\">\n\t\t<label for=\"releaseh\">Afleverings tid<\/label>\n\t\t<div class=\"vrc-sf-time-container\">\n\t\t\t<span id=\"vrcmodseldh\"><select id=\"releaseh\" name=\"releaseh\"><option value=\"0\">00<\/option>\n<option value=\"1\">01<\/option>\n<option value=\"2\">02<\/option>\n<option value=\"3\">03<\/option>\n<option value=\"4\">04<\/option>\n<option value=\"5\">05<\/option>\n<option value=\"6\">06<\/option>\n<option value=\"7\">07<\/option>\n<option value=\"8\">08<\/option>\n<option value=\"9\" selected=\"selected\">09<\/option>\n<option value=\"10\">10<\/option>\n<option value=\"11\">11<\/option>\n<option value=\"12\">12<\/option>\n<option value=\"13\">13<\/option>\n<option value=\"14\">14<\/option>\n<option value=\"15\">15<\/option>\n<option value=\"16\">16<\/option>\n<option value=\"17\">17<\/option>\n<option value=\"18\">18<\/option>\n<option value=\"19\">19<\/option>\n<option value=\"20\">20<\/option>\n<option value=\"21\">21<\/option>\n<option value=\"22\">22<\/option>\n<option value=\"23\">23<\/option>\n<\/select><\/span>\n\t\t\t<span class=\"vrctimesep\">:<\/span>\n\t\t\t<span id=\"vrcmodseldm\"><select name=\"releasem\"><option value=\"0\" selected=\"selected\">00<\/option>\n<option value=\"15\">15<\/option>\n<option value=\"30\">30<\/option>\n<option value=\"45\">45<\/option>\n<\/select><\/span>\n\t\t<\/div>\n\t<\/div>\n<\/div>\n<\/div>\n<div class=\"vrc-searchmod-section-categories\"><div class=\"vrcsfentrycont\"><label for=\"vrc-categories640\">Kategori<\/label><div class=\"vrcsfentryselect\"><select id=\"vrc-categories640\" name=\"categories\"><option value=\"all\">Alle<\/option>\n<option value=\"3\">Lej en bil<\/option>\n<option value=\"4\">Leje en scooter<\/option>\n<option value=\"5\">Leje en cykel<\/option>\n<\/select><\/div><\/div>\n<\/div>    \t<div class=\"vrc-searchmod-section-sbmt\">\r\n\t\t\t<div class=\"vrcsfentrycont\">\r\n\t\t\t\t<div class=\"vrcsfentrysubmit\">\r\n\t\t\t\t\t<button type=\"submit\" class=\"btn vrcsearch vrc-pref-color-btn\">S\u00f8g<\/button>\r\n\t\t\t\t<\/div>\r\n\t\t\t<\/div>\r\n\t\t<\/div>\r\n    <\/form>\r\n<\/div>\r\n\r\n<script type=\"text\/javascript\">\r\nfunction vrcCleanNumber640(snum) {\r\n\tif (snum.length > 1 && snum.substr(0, 1) == '0') {\r\n\t\treturn parseInt(snum.substr(1));\r\n\t}\r\n\treturn parseInt(snum);\r\n}\r\nfunction vrcFormatTime640(h, m) {\r\n\tvar time_format = 'H:i';\r\n\tvar time_ftfour = (time_format == 'H:i');\r\n\tvar time_ampm = '';\r\n\tif (!time_ftfour) {\r\n\t\tif (h >= 12 && h < 24) {\r\n\t\t\ttime_ampm = ' PM';\r\n\t\t\tif (h > 12) {\r\n\t\t\t\th -= 12;\r\n\t\t\t}\r\n\t\t} else {\r\n\t\t\ttime_ampm = ' AM';\r\n\t\t}\r\n\t}\r\n\treturn (h < 10 ? ('0' + h) : h) + ':' + ((m < 10 ? ('0' + m) : m)) + time_ampm;\r\n}\r\nfunction vrcValidateSearch640() {\r\n\tif (typeof jQuery === 'undefined' || typeof vrcmod_wopening_pick === 'undefined') {\r\n\t\treturn true;\r\n\t}\r\n\tif (vrcmod_mopening_pick !== null) {\r\n\t\t\/\/ pickup time\r\n\t\tvar pickh = jQuery('#vrcmodselph').find('select').val();\r\n\t\tvar pickm = jQuery('#vrcmodselpm').find('select').val();\r\n\t\tif (!pickh || !pickh.length || !pickm) {\r\n\t\t\treturn true;\r\n\t\t}\r\n\t\tpickh = vrcCleanNumber640(pickh);\r\n\t\tpickm = vrcCleanNumber640(pickm);\r\n\t\tif (pickh == vrcmod_mopening_pick[0]) {\r\n\t\t\tif (pickm < vrcmod_mopening_pick[1]) {\r\n\t\t\t\t\/\/ location is still closed at this time\r\n\t\t\t\tjQuery('#vrcmodselpm').find('select').html('<option value=\"'+vrcmod_mopening_pick[1]+'\">'+(vrcmod_mopening_pick[1] < 10 ? '0'+vrcmod_mopening_pick[1] : vrcmod_mopening_pick[1])+'<\/option>').val(vrcmod_mopening_pick[1]);\r\n\t\t\t\talert(Joomla.JText._('VRC_LOC_WILL_OPEN_TIME').replace('%s', vrcFormatTime640(vrcmod_mopening_pick[0], vrcmod_mopening_pick[1])));\r\n\t\t\t\t\/\/ do not return false as we are overwriting the pickup time\r\n\t\t\t\t\/\/ return false;\r\n\t\t\t}\r\n\t\t}\r\n\t\tif (pickh == vrcmod_mopening_pick[2]) {\r\n\t\t\tif (pickm > vrcmod_mopening_pick[3]) {\r\n\t\t\t\t\/\/ location is already closed at this time for a pick up\r\n\t\t\t\tjQuery('#vrccomselpm').find('select').html('<option value=\"'+vrcmod_mopening_pick[3]+'\">'+(vrcmod_mopening_pick[3] < 10 ? '0'+vrcmod_mopening_pick[3] : vrcmod_mopening_pick[3])+'<\/option>').val(vrcmod_mopening_pick[3]);\r\n\t\t\t\talert(Joomla.JText._('VRC_LOC_WILL_CLOSE_TIME').replace('%s', vrcFormatTime640(vrcmod_mopening_pick[2], vrcmod_mopening_pick[3])));\r\n\t\t\t\t\/\/ do not return false as we are overwriting the pickup time\r\n\t\t\t\t\/\/ return false;\r\n\t\t\t}\r\n\t\t}\r\n\t\t\/\/ check for breaks\r\n\t\tif (vrcmod_mopening_pick[4] && vrcmod_mopening_pick[4].length) {\r\n\t\t\tfor (var b = 0; b < vrcmod_mopening_pick[4].length; b++) {\r\n\t\t\t\tif (!vrcmod_mopening_pick[4][b].hasOwnProperty('fh')) {\r\n\t\t\t\t\tcontinue;\r\n\t\t\t\t}\r\n\t\t\t\tvar break_mess = Joomla.JText._('VRC_PICKLOC_IS_ON_BREAK_TIME_FROM_TO')\r\n\t\t\t\t\t.replace('%s', vrcFormatTime640(vrcmod_mopening_pick[4][b]['fh'], vrcmod_mopening_pick[4][b]['fm']))\r\n\t\t\t\t\t.replace('%s', vrcFormatTime640(vrcmod_mopening_pick[4][b]['th'], vrcmod_mopening_pick[4][b]['tm']));\r\n\t\t\t\tvar break_from_secs = (vrcmod_mopening_pick[4][b]['fh'] * 3600) + (vrcmod_mopening_pick[4][b]['fm'] * 60);\r\n\t\t\t\tvar break_to_secs = (vrcmod_mopening_pick[4][b]['th'] * 3600) + (vrcmod_mopening_pick[4][b]['tm'] * 60);\r\n\t\t\t\tvar pick_secs = (pickh * 3600) + (pickm * 60);\r\n\t\t\t\tif (pick_secs > break_from_secs && pick_secs < break_to_secs) {\r\n\t\t\t\t\t\/\/ the location is on break at this time\r\n\t\t\t\t\talert(break_mess);\r\n\t\t\t\t\treturn false;\r\n\t\t\t\t} else if (vrcmod_mopening_pick[4][b]['fh'] > vrcmod_mopening_pick[4][b]['th'] && pick_secs < break_from_secs && pick_secs < break_to_secs) {\r\n\t\t\t\t\t\/\/ overnight break, with time after midnight\r\n\t\t\t\t\talert(break_mess);\r\n\t\t\t\t\treturn false;\r\n\t\t\t\t} else if (vrcmod_mopening_pick[4][b]['fh'] > vrcmod_mopening_pick[4][b]['th'] && pick_secs > break_from_secs && pick_secs > break_to_secs) {\r\n\t\t\t\t\t\/\/ overnight break, with time before midnight\r\n\t\t\t\t\talert(break_mess);\r\n\t\t\t\t\treturn false;\r\n\t\t\t\t}\r\n\t\t\t}\r\n\t\t}\r\n\t}\r\n\r\n\tif (vrcmod_mopening_drop !== null) {\r\n\t\t\/\/ dropoff time\r\n\t\tvar droph = jQuery('#vrcmodseldh').find('select').val();\r\n\t\tvar dropm = jQuery('#vrcmodseldm').find('select').val();\r\n\t\tif (!droph || !droph.length || !dropm) {\r\n\t\t\treturn true;\r\n\t\t}\r\n\t\tdroph = vrcCleanNumber640(droph);\r\n\t\tdropm = vrcCleanNumber640(dropm);\r\n\t\tif (droph == vrcmod_mopening_drop[0]) {\r\n\t\t\tif (dropm > vrcmod_mopening_drop[1]) {\r\n\t\t\t\t\/\/ location is already closed at this time\r\n\t\t\t\tjQuery('#vrcmodseldm').find('select').html('<option value=\"'+vrcmod_mopening_drop[1]+'\">'+(vrcmod_mopening_drop[1] < 10 ? '0'+vrcmod_mopening_drop[1] : vrcmod_mopening_drop[1])+'<\/option>').val(vrcmod_mopening_drop[1]);\r\n\t\t\t\talert(Joomla.JText._('VRC_LOC_WILL_CLOSE_TIME').replace('%s', 640(vrcmod_mopening_drop[0], vrcmod_mopening_drop[1])));\r\n\t\t\t\t\/\/ do not return false as we are overwriting the drop off time\r\n\t\t\t\t\/\/ return false;\r\n\t\t\t}\r\n\t\t}\r\n\t\tif (droph == vrcmod_mopening_drop[2]) {\r\n\t\t\tif (dropm < vrcmod_mopening_drop[3]) {\r\n\t\t\t\t\/\/ location is still closed at this time for a drop off\r\n\t\t\t\tjQuery('#vrcmodseldm').find('select').html('<option value=\"'+vrcmod_mopening_drop[3]+'\">'+(vrcmod_mopening_drop[3] < 10 ? '0'+vrcmod_mopening_drop[3] : vrcmod_mopening_drop[3])+'<\/option>').val(vrcmod_mopening_drop[3]);\r\n\t\t\t\talert(Joomla.JText._('VRC_LOC_WILL_OPEN_TIME').replace('%s', 640(vrcmod_mopening_drop[2], vrcmod_mopening_drop[3])));\r\n\t\t\t\t\/\/ do not return false as we are overwriting the drop off time\r\n\t\t\t\t\/\/ return false;\r\n\t\t\t}\r\n\t\t}\r\n\t\t\/\/ check for breaks\r\n\t\tif (vrcmod_mopening_drop[4] && vrcmod_mopening_drop[4].length) {\r\n\t\t\tfor (var b = 0; b < vrcmod_mopening_drop[4].length; b++) {\r\n\t\t\t\tif (!vrcmod_mopening_drop[4][b].hasOwnProperty('fh')) {\r\n\t\t\t\t\tcontinue;\r\n\t\t\t\t}\r\n\t\t\t\tvar break_mess = Joomla.JText._('VRC_DROPLOC_IS_ON_BREAK_TIME_FROM_TO')\r\n\t\t\t\t\t.replace('%s', 640(vrcmod_mopening_drop[4][b]['fh'], vrcmod_mopening_drop[4][b]['fm']))\r\n\t\t\t\t\t.replace('%s', 640(vrcmod_mopening_drop[4][b]['th'], vrcmod_mopening_drop[4][b]['tm']));\r\n\t\t\t\tvar break_from_secs = (vrcmod_mopening_drop[4][b]['fh'] * 3600) + (vrcmod_mopening_drop[4][b]['fm'] * 60);\r\n\t\t\t\tvar break_to_secs = (vrcmod_mopening_drop[4][b]['th'] * 3600) + (vrcmod_mopening_drop[4][b]['tm'] * 60);\r\n\t\t\t\tvar drop_secs = (droph * 3600) + (dropm * 60);\r\n\t\t\t\tif (drop_secs > break_from_secs && drop_secs < break_to_secs) {\r\n\t\t\t\t\t\/\/ the location is on break at this time\r\n\t\t\t\t\talert(break_mess);\r\n\t\t\t\t\treturn false;\r\n\t\t\t\t} else if (vrcmod_mopening_drop[4][b]['fh'] > vrcmod_mopening_drop[4][b]['th'] && drop_secs < break_from_secs && drop_secs < break_to_secs) {\r\n\t\t\t\t\t\/\/ overnight break, with time after midnight\r\n\t\t\t\t\talert(break_mess);\r\n\t\t\t\t\treturn false;\r\n\t\t\t\t} else if (vrcmod_mopening_drop[4][b]['fh'] > vrcmod_mopening_drop[4][b]['th'] && drop_secs > break_from_secs && drop_secs > break_to_secs) {\r\n\t\t\t\t\t\/\/ overnight break, with time before midnight\r\n\t\t\t\t\talert(break_mess);\r\n\t\t\t\t\treturn false;\r\n\t\t\t\t}\r\n\t\t\t}\r\n\t\t}\r\n\t}\r\n\r\n\treturn true;\r\n}\r\n<\/script>\r\n<\/div><br \/>\n<\/div><\/div><\/div><div class = \"tatsu-column-bg-image-wrap\"><div class = \"tatsu-column-bg-image tatsu-bg-lazyload\" data-src = \"\"><\/div><\/div><div class=\"tatsu-overlay tatsu-column-overlay tatsu-animate-none\" ><\/div><\/div><style>.tatsu-row > .tatsu-S19KZJ_P1l.tatsu-column{width: 100%;}.tatsu-S19KZJ_P1l.tatsu-column > .tatsu-column-inner > .tatsu-column-overlay{mix-blend-mode: normal;}.tatsu-S19KZJ_P1l > .tatsu-column-inner > .tatsu-top-divider{z-index: 9999;}.tatsu-S19KZJ_P1l > .tatsu-column-inner > .tatsu-bottom-divider{z-index: 9999;}.tatsu-S19KZJ_P1l > .tatsu-column-inner > .tatsu-left-divider{z-index: 9999;}.tatsu-S19KZJ_P1l > .tatsu-column-inner > .tatsu-right-divider{z-index: 9999;}@media only screen and (max-width:1377px) {.tatsu-row > .tatsu-S19KZJ_P1l.tatsu-column{width: 100%;}}@media only screen and (min-width:768px) and (max-width: 1024px) {.tatsu-row > .tatsu-S19KZJ_P1l.tatsu-column{width: 100%;}}@media only screen and (max-width: 767px) {.tatsu-row > .tatsu-S19KZJ_P1l.tatsu-column{width: 100%;}}<\/style><\/div><\/div><\/div><\/div><div class=\"tatsu-section-background-wrap\"><div class = \"tatsu-section-background tatsu-bg-lazyload\" data-src = \"\"><\/div><\/div><div class=\"tatsu-overlay tatsu-section-overlay\"><\/div><style>.tatsu-H1bMLWydPkl.tatsu-section{background-color: rgba(0,0,0,1);}.tatsu-H1bMLWydPkl .tatsu-section-offset-wrap{transform: translateY(-0px);}.tatsu-H1bMLWydPkl > .tatsu-bottom-divider{z-index: 9999;}.tatsu-H1bMLWydPkl > .tatsu-top-divider{z-index: 9999;}.tatsu-H1bMLWydPkl .tatsu-section-overlay{mix-blend-mode: normal;}<\/style><\/div>\n","protected":false},"excerpt":{"rendered":"","protected":false},"author":2,"featured_media":0,"parent":0,"menu_order":0,"comment_status":"closed","ping_status":"closed","template":"","meta":{"footnotes":""},"class_list":["post-6821","page","type-page","status-publish","hentry"],"aioseo_notices":[],"_links":{"self":[{"href":"https:\/\/ioniancoast.com\/da\/wp-json\/wp\/v2\/pages\/6821","targetHints":{"allow":["GET"]}}],"collection":[{"href":"https:\/\/ioniancoast.com\/da\/wp-json\/wp\/v2\/pages"}],"about":[{"href":"https:\/\/ioniancoast.com\/da\/wp-json\/wp\/v2\/types\/page"}],"author":[{"embeddable":true,"href":"https:\/\/ioniancoast.com\/da\/wp-json\/wp\/v2\/users\/2"}],"replies":[{"embeddable":true,"href":"https:\/\/ioniancoast.com\/da\/wp-json\/wp\/v2\/comments?post=6821"}],"version-history":[{"count":0,"href":"https:\/\/ioniancoast.com\/da\/wp-json\/wp\/v2\/pages\/6821\/revisions"}],"wp:attachment":[{"href":"https:\/\/ioniancoast.com\/da\/wp-json\/wp\/v2\/media?parent=6821"}],"curies":[{"name":"wp","href":"https:\/\/api.w.org\/{rel}","templated":true}]}}