{"id":4367,"date":"2022-09-30T13:44:58","date_gmt":"2022-09-30T11:44:58","guid":{"rendered":"https:\/\/ioniancoast.com\/mietbedingungen\/"},"modified":"2025-01-29T14:23:36","modified_gmt":"2025-01-29T12:23:36","slug":"autovermietung-sivota-preveza-igoumenitsa-ioannina-mietbedingungen","status":"publish","type":"page","link":"https:\/\/ioniancoast.com\/de\/autovermietung-sivota-preveza-igoumenitsa-ioannina-mietbedingungen\/","title":{"rendered":"Mietbedingungen"},"content":{"rendered":"<div  class=\"tatsu-r1-pmdExcp tatsu-section  tatsu-bg-overlay   tatsu-clearfix\" data-title=\"\"  data-headerscheme=\"background--dark\"><div class='tatsu-section-pad clearfix' data-padding='{\"d\":\"32px 0px 15px 0px\"}' data-padding-top='32px'><div class=\"tatsu-row-wrap  tatsu-wrap tatsu-row-one-col tatsu-row-has-one-cols tatsu-medium-gutter tatsu-reg-cols  tatsu-clearfix tatsu-rkeTXO4gqT\" ><div  class=\"tatsu-row \" ><div  class=\"tatsu-column  tatsu-bg-overlay tatsu-one-col tatsu-column-image-none tatsu-column-effect-none  tatsu-B1pXdEe5a\"  data-parallax-speed=\"0\" style=\"\"><div class=\"tatsu-column-inner \" ><div class=\"tatsu-column-pad-wrap\"><div class=\"tatsu-column-pad\" ><div  class=\"tatsu-module tatsu-text-block-wrap tatsu-HJbB_Ee9a  \"><div class=\"tatsu-text-inner tatsu-align-center  clearfix\" ><style>.tatsu-HJbB_Ee9a.tatsu-text-block-wrap .tatsu-text-inner{width: 100%;text-align: left;}<\/style>\n<h6 style=\"text-align: center;\">Autovermietungen <a href=\"\/?page_id=4802\"><strong>Igoumenitsa<\/strong><\/a> I Autovermietungen <a href=\"\/?page_id=4323\"><strong>Sivota<\/strong><\/a> I Autovermietungen <a href=\"\/?page_id=4362\"><strong>Preveza<\/strong><\/a> I Autovermietungen <a href=\"\/?page_id=4359\"><strong>Ioannina<\/strong><\/a><\/h6>\n<\/div><\/div><\/div><\/div><div class = \"tatsu-column-bg-image-wrap\"><div class = \"tatsu-column-bg-image tatsu-bg-lazyload\" data-src = \"\"><\/div><\/div><div class=\"tatsu-overlay tatsu-column-overlay tatsu-animate-none\" ><\/div><\/div><style>.tatsu-row > .tatsu-B1pXdEe5a.tatsu-column{width: 100%;}.tatsu-B1pXdEe5a.tatsu-column > .tatsu-column-inner > .tatsu-column-overlay{mix-blend-mode: normal;}.tatsu-B1pXdEe5a > .tatsu-column-inner > .tatsu-top-divider{z-index: 9999;}.tatsu-B1pXdEe5a > .tatsu-column-inner > .tatsu-bottom-divider{z-index: 9999;}.tatsu-B1pXdEe5a > .tatsu-column-inner > .tatsu-left-divider{z-index: 9999;}.tatsu-B1pXdEe5a > .tatsu-column-inner > .tatsu-right-divider{z-index: 9999;}@media only screen and (max-width:1377px) {.tatsu-row > .tatsu-B1pXdEe5a.tatsu-column{width: 100%;}}@media only screen and (min-width:768px) and (max-width: 1024px) {.tatsu-row > .tatsu-B1pXdEe5a.tatsu-column{width: 100%;}}@media only screen and (max-width: 767px) {.tatsu-row > .tatsu-B1pXdEe5a.tatsu-column{width: 100%;}}<\/style><\/div><\/div><\/div><\/div><div class=\"tatsu-section-background-wrap\"><div class = \"tatsu-section-background tatsu-bg-lazyload\" data-src = \"\"><\/div><\/div><div class=\"tatsu-overlay tatsu-section-overlay\"><\/div><style>.tatsu-r1-pmdExcp .tatsu-section-pad{padding: 32px 0px 15px 0px;}.tatsu-r1-pmdExcp .tatsu-section-offset-wrap{transform: translateY(-0px);}.tatsu-r1-pmdExcp > .tatsu-bottom-divider{z-index: 9999;}.tatsu-r1-pmdExcp > .tatsu-top-divider{z-index: 9999;}.tatsu-r1-pmdExcp .tatsu-section-overlay{mix-blend-mode: normal;}<\/style><\/div><div  class=\"tatsu-BybG_fONfs tatsu-section  tatsu-bg-overlay   tatsu-clearfix\" data-title=\"\"  data-headerscheme=\"background--dark\"><div class='tatsu-section-pad clearfix' data-padding='{\"d\":\"15px 0px 90px 0px\"}' data-padding-top='15px'><div class=\"tatsu-row-wrap  tatsu-wrap tatsu-row-one-col tatsu-row-has-one-cols tatsu-medium-gutter tatsu-reg-cols  tatsu-clearfix tatsu-S1gGufuNzi\" ><div  class=\"tatsu-row \" ><div  class=\"tatsu-column  tatsu-bg-overlay tatsu-one-col tatsu-column-image-none tatsu-column-effect-none  tatsu-Byf_MuVMi\"  data-parallax-speed=\"0\" style=\"\"><div class=\"tatsu-column-inner \" ><div class=\"tatsu-column-pad-wrap\"><div class=\"tatsu-column-pad\" ><div  class=\"tatsu-module tatsu-text-block-wrap tatsu-Sk0OMdEMj  \"><div class=\"tatsu-text-inner tatsu-align-center  clearfix\" ><style>.tatsu-Sk0OMdEMj.tatsu-text-block-wrap .tatsu-text-inner{width: 100%;text-align: left;}<\/style>\n<div class=\"tatsu-section-pad clearfix\" data-padding=\"{\" data-padding-top=\"90px\">\n<div class=\"tatsu-row-wrap tatsu-wrap tatsu-row-one-col tatsu-row-has-one-cols tatsu-medium-gutter tatsu-reg-cols tatsu-clearfix tatsu-SJxp3yQzQ4\">\n<div class=\"tatsu-row \">\n<div class=\"tatsu-column tatsu-column-no-bg tatsu-one-col tatsu-column-image-none tatsu-column-effect-none tatsu-HJ6nJ7zQN\" data-parallax-speed=\"0\">\n<div class=\"tatsu-column-inner \">\n<div class=\"tatsu-column-pad-wrap\">\n<div class=\"tatsu-column-pad\">\n<div class=\"tatsu-module tatsu-text-block-wrap tatsu-HkX6kXf7E \">\n<div class=\"tatsu-text-inner tatsu-align-center clearfix\">\n<p style=\"text-align: center;\"><b>1) <\/b>Die Fahrer m\u00fcssen mindestens <b>23<\/b> und<b> d\u00fcrfen h\u00f6chstens 75<\/b> Jahre alt sein und m\u00fcssen einen seit mindestens einem Jahr g\u00fcltigen <b>F\u00fchrerschein<\/b> besitzen. Haustiere sind <b>nicht <\/b>erlaubt. Wenn Ionian Coast Travel das Vorhandensein eines Haustieres feststellt, werden dem Mieter 80,00 Euro f\u00fcr die biologische Reinigung des Autos berechnet.<\/p>\n<p style=\"text-align: center;\"><b>2) <\/b>Die <b>Mindestmietdauer<\/b> betr\u00e4gt 1 Tag (24 Stunden). Nach Ablauf von 25 Stunden wird der Mieter mit den Kosten f\u00fcr einen weiteren Tag belastet und muss Ionian Coast Travel f\u00fcr die Kosten der n\u00e4chsten Reservierung, die mit seiner Haftung storniert wurde, entsch\u00e4digen.<\/p>\n<p style=\"text-align: center;\"><b>3) <\/b>Bei der \u00dcbernahme des Fahrzeugs wird dem Mieter der <b>Mietvertrag<\/b> ausgeh\u00e4ndigt, den er <b>pr\u00fcfen<\/b>, die Bedingungen <b>lesen <\/b>und unterschreiben muss. Au\u00dferdem muss er das Fahrzeug \u00fcberpr\u00fcfen und eventuell vorhandene Sch\u00e4den melden, die im Vertrag <b>vermerkt <\/b>sind.<\/p>\n<p style=\"text-align: center;\"><b>4) <\/b>Um die <b>Reservierung abzuschlie\u00dfen<\/b>, ist der Gesamtbetrag der Reservierung zu zahlen. Im Falle einer <b>Stornierung <\/b>der Reservierung innerhalb von weniger als 10 Tagen ab dem geplanten Datum wird dem Mieter der gezahlte Betrag abz\u00fcglich 30 % dieses Betrags <b>zur\u00fcckerstattet <\/b>. Bei Stornierungen \u00fcber einen l\u00e4ngeren Zeitraum wird der gesamte Betrag zur\u00fcckerstattet.<\/p>\n<p style=\"text-align: center;\"><b>5) <\/b>Die Fahrzeuge m\u00fcssen mit <b>vollem Tank <\/b>wie zu Beginn der Anmietung \u00fcbergeben werden.<\/p>\n<p style=\"text-align: center;\"><b>6) Lieferung<\/b> und Empfang im Hafen von <b>Igoumenitsa <\/b>und auf den Flugh\u00e4fen von <b>Ioannina <\/b>und <b>Preveza <\/b>gegen Aufpreis (nur Autos). Der Mietpreis beinhaltet eine unbegrenzte Anzahl von <b>Kilometern<\/b>. und <b>24-Stunden-Pannenhilfe (11555) <\/b>in ganz Griechenland (au\u00dfer Mopeds). Zus\u00e4tzliche Fahrer, f\u00fcr die dieselben Einschr\u00e4nkungen gelten, und Kindersitz gegen Aufpreis, vorbehaltlich einer Vereinbarung. Kostenloser Helm f\u00fcr Mieter (im Falle eines Motorrads).<\/p>\n<p style=\"text-align: center;\"><b>7)<\/b> Der <b>TRANSPORT VON FAHRZEUGEN AUS DEM GRIECHISCHEN GRENZEN<\/b> ist <b>NICHT<\/b> m\u00f6glich.<\/p>\n<p style=\"text-align: center;\"><b>8) Bu\u00dfgelder <\/b>und Verwaltungsstrafen, die w\u00e4hrend des Mietzeitraums verh\u00e4ngt werden, gehen zu Lasten des Mieters. Werden die Nummernschilder w\u00e4hrend des Mietzeitraums entfernt, wird dem Mieter der Mietpreis bis zum Erhalt der Schilder durch den zust\u00e4ndigen Dienst in Rechnung gestellt.<\/p>\n<p style=\"text-align: center;\"><b>9)<\/b> <b>IM FALLE EINES UNFALLS ODER EINES ANDEREN EREIGNISSES<\/b> (BRAND\/DIEBSTAHL) DER MIETER muss die Polizei rufen (100). Notieren Sie die Namen und Adressen von Zeugen und Beteiligten des Vorfalls. Benachrichtigen Sie Ionian Coast Travel. In jedem m\u00f6glichem Fall des Ausfalles eines Tr\u00e4gers, erstattet Ionian Coast Travel den Mieter mit den Kosten des restlichen Zeitraums, den der Tr\u00e4ger nicht benutzt werden kann und hat keine andere Verpflichtung f\u00fcr weiteren Ausgleich.<\/p>\n<p style=\"text-align: center;\"><b>10) <\/b>In allen Mietpreisen ist eine einfache <b>Haftpflichtversicherung<\/b> enthalten, die die folgenden Leistungen umfasst: Karosseriesch\u00e4den von Dritten. Sachsch\u00e4den an Dritten. Deckung des Fahrers. Fahrzeugbrand (nur Autos). Voll- und Teildiebstahl (nur Autos). Zerbrechen von Kristallen (nur Autos). Der Mieter haftet f\u00fcr alle am gemieteten Fahrzeug verursachten Sch\u00e4den bis zu dessen Handelswert zum Zeitpunkt des Unfalls. Der Mieter mu\u00df sofort zahlen oder an seiner Karte belastet werden, wie an der Erm\u00e4chtigung Form f\u00fcr die Kosten der Reparatur oder des Wiedereinbaus des Tr\u00e4gers unterzeichnet, der direkt durch Ionian Coast Travel oder durch autorisierte dritte Parteien berechnet wird.<\/p>\n<p style=\"text-align: center;\">Ionian Coast Travel bietet eine zus\u00e4tzliche Versicherungsoption mit zus\u00e4tzlichen Tageskosten an, die die Haftung des Mieters f\u00fcr Sch\u00e4den, die durch sein Verschulden verursacht wurden, <b>aufhebt <\/b>.<\/p>\n<p style=\"text-align: center;\"><b>\u00a0 VORSICHT<\/b>!!! IN DEN FOLGENDEN F\u00c4LLEN BESTEHT KEIN VERSICHERUNGSSCHUTZ. Sch\u00e4den an Reifen, Felgen, Spiegeln, Schl\u00fcsseln und dem Boden des Fahrzeugs. Sch\u00e4den, die verursacht wurden, weil der Fahrer unter dem Einfluss von Alkohol, Drogen oder anderen Stoffen stand, die die Fahrt\u00fcchtigkeit beeintr\u00e4chtigen k\u00f6nnen.<\/p>\n<p style=\"text-align: center;\">Sch\u00e4den, die durch Nichtbeachtung der Stra\u00dfenverkehrsordnung verursacht werden. Sch\u00e4den, die von Personen verursacht werden, die nicht im Mietvertrag aufgef\u00fchrt sind. Vors\u00e4tzliche und mechanische Sch\u00e4den am Fahrzeug, die durch Fahrl\u00e4ssigkeit des Mieters verursacht wurden. Sch\u00e4den, die durch Tiere verursacht werden. Sch\u00e4den, die durch das Befahren von Off-Road-Gebieten und Gebieten, in denen das Befahren ungeeignet ist, verursacht werden. Verlust von pers\u00f6nlichen Gegenst\u00e4nden im Auto. Fahrraddiebstahl.<\/p>\n<p style=\"text-align: center;\"><b>11)<\/b> Ionian Coast Car rental<b> WENN DAS AUTO NICHT RICHTIG BENUTZT WIRD<\/b> oder die Vertragsbedingungen nicht einh\u00e4lt, hat das Recht, vom Vertrag zur\u00fcckzutreten und das Fahrzeug ohne Vorwarnung aus den H\u00e4nden des Mieters oder desjenigen, der es in seinem Namen besitzt, zu entfernen.<\/p>\n<p style=\"text-align: center;\"><b>12) <\/b>Ionian Coast Travel hat das Recht, die Bedingungen und die Preise ohne vorherige Ank\u00fcndigung <b>zu \u00e4ndern <\/b>.<\/p>\n<\/div>\n<\/div>\n<\/div>\n<\/div>\n<div class=\"tatsu-column-bg-image-wrap\" style=\"text-align: center;\">\n<div class=\"tatsu-column-bg-image\"><\/div>\n<\/div>\n<\/div>\n<\/div>\n<\/div>\n<\/div>\n<\/div>\n<div class=\"tatsu-section-background-wrap\">\n<div class=\"tatsu-section-background\" style=\"text-align: center;\"><\/div>\n<\/div>\n<\/div><\/div><\/div><\/div><div class = \"tatsu-column-bg-image-wrap\"><div class = \"tatsu-column-bg-image tatsu-bg-lazyload\" data-src = \"\"><\/div><\/div><div class=\"tatsu-overlay tatsu-column-overlay tatsu-animate-none\" ><\/div><\/div><style>.tatsu-row > .tatsu-Byf_MuVMi.tatsu-column{width: 100%;}.tatsu-Byf_MuVMi.tatsu-column > .tatsu-column-inner > .tatsu-column-overlay{mix-blend-mode: normal;}.tatsu-Byf_MuVMi > .tatsu-column-inner > .tatsu-top-divider{z-index: 9999;}.tatsu-Byf_MuVMi > .tatsu-column-inner > .tatsu-bottom-divider{z-index: 9999;}.tatsu-Byf_MuVMi > .tatsu-column-inner > .tatsu-left-divider{z-index: 9999;}.tatsu-Byf_MuVMi > .tatsu-column-inner > .tatsu-right-divider{z-index: 9999;}@media only screen and (max-width:1377px) {.tatsu-row > .tatsu-Byf_MuVMi.tatsu-column{width: 100%;}}@media only screen and (min-width:768px) and (max-width: 1024px) {.tatsu-row > .tatsu-Byf_MuVMi.tatsu-column{width: 100%;}}@media only screen and (max-width: 767px) {.tatsu-row > .tatsu-Byf_MuVMi.tatsu-column{width: 100%;}}<\/style><\/div><\/div><\/div><div class=\"tatsu-row-wrap  tatsu-wrap tatsu-row-one-col tatsu-row-has-one-cols tatsu-medium-gutter tatsu-reg-cols  tatsu-clearfix tatsu-ryxI-1ztxn\" ><div  class=\"tatsu-row \" ><div  class=\"tatsu-column  tatsu-bg-overlay tatsu-one-col tatsu-column-image-none tatsu-column-effect-none  tatsu-Bk8ZkGtx2\"  data-parallax-speed=\"0\" style=\"\"><div class=\"tatsu-column-inner \" ><div class=\"tatsu-column-pad-wrap\"><div class=\"tatsu-column-pad\" ><div  class=\"tatsu-module tatsu-text-block-wrap tatsu-SJyM1Mtxh  \"><div class=\"tatsu-text-inner tatsu-align-center  clearfix\" ><style>.tatsu-SJyM1Mtxh.tatsu-text-block-wrap .tatsu-text-inner{width: 100%;text-align: left;color: rgba(0,0,0,1) ;}.tatsu-SJyM1Mtxh .tatsu-text-inner *{color: rgba(0,0,0,1) ;}<\/style>\n<h4 style=\"text-align: center;\"><a href=\"\/?page_id=3788\">Jetzt Buchen<\/a><\/h4>\n<h6 style=\"text-align: center;\"><a href=\"https:\/\/www.google.com\/search?q=Ionian+Coast+Car+Rental+Sivota&amp;stick=H4sIAAAAAAAA_-NgU1I1qDA0Nk22MLRIMzEzTTMxTzW2MqgwSzQzszQ1Nks0MDNKMkxOW8Qq55mfl5mYp-Ccn1hcouCcWKQQlJpXkpijEJxZll-SCAAMYjqpSgAAAA&amp;hl=el&amp;mat=CW0U9uEp9QmUElcB7PxHsQtGsMhVY930fm7ynye_ouYql8e13yiGHRG6d0HYHm3pWwRWXDOL2NM2dbAOwaUy3s9WMBgCAUhFO2_t-Ejp4I_DOTvi66c7ZgUwiIxhBXysKtU&amp;authuser=0#ip=1\">Autovermietung Sivota<\/a> I <a href=\"https:\/\/www.google.com\/search?q=Ionian+Coast+Car+Rental+Sivota&amp;stick=H4sIAAAAAAAA_-NgU1I1qDA0Nk22MLRIMzEzTTMxTzW2MqgwSzQzszQ1Nks0MDNKMkxOW8Qq55mfl5mYp-Ccn1hcouCcWKQQlJpXkpijEJxZll-SCAAMYjqpSgAAAA&amp;hl=el&amp;mat=CW0U9uEp9QmUElcB7PxHsQtGsMhVY930fm7ynye_ouYql8e13yiGHRG6d0HYHm3pWwRWXDOL2NM2dbAOwaUy3s9WMBgCAUhFO2_t-Ejp4I_DOTvi66c7ZgUwiIxhBXysKtU&amp;authuser=0#ip=1\">Autovermietung <\/a><a href=\"https:\/\/www.google.com\/search?q=Igoumenitsa+Car+Rental+Ionian+Coast&amp;stick=H4sIAAAAAAAA_-NgU1I1qDA0Nk0yTwXilMTkRAtTYyuDCpNkA0NLizTTVHNzk8Q0I4NFrMqe6fmlual5mSXFiQrOiUUKQal5JYk5Cp75eZmJeQrO-YnFJQBbrBk-TwAAAA&amp;hl=el&amp;mat=CRyluXSvg3v_ElcB7PxHsSX31mp4-T2r0evDwRPxzyzAGQkqB1F8h_kuvN21JqkX78yZc_vimMjvUcN_X6VjqwNQ1ZihKuSgNW4AQuWvHlkJ_R2Kb9HMzQ1hDv0b-EvFHDo&amp;authuser=0\">Igoumenitsa<\/a> I <a href=\"https:\/\/www.google.com\/search?q=Ionian+Coast+Car+Rental+Sivota&amp;stick=H4sIAAAAAAAA_-NgU1I1qDA0Nk22MLRIMzEzTTMxTzW2MqgwSzQzszQ1Nks0MDNKMkxOW8Qq55mfl5mYp-Ccn1hcouCcWKQQlJpXkpijEJxZll-SCAAMYjqpSgAAAA&amp;hl=el&amp;mat=CW0U9uEp9QmUElcB7PxHsQtGsMhVY930fm7ynye_ouYql8e13yiGHRG6d0HYHm3pWwRWXDOL2NM2dbAOwaUy3s9WMBgCAUhFO2_t-Ejp4I_DOTvi66c7ZgUwiIxhBXysKtU&amp;authuser=0#ip=1\">Autovermietung <\/a><a href=\"https:\/\/www.google.com\/search?q=Ionian+Coast+Car+Rental+Preveza+airport&amp;stick=H4sIAAAAAAAA_-NgU1I1qDBKS0qxTE00Nks0tzQyMk6xMqgwNTNLNDAwNUhJNLBITrQwX8Sq7pmfl5mYp-Ccn1hcouCcWKQQlJpXkpijEFCUWpZalaiQmFlUkF9UAgDTTVa9UwAAAA&amp;hl=el&amp;mat=CcdCQd6rl8fQElcB7PxHsSHDoeqizBxtHzzX5CEDYPY04lEUB9X4IScGOvgN2IRmUZexculUfyw4Qo8VMnZvLB-b5ZwfN2YY-ENX_Z-GY0-0gfg6dh490r1BbcLAQTEdBXc&amp;authuser=0\">Preveza<\/a> I <a href=\"https:\/\/www.google.com\/search?q=Ionian+Coast+Car+Rental+Sivota&amp;stick=H4sIAAAAAAAA_-NgU1I1qDA0Nk22MLRIMzEzTTMxTzW2MqgwSzQzszQ1Nks0MDNKMkxOW8Qq55mfl5mYp-Ccn1hcouCcWKQQlJpXkpijEJxZll-SCAAMYjqpSgAAAA&amp;hl=el&amp;mat=CW0U9uEp9QmUElcB7PxHsQtGsMhVY930fm7ynye_ouYql8e13yiGHRG6d0HYHm3pWwRWXDOL2NM2dbAOwaUy3s9WMBgCAUhFO2_t-Ejp4I_DOTvi66c7ZgUwiIxhBXysKtU&amp;authuser=0#ip=1\">Autovermietung <\/a><a href=\"https:\/\/www.google.com\/search?q=Ionian+Coast+Car+Rental+Ioannina+airport&amp;stick=H4sIAAAAAAAA_-NgU1I1qDA0Nk1KNk5OS0uzsEwyskiyMqgwNUwyNkoyMLFMS0qzNEkzX8Sq4Zmfl5mYp-Ccn1hcouCcWKQQlJpXkpij4JmfmJeXmZeokJhZVJBfVAIAPGcJwVQAAAA&amp;hl=el&amp;mat=CeQWaG1D6Hc8ElcB7PxHsTMUFVAeyaNgW8F2hMdySzdTu9a4Jm0CwINnselPtwFpmyMmwQvn0b9AAQziVOwDueTQrFE8sVtP9dIa2K551mKc763ZqbBx_DEh8S3wrdlZFTQ&amp;authuser=0\">Ioannina<\/a><\/h6>\n<\/div><\/div><\/div><\/div><div class = \"tatsu-column-bg-image-wrap\"><div class = \"tatsu-column-bg-image tatsu-bg-lazyload\" data-src = \"\"><\/div><\/div><div class=\"tatsu-overlay tatsu-column-overlay tatsu-animate-none\" ><\/div><\/div><style>.tatsu-row > .tatsu-Bk8ZkGtx2.tatsu-column{width: 100%;}.tatsu-Bk8ZkGtx2.tatsu-column > .tatsu-column-inner > .tatsu-column-overlay{mix-blend-mode: normal;}.tatsu-Bk8ZkGtx2 > .tatsu-column-inner > .tatsu-top-divider{z-index: 9999;}.tatsu-Bk8ZkGtx2 > .tatsu-column-inner > .tatsu-bottom-divider{z-index: 9999;}.tatsu-Bk8ZkGtx2 > .tatsu-column-inner > .tatsu-left-divider{z-index: 9999;}.tatsu-Bk8ZkGtx2 > .tatsu-column-inner > .tatsu-right-divider{z-index: 9999;}@media only screen and (max-width:1377px) {.tatsu-row > .tatsu-Bk8ZkGtx2.tatsu-column{width: 100%;}}@media only screen and (min-width:768px) and (max-width: 1024px) {.tatsu-row > .tatsu-Bk8ZkGtx2.tatsu-column{width: 100%;}}@media only screen and (max-width: 767px) {.tatsu-row > .tatsu-Bk8ZkGtx2.tatsu-column{width: 100%;}}<\/style><\/div><\/div><\/div><\/div><div class=\"tatsu-section-background-wrap\"><div class = \"tatsu-section-background tatsu-bg-lazyload\" data-src = \"\"><\/div><\/div><div class=\"tatsu-overlay tatsu-section-overlay\"><\/div><style>.tatsu-BybG_fONfs .tatsu-section-pad{padding: 15px 0px 90px 0px;}.tatsu-BybG_fONfs .tatsu-section-offset-wrap{transform: translateY(-0px);}.tatsu-BybG_fONfs > .tatsu-bottom-divider{z-index: 9999;}.tatsu-BybG_fONfs > .tatsu-top-divider{z-index: 9999;}.tatsu-BybG_fONfs .tatsu-section-overlay{mix-blend-mode: normal;}<\/style><\/div>\n","protected":false},"excerpt":{"rendered":"","protected":false},"author":1,"featured_media":0,"parent":0,"menu_order":27,"comment_status":"closed","ping_status":"closed","template":"","meta":{"footnotes":""},"class_list":["post-4367","page","type-page","status-publish","hentry"],"aioseo_notices":[],"_links":{"self":[{"href":"https:\/\/ioniancoast.com\/de\/wp-json\/wp\/v2\/pages\/4367","targetHints":{"allow":["GET"]}}],"collection":[{"href":"https:\/\/ioniancoast.com\/de\/wp-json\/wp\/v2\/pages"}],"about":[{"href":"https:\/\/ioniancoast.com\/de\/wp-json\/wp\/v2\/types\/page"}],"author":[{"embeddable":true,"href":"https:\/\/ioniancoast.com\/de\/wp-json\/wp\/v2\/users\/1"}],"replies":[{"embeddable":true,"href":"https:\/\/ioniancoast.com\/de\/wp-json\/wp\/v2\/comments?post=4367"}],"version-history":[{"count":0,"href":"https:\/\/ioniancoast.com\/de\/wp-json\/wp\/v2\/pages\/4367\/revisions"}],"wp:attachment":[{"href":"https:\/\/ioniancoast.com\/de\/wp-json\/wp\/v2\/media?parent=4367"}],"curies":[{"name":"wp","href":"https:\/\/api.w.org\/{rel}","templated":true}]}}