{"id":5140,"date":"2024-01-13T21:59:10","date_gmt":"2024-01-13T19:59:10","guid":{"rendered":"https:\/\/ioniancoast.com\/plataria\/"},"modified":"2025-01-29T13:37:28","modified_gmt":"2025-01-29T11:37:28","slug":"autovermietung-plataria","status":"publish","type":"page","link":"https:\/\/ioniancoast.com\/de\/autovermietung-plataria\/","title":{"rendered":"Plataria"},"content":{"rendered":"<div  class=\"tatsu-ry5aTLxKT tatsu-section  tatsu-bg-overlay   tatsu-clearfix\" data-title=\"\"  data-headerscheme=\"background--dark\"><div class='tatsu-section-pad clearfix' data-padding='{\"d\":\"15px 0px 15px 0px\"}' data-padding-top='15px'><div class=\"tatsu-row-wrap  tatsu-wrap tatsu-row-one-col tatsu-row-has-one-cols tatsu-medium-gutter tatsu-reg-cols  tatsu-clearfix tatsu-rkx5paLgK6\" ><style>.tatsu-rkx5paLgK6.tatsu-row-wrap > .tatsu-row{background-color: rgba(0,0,0,1);}<\/style><div  class=\"tatsu-row \" ><div  class=\"tatsu-column  tatsu-bg-overlay tatsu-one-col tatsu-column-image-none tatsu-column-effect-none  tatsu-r1-5pp8et6\"  data-parallax-speed=\"0\" style=\"\"><div class=\"tatsu-column-inner \" ><div class=\"tatsu-column-pad-wrap\"><div class=\"tatsu-column-pad\" ><div  class=\"tatsu-shortcode-module tatsu-module tatsu-BJz9ppUeYp   \"  ><div id=\"mod_vikrentcar_search-7\" class=\"widget-container widget_mod_vikrentcar_search\">\r\n<div class=\"vrcdivsearch vrcdivsearchmodule vrc-searchmod-wrap-horizontal\">\r\n\t<form action=\"https:\/\/ioniancoast.com\/de\/autovermietung-plataria\/?option=com_vikrentcar&amp;task=search&amp;Itemid=0\" method=\"post\" onsubmit=\"return vrcValidateSearch721();\">\r\n\t\t<input type=\"hidden\" name=\"task\" value=\"search\"\/>\r\n    <div class=\"vrc-searchmod-section-pickup\">\n<div class=\"vrcsfentrycont\"><label for=\"modplace\">Abholort<\/label><div class=\"vrcsfentryselect\"><select name=\"place\" id=\"modplace\"><option value=\"1\">Office Sivota harbour<\/option>\n<option value=\"2\">Igoumenitsa Port<\/option>\n<option value=\"3\">Ioannina Airport<\/option>\n<option value=\"4\">Preveza Airport<\/option>\n<option value=\"5\">Plataria<\/option>\n<\/select><\/div><\/div>\n<div class=\"vrcsfentrycont\"><label for=\"modreturnplace\">R\u00fcckgabeort<\/label><div class=\"vrcsfentryselect\"><select name=\"returnplace\" id=\"modreturnplace\"><option value=\"1\">Office Sivota harbour<\/option>\n<option value=\"2\">Igoumenitsa Port<\/option>\n<option value=\"3\">Ioannina Airport<\/option>\n<option value=\"4\">Preveza Airport<\/option>\n<option value=\"5\">Plataria<\/option>\n<\/select><\/div><\/div>\n<\/div>\n<div class=\"vrc-searchmod-section-datetimes\">\n<div class=\"vrcsfentrycont\">\n\t<div class=\"vrcsfentrylabsel\">\n\t\t<label for=\"pickupdatemod721\">Abholdatum<\/label>\n\t\t<div class=\"vrcsfentrydate\">\n\t\t\t<input type=\"text\" name=\"pickupdate\" id=\"pickupdatemod721\" size=\"10\" autocomplete=\"off\" onfocus=\"this.blur();\" readonly\/><i class=\"far fa-calendar-alt vrc-caltrigger\"><\/i>\n\t\t<\/div>\n\t<\/div>\n\t<div class=\"vrcsfentrytime\">\n\t\t<label for=\"pickuph\">Abholzeit<\/label>\n\t\t<div class=\"vrc-sf-time-container\">\n\t\t\t<span id=\"vrcmodselph\"><select id=\"pickuph\" name=\"pickuph\"><option value=\"0\">00<\/option>\n<option value=\"1\">01<\/option>\n<option value=\"2\">02<\/option>\n<option value=\"3\">03<\/option>\n<option value=\"4\">04<\/option>\n<option value=\"5\">05<\/option>\n<option value=\"6\">06<\/option>\n<option value=\"7\">07<\/option>\n<option value=\"8\">08<\/option>\n<option value=\"9\" selected=\"selected\">09<\/option>\n<option value=\"10\">10<\/option>\n<option value=\"11\">11<\/option>\n<option value=\"12\">12<\/option>\n<option value=\"13\">13<\/option>\n<option value=\"14\">14<\/option>\n<option value=\"15\">15<\/option>\n<option value=\"16\">16<\/option>\n<option value=\"17\">17<\/option>\n<option value=\"18\">18<\/option>\n<option value=\"19\">19<\/option>\n<option value=\"20\">20<\/option>\n<option value=\"21\">21<\/option>\n<option value=\"22\">22<\/option>\n<option value=\"23\">23<\/option>\n<\/select><\/span>\n\t\t\t<span class=\"vrctimesep\">:<\/span>\n\t\t\t<span id=\"vrcmodselpm\"><select name=\"pickupm\"><option value=\"0\" selected=\"selected\">00<\/option>\n<option value=\"15\">15<\/option>\n<option value=\"30\">30<\/option>\n<option value=\"45\">45<\/option>\n<\/select><\/span>\n\t\t<\/div>\n\t<\/div>\n<\/div>\n<div class=\"vrcsfentrycont\">\n\t<div class=\"vrcsfentrylabsel\">\n\t\t<label for=\"releasedatemod721\">R\u00fcckgabedatum<\/label>\n\t\t<div class=\"vrcsfentrydate\">\n\t\t\t<input type=\"text\" name=\"releasedate\" id=\"releasedatemod721\" size=\"10\" autocomplete=\"off\" onfocus=\"this.blur();\" readonly\/><i class=\"far fa-calendar-alt vrc-caltrigger\"><\/i>\n\t\t<\/div>\n\t<\/div>\n\t<div class=\"vrcsfentrytime\">\n\t\t<label for=\"releaseh\">R\u00fcckgabezeit<\/label>\n\t\t<div class=\"vrc-sf-time-container\">\n\t\t\t<span id=\"vrcmodseldh\"><select id=\"releaseh\" name=\"releaseh\"><option value=\"0\">00<\/option>\n<option value=\"1\">01<\/option>\n<option value=\"2\">02<\/option>\n<option value=\"3\">03<\/option>\n<option value=\"4\">04<\/option>\n<option value=\"5\">05<\/option>\n<option value=\"6\">06<\/option>\n<option value=\"7\">07<\/option>\n<option value=\"8\">08<\/option>\n<option value=\"9\" selected=\"selected\">09<\/option>\n<option value=\"10\">10<\/option>\n<option value=\"11\">11<\/option>\n<option value=\"12\">12<\/option>\n<option value=\"13\">13<\/option>\n<option value=\"14\">14<\/option>\n<option value=\"15\">15<\/option>\n<option value=\"16\">16<\/option>\n<option value=\"17\">17<\/option>\n<option value=\"18\">18<\/option>\n<option value=\"19\">19<\/option>\n<option value=\"20\">20<\/option>\n<option value=\"21\">21<\/option>\n<option value=\"22\">22<\/option>\n<option value=\"23\">23<\/option>\n<\/select><\/span>\n\t\t\t<span class=\"vrctimesep\">:<\/span>\n\t\t\t<span id=\"vrcmodseldm\"><select name=\"releasem\"><option value=\"0\" selected=\"selected\">00<\/option>\n<option value=\"15\">15<\/option>\n<option value=\"30\">30<\/option>\n<option value=\"45\">45<\/option>\n<\/select><\/span>\n\t\t<\/div>\n\t<\/div>\n<\/div>\n<\/div>\n\t\t\t<input type=\"hidden\" name=\"categories\" value=\"3\" \/>\r\n\t\t\t<input type=\"hidden\" name=\"category_id\" value=\"3\" \/>\r\n\t\t\t    \t<div class=\"vrc-searchmod-section-sbmt\">\r\n\t\t\t<div class=\"vrcsfentrycont\">\r\n\t\t\t\t<div class=\"vrcsfentrysubmit\">\r\n\t\t\t\t\t<button type=\"submit\" class=\"btn vrcsearch vrc-pref-color-btn\">Suche<\/button>\r\n\t\t\t\t<\/div>\r\n\t\t\t<\/div>\r\n\t\t<\/div>\r\n    <\/form>\r\n<\/div>\r\n\r\n<script type=\"text\/javascript\">\r\nfunction vrcCleanNumber721(snum) {\r\n\tif (snum.length > 1 && snum.substr(0, 1) == '0') {\r\n\t\treturn parseInt(snum.substr(1));\r\n\t}\r\n\treturn parseInt(snum);\r\n}\r\nfunction vrcFormatTime721(h, m) {\r\n\tvar time_format = 'H:i';\r\n\tvar time_ftfour = (time_format == 'H:i');\r\n\tvar time_ampm = '';\r\n\tif (!time_ftfour) {\r\n\t\tif (h >= 12 && h < 24) {\r\n\t\t\ttime_ampm = ' PM';\r\n\t\t\tif (h > 12) {\r\n\t\t\t\th -= 12;\r\n\t\t\t}\r\n\t\t} else {\r\n\t\t\ttime_ampm = ' AM';\r\n\t\t}\r\n\t}\r\n\treturn (h < 10 ? ('0' + h) : h) + ':' + ((m < 10 ? ('0' + m) : m)) + time_ampm;\r\n}\r\nfunction vrcValidateSearch721() {\r\n\tif (typeof jQuery === 'undefined' || typeof vrcmod_wopening_pick === 'undefined') {\r\n\t\treturn true;\r\n\t}\r\n\tif (vrcmod_mopening_pick !== null) {\r\n\t\t\/\/ pickup time\r\n\t\tvar pickh = jQuery('#vrcmodselph').find('select').val();\r\n\t\tvar pickm = jQuery('#vrcmodselpm').find('select').val();\r\n\t\tif (!pickh || !pickh.length || !pickm) {\r\n\t\t\treturn true;\r\n\t\t}\r\n\t\tpickh = vrcCleanNumber721(pickh);\r\n\t\tpickm = vrcCleanNumber721(pickm);\r\n\t\tif (pickh == vrcmod_mopening_pick[0]) {\r\n\t\t\tif (pickm < vrcmod_mopening_pick[1]) {\r\n\t\t\t\t\/\/ location is still closed at this time\r\n\t\t\t\tjQuery('#vrcmodselpm').find('select').html('<option value=\"'+vrcmod_mopening_pick[1]+'\">'+(vrcmod_mopening_pick[1] < 10 ? '0'+vrcmod_mopening_pick[1] : vrcmod_mopening_pick[1])+'<\/option>').val(vrcmod_mopening_pick[1]);\r\n\t\t\t\talert(Joomla.JText._('VRC_LOC_WILL_OPEN_TIME').replace('%s', vrcFormatTime721(vrcmod_mopening_pick[0], vrcmod_mopening_pick[1])));\r\n\t\t\t\t\/\/ do not return false as we are overwriting the pickup time\r\n\t\t\t\t\/\/ return false;\r\n\t\t\t}\r\n\t\t}\r\n\t\tif (pickh == vrcmod_mopening_pick[2]) {\r\n\t\t\tif (pickm > vrcmod_mopening_pick[3]) {\r\n\t\t\t\t\/\/ location is already closed at this time for a pick up\r\n\t\t\t\tjQuery('#vrccomselpm').find('select').html('<option value=\"'+vrcmod_mopening_pick[3]+'\">'+(vrcmod_mopening_pick[3] < 10 ? '0'+vrcmod_mopening_pick[3] : vrcmod_mopening_pick[3])+'<\/option>').val(vrcmod_mopening_pick[3]);\r\n\t\t\t\talert(Joomla.JText._('VRC_LOC_WILL_CLOSE_TIME').replace('%s', vrcFormatTime721(vrcmod_mopening_pick[2], vrcmod_mopening_pick[3])));\r\n\t\t\t\t\/\/ do not return false as we are overwriting the pickup time\r\n\t\t\t\t\/\/ return false;\r\n\t\t\t}\r\n\t\t}\r\n\t\t\/\/ check for breaks\r\n\t\tif (vrcmod_mopening_pick[4] && vrcmod_mopening_pick[4].length) {\r\n\t\t\tfor (var b = 0; b < vrcmod_mopening_pick[4].length; b++) {\r\n\t\t\t\tif (!vrcmod_mopening_pick[4][b].hasOwnProperty('fh')) {\r\n\t\t\t\t\tcontinue;\r\n\t\t\t\t}\r\n\t\t\t\tvar break_mess = Joomla.JText._('VRC_PICKLOC_IS_ON_BREAK_TIME_FROM_TO')\r\n\t\t\t\t\t.replace('%s', vrcFormatTime721(vrcmod_mopening_pick[4][b]['fh'], vrcmod_mopening_pick[4][b]['fm']))\r\n\t\t\t\t\t.replace('%s', vrcFormatTime721(vrcmod_mopening_pick[4][b]['th'], vrcmod_mopening_pick[4][b]['tm']));\r\n\t\t\t\tvar break_from_secs = (vrcmod_mopening_pick[4][b]['fh'] * 3600) + (vrcmod_mopening_pick[4][b]['fm'] * 60);\r\n\t\t\t\tvar break_to_secs = (vrcmod_mopening_pick[4][b]['th'] * 3600) + (vrcmod_mopening_pick[4][b]['tm'] * 60);\r\n\t\t\t\tvar pick_secs = (pickh * 3600) + (pickm * 60);\r\n\t\t\t\tif (pick_secs > break_from_secs && pick_secs < break_to_secs) {\r\n\t\t\t\t\t\/\/ the location is on break at this time\r\n\t\t\t\t\talert(break_mess);\r\n\t\t\t\t\treturn false;\r\n\t\t\t\t} else if (vrcmod_mopening_pick[4][b]['fh'] > vrcmod_mopening_pick[4][b]['th'] && pick_secs < break_from_secs && pick_secs < break_to_secs) {\r\n\t\t\t\t\t\/\/ overnight break, with time after midnight\r\n\t\t\t\t\talert(break_mess);\r\n\t\t\t\t\treturn false;\r\n\t\t\t\t} else if (vrcmod_mopening_pick[4][b]['fh'] > vrcmod_mopening_pick[4][b]['th'] && pick_secs > break_from_secs && pick_secs > break_to_secs) {\r\n\t\t\t\t\t\/\/ overnight break, with time before midnight\r\n\t\t\t\t\talert(break_mess);\r\n\t\t\t\t\treturn false;\r\n\t\t\t\t}\r\n\t\t\t}\r\n\t\t}\r\n\t}\r\n\r\n\tif (vrcmod_mopening_drop !== null) {\r\n\t\t\/\/ dropoff time\r\n\t\tvar droph = jQuery('#vrcmodseldh').find('select').val();\r\n\t\tvar dropm = jQuery('#vrcmodseldm').find('select').val();\r\n\t\tif (!droph || !droph.length || !dropm) {\r\n\t\t\treturn true;\r\n\t\t}\r\n\t\tdroph = vrcCleanNumber721(droph);\r\n\t\tdropm = vrcCleanNumber721(dropm);\r\n\t\tif (droph == vrcmod_mopening_drop[0]) {\r\n\t\t\tif (dropm > vrcmod_mopening_drop[1]) {\r\n\t\t\t\t\/\/ location is already closed at this time\r\n\t\t\t\tjQuery('#vrcmodseldm').find('select').html('<option value=\"'+vrcmod_mopening_drop[1]+'\">'+(vrcmod_mopening_drop[1] < 10 ? '0'+vrcmod_mopening_drop[1] : vrcmod_mopening_drop[1])+'<\/option>').val(vrcmod_mopening_drop[1]);\r\n\t\t\t\talert(Joomla.JText._('VRC_LOC_WILL_CLOSE_TIME').replace('%s', 721(vrcmod_mopening_drop[0], vrcmod_mopening_drop[1])));\r\n\t\t\t\t\/\/ do not return false as we are overwriting the drop off time\r\n\t\t\t\t\/\/ return false;\r\n\t\t\t}\r\n\t\t}\r\n\t\tif (droph == vrcmod_mopening_drop[2]) {\r\n\t\t\tif (dropm < vrcmod_mopening_drop[3]) {\r\n\t\t\t\t\/\/ location is still closed at this time for a drop off\r\n\t\t\t\tjQuery('#vrcmodseldm').find('select').html('<option value=\"'+vrcmod_mopening_drop[3]+'\">'+(vrcmod_mopening_drop[3] < 10 ? '0'+vrcmod_mopening_drop[3] : vrcmod_mopening_drop[3])+'<\/option>').val(vrcmod_mopening_drop[3]);\r\n\t\t\t\talert(Joomla.JText._('VRC_LOC_WILL_OPEN_TIME').replace('%s', 721(vrcmod_mopening_drop[2], vrcmod_mopening_drop[3])));\r\n\t\t\t\t\/\/ do not return false as we are overwriting the drop off time\r\n\t\t\t\t\/\/ return false;\r\n\t\t\t}\r\n\t\t}\r\n\t\t\/\/ check for breaks\r\n\t\tif (vrcmod_mopening_drop[4] && vrcmod_mopening_drop[4].length) {\r\n\t\t\tfor (var b = 0; b < vrcmod_mopening_drop[4].length; b++) {\r\n\t\t\t\tif (!vrcmod_mopening_drop[4][b].hasOwnProperty('fh')) {\r\n\t\t\t\t\tcontinue;\r\n\t\t\t\t}\r\n\t\t\t\tvar break_mess = Joomla.JText._('VRC_DROPLOC_IS_ON_BREAK_TIME_FROM_TO')\r\n\t\t\t\t\t.replace('%s', 721(vrcmod_mopening_drop[4][b]['fh'], vrcmod_mopening_drop[4][b]['fm']))\r\n\t\t\t\t\t.replace('%s', 721(vrcmod_mopening_drop[4][b]['th'], vrcmod_mopening_drop[4][b]['tm']));\r\n\t\t\t\tvar break_from_secs = (vrcmod_mopening_drop[4][b]['fh'] * 3600) + (vrcmod_mopening_drop[4][b]['fm'] * 60);\r\n\t\t\t\tvar break_to_secs = (vrcmod_mopening_drop[4][b]['th'] * 3600) + (vrcmod_mopening_drop[4][b]['tm'] * 60);\r\n\t\t\t\tvar drop_secs = (droph * 3600) + (dropm * 60);\r\n\t\t\t\tif (drop_secs > break_from_secs && drop_secs < break_to_secs) {\r\n\t\t\t\t\t\/\/ the location is on break at this time\r\n\t\t\t\t\talert(break_mess);\r\n\t\t\t\t\treturn false;\r\n\t\t\t\t} else if (vrcmod_mopening_drop[4][b]['fh'] > vrcmod_mopening_drop[4][b]['th'] && drop_secs < break_from_secs && drop_secs < break_to_secs) {\r\n\t\t\t\t\t\/\/ overnight break, with time after midnight\r\n\t\t\t\t\talert(break_mess);\r\n\t\t\t\t\treturn false;\r\n\t\t\t\t} else if (vrcmod_mopening_drop[4][b]['fh'] > vrcmod_mopening_drop[4][b]['th'] && drop_secs > break_from_secs && drop_secs > break_to_secs) {\r\n\t\t\t\t\t\/\/ overnight break, with time before midnight\r\n\t\t\t\t\talert(break_mess);\r\n\t\t\t\t\treturn false;\r\n\t\t\t\t}\r\n\t\t\t}\r\n\t\t}\r\n\t}\r\n\r\n\treturn true;\r\n}\r\n<\/script>\r\n<\/div><\/div><\/div><\/div><div class = \"tatsu-column-bg-image-wrap\"><div class = \"tatsu-column-bg-image tatsu-bg-lazyload\" data-src = \"\"><\/div><\/div><div class=\"tatsu-overlay tatsu-column-overlay tatsu-animate-none\" ><\/div><\/div><style>.tatsu-row > .tatsu-r1-5pp8et6.tatsu-column{width: 100%;}.tatsu-r1-5pp8et6.tatsu-column > .tatsu-column-inner > .tatsu-column-overlay{mix-blend-mode: normal;}.tatsu-r1-5pp8et6 > .tatsu-column-inner > .tatsu-top-divider{z-index: 9999;}.tatsu-r1-5pp8et6 > .tatsu-column-inner > .tatsu-bottom-divider{z-index: 9999;}.tatsu-r1-5pp8et6 > .tatsu-column-inner > .tatsu-left-divider{z-index: 9999;}.tatsu-r1-5pp8et6 > .tatsu-column-inner > .tatsu-right-divider{z-index: 9999;}@media only screen and (max-width:1377px) {.tatsu-row > .tatsu-r1-5pp8et6.tatsu-column{width: 100%;}}@media only screen and (min-width:768px) and (max-width: 1024px) {.tatsu-row > .tatsu-r1-5pp8et6.tatsu-column{width: 100%;}}@media only screen and (max-width: 767px) {.tatsu-row > .tatsu-r1-5pp8et6.tatsu-column{width: 100%;}}<\/style><\/div><\/div><\/div><\/div><div class=\"tatsu-section-background-wrap\"><div class = \"tatsu-section-background tatsu-bg-lazyload\" data-src = \"\"><\/div><\/div><div class=\"tatsu-overlay tatsu-section-overlay\"><\/div><style>.tatsu-ry5aTLxKT .tatsu-section-pad{padding: 15px 0px 15px 0px;}.tatsu-ry5aTLxKT .tatsu-section-offset-wrap{transform: translateY(-0px);}.tatsu-ry5aTLxKT > .tatsu-bottom-divider{z-index: 9999;}.tatsu-ry5aTLxKT > .tatsu-top-divider{z-index: 9999;}.tatsu-ry5aTLxKT .tatsu-section-overlay{mix-blend-mode: normal;}<\/style><\/div><div  class=\"tatsu-rJ75ap8eY6 tatsu-section  tatsu-bg-overlay   tatsu-clearfix\" data-title=\"\"  data-headerscheme=\"background--dark\"><div class='tatsu-section-pad clearfix' data-padding='{\"d\":\"15px 0px 0px 0px\"}' data-padding-top='15px'><div class=\"tatsu-row-wrap  tatsu-wrap tatsu-row-one-col tatsu-row-has-one-cols tatsu-medium-gutter tatsu-reg-cols  tatsu-clearfix tatsu-HkEc66IeFT\" ><div  class=\"tatsu-row \" ><div  class=\"tatsu-column  tatsu-bg-overlay tatsu-one-col tatsu-column-image-none tatsu-column-effect-none  tatsu-BkBqaaLxK6\"  data-parallax-speed=\"0\" style=\"\"><div class=\"tatsu-column-inner \" ><div class=\"tatsu-column-pad-wrap\"><div class=\"tatsu-column-pad\" ><div  class=\"special-heading-wrap style3  tatsu-H1I9apIgF6 oshine-module 1   \" ><div class=\"caption-wrap top-caption\"><h6 class=\"caption \">IONIAN COAST CAR RENTAL<span class=\"caption-inner\"><\/span><\/h6><\/div><div class=\"special-heading align-center\"><h3 class=\"special-h-tag\">Autovermietung Plataria<\/h3><\/div><div class=\"caption-wrap bottom-caption\"><h6 class=\"caption special-subtitle\">Sivota I Igoumenitsa I Preveza I Ioannina<span class=\"caption-inner\"><\/span><\/h6><\/div><style>.tatsu-H1I9apIgF6 .top-caption h6{color: #757575 ;}.tatsu-H1I9apIgF6 .bottom-caption h6{color: #757575 ;font-size: 18px;}.tatsu-H1I9apIgF6.special-heading-wrap.style3 .top-caption .caption .caption-inner{background: #efefef;}.tatsu-H1I9apIgF6.special-heading-wrap.style3 .bottom-caption .caption .caption-inner{background: #efefef;}<\/style><\/div><div  class=\"tatsu-module tatsu-text-block-wrap tatsu-H1u9pTIlYa  \"><div class=\"tatsu-text-inner tatsu-align-center  clearfix\" ><style>.tatsu-H1u9pTIlYa.tatsu-text-block-wrap .tatsu-text-inner{width: 100%;text-align: left;}<\/style>\n<h3 style=\"text-align: center;\">Autovermietung in Plataria<\/h3>\n<p style=\"text-align: center;\"><a href=\"https:\/\/www.feelgreece.com\/en\/plataria\">\u00dcber Plataria<\/a><\/p>\n<p style=\"text-align: center;\">Suchen Sie nach einer g\u00fcnstigen Autovermietung in Plataria, Griechenland?<\/p>\n<p style=\"text-align: center;\">Sie k\u00f6nnen die Liste aller verf\u00fcgbaren Mietwagen in <strong>Plataria<\/strong> in Echtzeit \u00fcberpr\u00fcfen, um die Mietwagenpreise zu vergleichen und die niedrigsten Preise zu finden!<\/p>\n<p style=\"text-align: center;\">Machen Sie das perfekte Angebot ohne versteckte Geb\u00fchren.<\/p>\n<p style=\"text-align: center;\"><strong>Buchen<\/strong> Sie noch heute online auf unserer Website und mieten Sie ein Auto, um es bei Ihrer Ankunft am Zielort zu nutzen. <strong>Kostenlose<\/strong> Lieferung Ihres Mietfahrzeugs zu Ihrem Hotel in Plataria.<\/p>\n<p style=\"text-align: center;\">Beste <strong>Preise<\/strong> und freundlicher Kundenservice!<\/p>\n<p style=\"text-align: center;\">Wir bieten erschwingliche Preise und eine gro\u00dfe Auswahl an Fahrzeugen. Wir garantieren Ihre Zufriedenheit mit au\u00dfergew\u00f6hnlichem Service. Buchen Sie online und reservieren Sie den idealen Mietwagen aus unserer <strong>brandneuen Flotte.<\/strong><\/p>\n<p style=\"text-align: center;\"><strong>Viele Versicherungsoptionen \u2013 Unbegrenzte Kilometerzahl \u2013 Bequeme Liefer- und Abgabeorte<\/strong><\/p>\n<p style=\"text-align: center;\"><strong>Kontaktieren Sie uns jederzeit \u00fcber WhatsApp f\u00fcr alle ben\u00f6tigten Informationen.<\/strong><\/p>\n<p style=\"text-align: center;\"><strong>Buchen Sie Ihr Auto ganz einfach bei Ionian Coast Car Rental<\/strong><\/p>\n<hr \/>\n<h3 style=\"text-align: center;\">Autovermietung Plataria<\/h3>\n<hr \/>\n<h6 style=\"text-align: center;\"><\/h6>\n<\/div><\/div><\/div><\/div><div class = \"tatsu-column-bg-image-wrap\"><div class = \"tatsu-column-bg-image tatsu-bg-lazyload\" data-src = \"\"><\/div><\/div><div class=\"tatsu-overlay tatsu-column-overlay tatsu-animate-none\" ><\/div><\/div><style>.tatsu-row > .tatsu-BkBqaaLxK6.tatsu-column{width: 100%;}.tatsu-BkBqaaLxK6.tatsu-column > .tatsu-column-inner > .tatsu-column-overlay{mix-blend-mode: normal;}.tatsu-BkBqaaLxK6 > .tatsu-column-inner > .tatsu-top-divider{z-index: 9999;}.tatsu-BkBqaaLxK6 > .tatsu-column-inner > .tatsu-bottom-divider{z-index: 9999;}.tatsu-BkBqaaLxK6 > .tatsu-column-inner > .tatsu-left-divider{z-index: 9999;}.tatsu-BkBqaaLxK6 > .tatsu-column-inner > .tatsu-right-divider{z-index: 9999;}@media only screen and (max-width:1377px) {.tatsu-row > .tatsu-BkBqaaLxK6.tatsu-column{width: 100%;}}@media only screen and (min-width:768px) and (max-width: 1024px) {.tatsu-row > .tatsu-BkBqaaLxK6.tatsu-column{width: 100%;}}@media only screen and (max-width: 767px) {.tatsu-row > .tatsu-BkBqaaLxK6.tatsu-column{width: 100%;}}<\/style><\/div><\/div><\/div><div class=\"tatsu-row-wrap  tatsu-wrap tatsu-row-one-col tatsu-row-has-one-cols tatsu-medium-gutter tatsu-reg-cols  tatsu-clearfix tatsu-SJ25aa8gK6\" ><div  class=\"tatsu-row \" ><div  class=\"tatsu-column  tatsu-bg-overlay tatsu-one-col tatsu-column-image-none tatsu-column-effect-none  tatsu-ryT5aTIeKT\"  data-parallax-speed=\"0\" style=\"\"><div class=\"tatsu-column-inner \" ><div class=\"tatsu-column-pad-wrap\"><div class=\"tatsu-column-pad\" ><div  class=\"tatsu-module tatsu-text-block-wrap tatsu-HyXu_oAKT  \"><div class=\"tatsu-text-inner tatsu-align-center  clearfix\" ><style>.tatsu-HyXu_oAKT.tatsu-text-block-wrap .tatsu-text-inner{width: 100%;text-align: left;}<\/style>\n<h4 style=\"text-align: center;\"><a href=\"\/?page_id=2607\">Mietbedingungen<\/a><\/h4>\n<\/div><\/div><\/div><\/div><div class = \"tatsu-column-bg-image-wrap\"><div class = \"tatsu-column-bg-image tatsu-bg-lazyload\" data-src = \"\"><\/div><\/div><div class=\"tatsu-overlay tatsu-column-overlay tatsu-animate-none\" ><\/div><\/div><style>.tatsu-row > .tatsu-ryT5aTIeKT.tatsu-column{width: 100%;}.tatsu-ryT5aTIeKT.tatsu-column > .tatsu-column-inner > .tatsu-column-overlay{mix-blend-mode: normal;}.tatsu-ryT5aTIeKT > .tatsu-column-inner > .tatsu-top-divider{z-index: 9999;}.tatsu-ryT5aTIeKT > .tatsu-column-inner > .tatsu-bottom-divider{z-index: 9999;}.tatsu-ryT5aTIeKT > .tatsu-column-inner > .tatsu-left-divider{z-index: 9999;}.tatsu-ryT5aTIeKT > .tatsu-column-inner > .tatsu-right-divider{z-index: 9999;}@media only screen and (max-width:1377px) {.tatsu-row > .tatsu-ryT5aTIeKT.tatsu-column{width: 100%;}}@media only screen and (min-width:768px) and (max-width: 1024px) {.tatsu-row > .tatsu-ryT5aTIeKT.tatsu-column{width: 100%;}}@media only screen and (max-width: 767px) {.tatsu-row > .tatsu-ryT5aTIeKT.tatsu-column{width: 100%;}}<\/style><\/div><\/div><\/div><\/div><div class=\"tatsu-section-background-wrap\"><div class = \"tatsu-section-background tatsu-bg-lazyload\" data-src = \"\"><\/div><\/div><div class=\"tatsu-overlay tatsu-section-overlay\"><\/div><style>.tatsu-rJ75ap8eY6 .tatsu-section-pad{padding: 15px 0px 0px 0px;}.tatsu-rJ75ap8eY6 .tatsu-section-offset-wrap{transform: translateY(-0px);}.tatsu-rJ75ap8eY6 > .tatsu-bottom-divider{z-index: 9999;}.tatsu-rJ75ap8eY6 > .tatsu-top-divider{z-index: 9999;}.tatsu-rJ75ap8eY6 .tatsu-section-overlay{mix-blend-mode: normal;}<\/style><\/div>\n","protected":false},"excerpt":{"rendered":"","protected":false},"author":2,"featured_media":0,"parent":0,"menu_order":0,"comment_status":"closed","ping_status":"closed","template":"","meta":{"footnotes":""},"class_list":["post-5140","page","type-page","status-publish","hentry"],"aioseo_notices":[],"_links":{"self":[{"href":"https:\/\/ioniancoast.com\/de\/wp-json\/wp\/v2\/pages\/5140","targetHints":{"allow":["GET"]}}],"collection":[{"href":"https:\/\/ioniancoast.com\/de\/wp-json\/wp\/v2\/pages"}],"about":[{"href":"https:\/\/ioniancoast.com\/de\/wp-json\/wp\/v2\/types\/page"}],"author":[{"embeddable":true,"href":"https:\/\/ioniancoast.com\/de\/wp-json\/wp\/v2\/users\/2"}],"replies":[{"embeddable":true,"href":"https:\/\/ioniancoast.com\/de\/wp-json\/wp\/v2\/comments?post=5140"}],"version-history":[{"count":0,"href":"https:\/\/ioniancoast.com\/de\/wp-json\/wp\/v2\/pages\/5140\/revisions"}],"wp:attachment":[{"href":"https:\/\/ioniancoast.com\/de\/wp-json\/wp\/v2\/media?parent=5140"}],"curies":[{"name":"wp","href":"https:\/\/api.w.org\/{rel}","templated":true}]}}