{"id":6461,"date":"2025-01-16T23:47:35","date_gmt":"2025-01-16T21:47:35","guid":{"rendered":"https:\/\/ioniancoast.com\/rent-a-car-sivota-rent-a-scooter-sivota\/"},"modified":"2025-01-29T14:18:07","modified_gmt":"2025-01-29T12:18:07","slug":"autovermietung-sivota-rollervermietung-sivota","status":"publish","type":"page","link":"https:\/\/ioniancoast.com\/de\/autovermietung-sivota-rollervermietung-sivota\/","title":{"rendered":"Besuchen Sivota"},"content":{"rendered":"<div  class=\"tatsu-hxnagcgwj0gew2sv tatsu-section  tatsu-bg-overlay   tatsu-clearfix\" data-title=\"\"  data-headerscheme=\"background--dark\"><div class='tatsu-section-pad clearfix' data-padding='{\"d\":\"10px 0px 90px 0px\"}' data-padding-top='10px'><div class=\"tatsu-row-wrap  tatsu-wrap tatsu-row-one-col tatsu-row-has-one-cols tatsu-medium-gutter tatsu-reg-cols  tatsu-clearfix tatsu-HkgfZSewvJx\" ><div  class=\"tatsu-row \" ><div  class=\"tatsu-column  tatsu-bg-overlay tatsu-one-col tatsu-column-image-none tatsu-column-effect-none  tatsu-rkM-HlvPkl\"  data-parallax-speed=\"0\" style=\"\"><div class=\"tatsu-column-inner \" ><div class=\"tatsu-column-pad-wrap\"><div class=\"tatsu-column-pad\" ><div  class=\"tatsu-module tatsu-text-block-wrap tatsu-ryoWHxDDJe  \"><div class=\"tatsu-text-inner tatsu-align-center  clearfix\" ><style>.tatsu-ryoWHxDDJe.tatsu-text-block-wrap .tatsu-text-inner{width: 100%;text-align: left;}<\/style>\n<h3 style=\"text-align: center;\"><strong>Autovermietung Sivota und Rollervermietung Sivota - Entdecken Sie das Sch\u00f6ne <a href=\"https:\/\/ioniancoast.com\/de\/autovermietung-sivota\/\">Sivota<\/a>, Igoumenitsa, Greece<\/strong><\/h3>\n<\/div><\/div><\/div><\/div><div class = \"tatsu-column-bg-image-wrap\"><div class = \"tatsu-column-bg-image tatsu-bg-lazyload\" data-src = \"\"><\/div><\/div><div class=\"tatsu-overlay tatsu-column-overlay tatsu-animate-none\" ><\/div><\/div><style>.tatsu-row > .tatsu-rkM-HlvPkl.tatsu-column{width: 100%;}.tatsu-rkM-HlvPkl.tatsu-column > .tatsu-column-inner > .tatsu-column-overlay{mix-blend-mode: normal;}.tatsu-rkM-HlvPkl > .tatsu-column-inner > .tatsu-top-divider{z-index: 9999;}.tatsu-rkM-HlvPkl > .tatsu-column-inner > .tatsu-bottom-divider{z-index: 9999;}.tatsu-rkM-HlvPkl > .tatsu-column-inner > .tatsu-left-divider{z-index: 9999;}.tatsu-rkM-HlvPkl > .tatsu-column-inner > .tatsu-right-divider{z-index: 9999;}@media only screen and (max-width:1377px) {.tatsu-row > .tatsu-rkM-HlvPkl.tatsu-column{width: 100%;}}@media only screen and (min-width:768px) and (max-width: 1024px) {.tatsu-row > .tatsu-rkM-HlvPkl.tatsu-column{width: 100%;}}@media only screen and (max-width: 767px) {.tatsu-row > .tatsu-rkM-HlvPkl.tatsu-column{width: 100%;}}<\/style><\/div><\/div><\/div><div class=\"tatsu-row-wrap  tatsu-wrap tatsu-row-one-col tatsu-row-has-one-cols tatsu-medium-gutter tatsu-reg-cols  tatsu-clearfix tatsu-Hyxr7HgDwke\" ><div  class=\"tatsu-row \" ><div  class=\"tatsu-column  tatsu-bg-overlay tatsu-one-col tatsu-column-image-none tatsu-column-effect-none  tatsu-rJB7BlPPJx\"  data-parallax-speed=\"0\" style=\"\"><div class=\"tatsu-column-inner \" ><div class=\"tatsu-column-pad-wrap\"><div class=\"tatsu-column-pad\" ><div  class=\"tatsu-single-image tatsu-module align-center tatsu-image-lazyload tatsu-SyXBBxDP1x  \" ><div class=\"tatsu-single-image-inner \" style=\"width : 1200px;\" ><div class = \"tatsu-single-image-padding-wrap\" style = \"padding-bottom : 66.666666666667%;\" ><\/div><img class = \"tatsu-gradient-border\" alt = \"Rent a Car Sivota Igoumenitsa Preveza Ioannina\" title = \"Ionian Coast Car Rental Sivota\" data-src = \"https:\/\/ioniancoast.com\/wp-content\/uploads\/2019\/03\/ionian-coast-rentals-car-bike-excursions-parga-village-sivota.jpg\" src =\"data:image\/png;base64,iVBORw0KGgoAAAANSUhEUgAAAAEAAAABCAQAAAC1HAwCAAAAC0lEQVR42mNkYAAAAAYAAjCB0C8AAAAASUVORK5CYII=\"  \/><\/div><style>.tatsu-SyXBBxDP1x .tatsu-single-image-inner{border-style: solid;max-width: 51%;}.tatsu-SyXBBxDP1x.tatsu-single-image{transform: translate3d(0px,0px, 0);}<\/style><\/div><\/div><\/div><div class = \"tatsu-column-bg-image-wrap\"><div class = \"tatsu-column-bg-image tatsu-bg-lazyload\" data-src = \"\"><\/div><\/div><div class=\"tatsu-overlay tatsu-column-overlay tatsu-animate-none\" ><\/div><\/div><style>.tatsu-row > .tatsu-rJB7BlPPJx.tatsu-column{width: 100%;}.tatsu-rJB7BlPPJx.tatsu-column > .tatsu-column-inner > .tatsu-column-overlay{mix-blend-mode: normal;}.tatsu-rJB7BlPPJx > .tatsu-column-inner > .tatsu-top-divider{z-index: 9999;}.tatsu-rJB7BlPPJx > .tatsu-column-inner > .tatsu-bottom-divider{z-index: 9999;}.tatsu-rJB7BlPPJx > .tatsu-column-inner > .tatsu-left-divider{z-index: 9999;}.tatsu-rJB7BlPPJx > .tatsu-column-inner > .tatsu-right-divider{z-index: 9999;}@media only screen and (max-width:1377px) {.tatsu-row > .tatsu-rJB7BlPPJx.tatsu-column{width: 100%;}}@media only screen and (min-width:768px) and (max-width: 1024px) {.tatsu-row > .tatsu-rJB7BlPPJx.tatsu-column{width: 100%;}}@media only screen and (max-width: 767px) {.tatsu-row > .tatsu-rJB7BlPPJx.tatsu-column{width: 100%;}}<\/style><\/div><\/div><\/div><div class=\"tatsu-row-wrap  tatsu-wrap tatsu-row-one-col tatsu-row-has-one-cols tatsu-medium-gutter tatsu-reg-cols  tatsu-clearfix tatsu-hxnagcgwl91nhmpj\" ><div  class=\"tatsu-row \" ><div  class=\"tatsu-column  tatsu-bg-overlay tatsu-one-col tatsu-column-image-none tatsu-column-effect-none  tatsu-hxnagcgwna917c9t\"  data-parallax-speed=\"0\" style=\"\"><div class=\"tatsu-column-inner \" ><div class=\"tatsu-column-pad-wrap\"><div class=\"tatsu-column-pad\" ><div  class=\"tatsu-module tatsu-text-block-wrap tatsu-hxnagcgwp514ncry  \"><div class=\"tatsu-text-inner tatsu-align-center  clearfix\" ><style>.tatsu-hxnagcgwp514ncry.tatsu-text-block-wrap .tatsu-text-inner{width: 100%;text-align: left;}<\/style>\n<h4 style=\"text-align: center;\"><strong>Willkommen bei <a href=\"https:\/\/en.wikipedia.org\/wiki\/Syvota\">Sivota<\/a>!<\/strong><\/h4>\n<p style=\"text-align: center;\"><strong>Sivota<\/strong> ist ein charmantes K\u00fcstendorf in der malerischen Region Epirus im Nordwesten Griechenlands. Sivota ist ber\u00fchmt f\u00fcr seine atemberaubende Natursch\u00f6nheit, sein kristallklares Wasser und seine reiche Geschichte und ein verstecktes Juwel, das darauf wartet, entdeckt zu werden. Egal, ob Sie einen erholsamen Strandurlaub, eine abenteuerliche Erkundung der umliegenden Berge oder eine Kulturreise planen, Sivota bietet eine vielf\u00e4ltige Auswahl an Erlebnissen.<\/p>\n<p style=\"text-align: center;\">Mit seinen atemberaubenden Str\u00e4nden und malerischen Landschaften l\u00e4sst sich Sivota am besten in Ihrem eigenen Tempo erkunden \u2013 <strong>Autovermietung Sivota<\/strong> und entdecken Sie die verborgenen Sch\u00e4tze dieses malerischen Dorfes.<\/p>\n<p style=\"text-align: center;\">Die ideale Lage des Dorfes an der ionischen K\u00fcste erm\u00f6glicht es Ihnen, sowohl Ruhe als auch das pulsierende lokale Leben zu erleben, was es zum perfekten Reiseziel f\u00fcr diejenigen macht, die Ruhe oder Abenteuer suchen. <strong>Autovermietung Sivota<\/strong> und erkunden Sie die Gegend in Ihrem eigenen Tempo und entdecken Sie alles, was diese wundersch\u00f6ne Region zu bieten hat.<\/p>\n<p style=\"text-align: center;\">Von den bezaubernden K\u00fcstenstra\u00dfen bis zu den H\u00fcgeln mit Blick auf das Ionische Meer \u2013 <strong>Autovermietung Sivota<\/strong> und genie\u00dfen Sie die Freiheit, lokale Sehensw\u00fcrdigkeiten zu besuchen und atemberaubende Aussichten zu genie\u00dfen.<\/p>\n<p style=\"text-align: center;\">Entdecken Sie die Gegend \u2013 Sivota<\/p>\n<p style=\"text-align: center;\">Sivota ist ein ruhiges Dorf, umgeben von \u00fcppigen gr\u00fcnen H\u00fcgeln, Olivenhainen und klarem blauen Wasser. Das Dorf selbst ist eine ruhige Oase, aber durch die N\u00e4he zu Igoumenitsa haben Sie auch Zugang zu gr\u00f6\u00dferen Annehmlichkeiten wie Restaurants, Gesch\u00e4ften und Verkehrsanbindungen. Der gesch\u00e4ftige Hafen von Igoumenitsa und die nahegelegenen Inseln wie Korfu und Paxi bieten spannende M\u00f6glichkeiten f\u00fcr Tagesausfl\u00fcge. <strong>Autovermietung Sivota<\/strong>, um die Gegend bequem zu erkunden und die bequeme Fahrt zwischen dem malerischen Dorf und den nahegelegenen Sehensw\u00fcrdigkeiten zu genie\u00dfen.<\/p>\n<p style=\"text-align: center;\"><strong>Wichtige Highlights von Sivota:<\/strong><\/p>\n<p style=\"text-align: center;\">Idyllische Lage: Im wundersch\u00f6nen Ionischen Meer gelegen, mit atemberaubender Aussicht, \u00fcppiger Vegetation und malerischer Umgebung.<br \/>\nZugang zu nahegelegenen Inseln: Sivota ist ein ausgezeichneter Ausgangspunkt, um nahegelegene Inseln wie Korfu, Paxi und Antipaxi zu erkunden.<br \/>\nPerfekt f\u00fcr Naturliebhaber: Umgeben von H\u00fcgeln und \u00fcppigen Landschaften ist Sivota mit zahlreichen Wanderwegen und malerischen Aussichtspunkten der Traum eines jeden Naturliebhabers.<\/p>\n<p style=\"text-align: center;\"><strong>Str\u00e4nde von Sivota<\/strong><\/p>\n<p style=\"text-align: center;\">Sivota bietet einige der sch\u00f6nsten und unber\u00fchrtesten Str\u00e4nde Griechenlands. Egal, ob Sie einen ruhigen, abgeschiedenen Ort oder eine lebhafte Gegend mit Sonnenliegen und Strandbars suchen, es gibt f\u00fcr jeden etwas. Hier sind einige der besten Str\u00e4nde in der Gegend:<\/p>\n<p style=\"text-align: center;\">Bella Vraka Beach<br \/>\nBella Vraka ist ein atemberaubender Strand, der f\u00fcr sein kristallklares Wasser und seine Sandstr\u00e4nde ber\u00fchmt ist. Er ist einer der begehrtesten Str\u00e4nde in Sivota. Sie k\u00f6nnen ihn mit dem Boot oder \u00fcber einen kleinen Fu\u00dfweg vom nahe gelegenen Zavia Beach aus erreichen.<br \/>\nMikri Ammos Beach<br \/>\nEin kleiner und ruhiger Strand, ideal zum Sonnenbaden und Schwimmen. Mit seinem ruhigen Wasser ist er ein gro\u00dfartiger Ort f\u00fcr Familien und alle, die ein entspannteres Erlebnis suchen.<br \/>\nZavia Beach<br \/>\nDieser ruhige Strand bietet ruhiges Wasser, ideal zum Schwimmen und Entspannen. Es ist ein ruhiger Ort, perfekt f\u00fcr alle, die den Menschenmassen entfliehen m\u00f6chten.<br \/>\nMega Ammos Beach<br \/>\nEin gr\u00f6\u00dferer Sandstrand mit flachem Wasser, ideal f\u00fcr Familien mit Kindern. Am Strand reihen sich auch einige Tavernen, die k\u00f6stliche lokale K\u00fcche anbieten.<br \/>\nAgia Paraskevi Beach<br \/>\nEin abgeschiedener und ruhiger Strand mit kristallklarem Wasser, perfekt f\u00fcr alle, die eine ruhige Auszeit von den belebteren Str\u00e4nden suchen.<br \/>\nAlle Str\u00e4nde rund um Sivota bieten eine atemberaubende Natursch\u00f6nheit, einige bieten Strandbars und Tavernen, w\u00e4hrend andere unber\u00fchrter bleiben f\u00fcr diejenigen, die eine ruhigere Umgebung suchen. Das umliegende Wasser ist ruhig und eignet sich perfekt f\u00fcr eine Reihe von Aktivit\u00e4ten, darunter Schwimmen, Schnorcheln und Kajakfahren.<\/p>\n<p style=\"text-align: center;\">Wenn Sie das Dorf und die umliegenden Gebiete auf abenteuerlichere und flexiblere Weise erkunden m\u00f6chten, <strong>Rollervermietung Sivota<\/strong> und genie\u00dfen Sie die Freiheit, die malerischen Stra\u00dfen in Ihrem eigenen Tempo zu befahren.<\/p>\n<p style=\"text-align: center;\"><strong>Hotels und Unterk\u00fcnfte in Sivota<\/strong><\/p>\n<p style=\"text-align: center;\">Sivota bietet eine gro\u00dfe Auswahl an Unterkunftsm\u00f6glichkeiten f\u00fcr die Bed\u00fcrfnisse jedes Reisenden, egal ob Sie nach einem Luxusresort, einem Boutique-Hotel oder einem gem\u00fctlichen G\u00e4stehaus suchen. Es gibt auch viele M\u00f6glichkeiten f\u00fcr Selbstversorgerunterk\u00fcnfte und Villen f\u00fcr diejenigen, die einen privateren und unabh\u00e4ngigeren Aufenthalt bevorzugen.<\/p>\n<p style=\"text-align: center;\"><strong>Die Unterkunftsm\u00f6glichkeiten in Sivota sind vielf\u00e4ltig und bieten:<\/strong><\/p>\n<p style=\"text-align: center;\">Luxushotels und -resorts: Genie\u00dfen Sie erstklassige Annehmlichkeiten, Swimmingpools, atemberaubende Aussichten und die N\u00e4he zu den Str\u00e4nden.<br \/>\nFamilienfreundliche Hotels: Viele familienorientierte Unterk\u00fcnfte mit einfachem Zugang zum Strand und Aktivit\u00e4ten f\u00fcr Kinder.<br \/>\nTraditionelle G\u00e4steh\u00e4user und Studios: F\u00fcr diejenigen, die ein authentischeres, gem\u00fctlicheres Erlebnis mit lokalem Touch w\u00fcnschen.<br \/>\nCamping und Glamping: Es gibt auch einige charmante Campingpl\u00e4tze rund um Sivota f\u00fcr diejenigen, die die Natur auf g\u00fcnstigere Weise genie\u00dfen m\u00f6chten.<br \/>\nUnternehmungen in Sivota \u2013 Aktivit\u00e4ten und Attraktionen<\/p>\n<p style=\"text-align: center;\">Sivota hat nicht nur sch\u00f6ne Str\u00e4nde und Entspannung zu bieten \u2013 es gibt viele Aktivit\u00e4ten und Unternehmungsm\u00f6glichkeiten in und um die Gegend. Egal, ob Sie ein Abenteuerlustiger oder ein Geschichtsliebhaber sind, Sivota hat etwas zu bieten.<\/p>\n<ul>\n<li>Bootsverleih und Kreuzfahrten: Erkunden Sie die K\u00fcste und die nahegelegenen Inseln in Ihrem eigenen Tempo mit einem gemieteten Boot. Sie k\u00f6nnen auch an gef\u00fchrten Bootstouren zu nahegelegenen Inseln wie Paxi und Antipaxi teilnehmen.<\/li>\n<li>Wassersport: Sivota ist ein gro\u00dfartiger Ort, um Wassersportarten wie Kajakfahren, Paddeln, Schnorcheln und sogar Sporttauchen auszuprobieren. Das ruhige Wasser ist perfekt f\u00fcr Anf\u00e4nger und das reiche Meeresleben der Gegend macht es zu einem gro\u00dfartigen Ort zum Schnorcheln.<\/li>\n<li>Wandern und Spazierg\u00e4nge in der Natur: Sivota und die Umgebung bieten mehrere Wanderwege, perfekt f\u00fcr diejenigen, die die wundersch\u00f6nen Landschaften erkunden und die lokale Flora und Fauna beobachten m\u00f6chten.<\/li>\n<li>Kulturelle Touren und historische St\u00e4tten: Besuchen Sie nahegelegene historische St\u00e4tten, darunter antike Ruinen und traditionelle D\u00f6rfer, um einen Eindruck von der griechischen Kultur und Geschichte zu bekommen. Die Stadt Igoumenitsa, nur eine kurze Autofahrt entfernt, bietet auch arch\u00e4ologische St\u00e4tten und Museen.<\/li>\n<li>Tagesausfl\u00fcge zu nahegelegenen Inseln: Sivota ist ein gro\u00dfartiger Ausgangspunkt, um nahegelegene Inseln wie Korfu, Paxi und Antipaxi zu erkunden. Sie k\u00f6nnen eine F\u00e4hre nehmen oder ein Boot mieten, um diese wundersch\u00f6nen Ziele zu erkunden.<\/li>\n<li>Essen und lokale K\u00fcche: Sivota bietet viele Tavernen und Restaurants, die authentische griechische K\u00fcche servieren, darunter frisch gefangene Meeresfr\u00fcchte, lokale Spezialit\u00e4ten und mediterrane Gerichte. Vergessen Sie nicht, das lokale Oliven\u00f6l und die Weine zu probieren!\n<p style=\"text-align: center;\"><strong>Entdecken Sie Sivota mit unserem Autovermietungsservice<\/strong><\/p>\n<p style=\"text-align: center;\"><strong>Autovermietung Sivota<\/strong>, und genie\u00dfen Sie die Bequemlichkeit, die sch\u00f6ne Region in Ihrem eigenen Tempo zu erkunden. Ob Sie abgelegene Str\u00e4nde besuchen, in nahe gelegene D\u00f6rfer reisen oder eine malerische Fahrt durch die wundersch\u00f6ne Landschaft unternehmen m\u00f6chten, unser Autovermietungsservice macht es einfach und bequem.<\/p>\n<p style=\"text-align: center;\">Keine Wartezeit: Wir liefern das Auto direkt an Ihren Standort, damit Sie Ihren Urlaub ohne Verz\u00f6gerung beginnen k\u00f6nnen.<\/p>\n<p style=\"text-align: center;\">Flexible Abhol- und R\u00fcckgabeorte: Vereinbaren Sie einen geeigneten Treffpunkt, einschlie\u00dflich des F\u00e4hrterminals.<br \/>\nVielfalt an Fahrzeugen: W\u00e4hlen Sie aus einer Reihe von Fahrzeugen, die Ihren Anforderungen entsprechen, von Kleinwagen bis hin zu gr\u00f6\u00dferen Fahrzeugen f\u00fcr Familien und Gruppen.<br \/>\nSuchen Sie nach etwas Abenteuerlicherem? <strong>Rollervermietung Sivota<\/strong> und flitzen Sie durch das Dorf oder machen Sie eine Fahrt in die umliegende Landschaft. Es ist eine erschwingliche und unterhaltsame Art, Sivota zu erleben!<\/p>\n<p style=\"text-align: center;\"><strong>Buchen Sie Ihr Auto oder Ihren Motorroller noch heute!<\/strong><br \/>\nReservieren Sie jetzt Ihr Mietauto oder Ihren Motorroller und beginnen Sie Ihr Abenteuer in Sivota ohne Stress.<\/p>\n<\/div><\/div><\/div><\/div><div class = \"tatsu-column-bg-image-wrap\"><div class = \"tatsu-column-bg-image tatsu-bg-lazyload\" data-src = \"\"><\/div><\/div><div class=\"tatsu-overlay tatsu-column-overlay tatsu-animate-none\" ><\/div><\/div><style>.tatsu-row > .tatsu-hxnagcgwna917c9t.tatsu-column{width: 100%;}.tatsu-hxnagcgwna917c9t.tatsu-column > .tatsu-column-inner > .tatsu-column-overlay{mix-blend-mode: normal;}.tatsu-hxnagcgwna917c9t > .tatsu-column-inner > .tatsu-top-divider{z-index: 9999;}.tatsu-hxnagcgwna917c9t > .tatsu-column-inner > .tatsu-bottom-divider{z-index: 9999;}.tatsu-hxnagcgwna917c9t > .tatsu-column-inner > .tatsu-left-divider{z-index: 9999;}.tatsu-hxnagcgwna917c9t > .tatsu-column-inner > .tatsu-right-divider{z-index: 9999;}<\/style><\/div><\/div><\/div><\/div><div class=\"tatsu-section-background-wrap\"><div class = \"tatsu-section-background tatsu-bg-lazyload\" data-src = \"\"><\/div><\/div><div class=\"tatsu-overlay tatsu-section-overlay\"><\/div><style>.tatsu-hxnagcgwj0gew2sv .tatsu-section-pad{padding: 10px 0px 90px 0px;}.tatsu-hxnagcgwj0gew2sv > .tatsu-bottom-divider{z-index: 9999;}.tatsu-hxnagcgwj0gew2sv > .tatsu-top-divider{z-index: 9999;}.tatsu-hxnagcgwj0gew2sv .tatsu-section-overlay{mix-blend-mode: normal;}<\/style><\/div><\/li>\n<\/ul>\n","protected":false},"excerpt":{"rendered":"","protected":false},"author":2,"featured_media":0,"parent":0,"menu_order":0,"comment_status":"closed","ping_status":"closed","template":"","meta":{"footnotes":""},"class_list":["post-6461","page","type-page","status-publish","hentry"],"aioseo_notices":[],"_links":{"self":[{"href":"https:\/\/ioniancoast.com\/de\/wp-json\/wp\/v2\/pages\/6461","targetHints":{"allow":["GET"]}}],"collection":[{"href":"https:\/\/ioniancoast.com\/de\/wp-json\/wp\/v2\/pages"}],"about":[{"href":"https:\/\/ioniancoast.com\/de\/wp-json\/wp\/v2\/types\/page"}],"author":[{"embeddable":true,"href":"https:\/\/ioniancoast.com\/de\/wp-json\/wp\/v2\/users\/2"}],"replies":[{"embeddable":true,"href":"https:\/\/ioniancoast.com\/de\/wp-json\/wp\/v2\/comments?post=6461"}],"version-history":[{"count":0,"href":"https:\/\/ioniancoast.com\/de\/wp-json\/wp\/v2\/pages\/6461\/revisions"}],"wp:attachment":[{"href":"https:\/\/ioniancoast.com\/de\/wp-json\/wp\/v2\/media?parent=6461"}],"curies":[{"name":"wp","href":"https:\/\/api.w.org\/{rel}","templated":true}]}}