{"id":4360,"date":"2023-03-20T21:44:52","date_gmt":"2023-03-20T19:44:52","guid":{"rendered":"https:\/\/ioniancoast.com\/ioannina\/"},"modified":"2025-01-28T16:31:30","modified_gmt":"2025-01-28T14:31:30","slug":"louer-une-voiture-ioannina","status":"publish","type":"page","link":"https:\/\/ioniancoast.com\/fr\/louer-une-voiture-ioannina\/","title":{"rendered":"Ioannina"},"content":{"rendered":"<div  class=\"tatsu-hlmjdawsna2g22o2 tatsu-section  tatsu-bg-overlay   tatsu-clearfix\" data-title=\"\"  data-headerscheme=\"background--dark\"><div class='tatsu-section-pad clearfix' data-padding='{\"d\":\"15px 0px 15px 0px\"}' data-padding-top='15px'><div class=\"tatsu-row-wrap  tatsu-wrap tatsu-row-one-col tatsu-row-has-one-cols tatsu-medium-gutter tatsu-reg-cols  tatsu-clearfix tatsu-hlmjdawsqh2wxd1f\" ><style>.tatsu-hlmjdawsqh2wxd1f.tatsu-row-wrap > .tatsu-row{background-color: rgba(0,0,0,1);}<\/style><div  class=\"tatsu-row \" ><div  class=\"tatsu-column  tatsu-bg-overlay tatsu-one-col tatsu-column-image-none tatsu-column-effect-none  tatsu-hlmjdawst14n8uds\"  data-parallax-speed=\"0\" style=\"\"><div class=\"tatsu-column-inner \" ><div class=\"tatsu-column-pad-wrap\"><div class=\"tatsu-column-pad\" ><div  class=\"tatsu-shortcode-module tatsu-module tatsu-SyNVrEida   \"  ><div id=\"mod_vikrentcar_search-7\" class=\"widget-container widget_mod_vikrentcar_search\">\r\n<div class=\"vrcdivsearch vrcdivsearchmodule vrc-searchmod-wrap-horizontal\">\r\n\t<form action=\"https:\/\/ioniancoast.com\/fr\/louer-une-voiture-ioannina\/?option=com_vikrentcar&amp;task=search&amp;Itemid=0\" method=\"post\" onsubmit=\"return vrcValidateSearch214();\">\r\n\t\t<input type=\"hidden\" name=\"task\" value=\"search\"\/>\r\n    <div class=\"vrc-searchmod-section-pickup\">\n<div class=\"vrcsfentrycont\"><label for=\"modplace\">Lieu de D\u00e9part<\/label><div class=\"vrcsfentryselect\"><select name=\"place\" id=\"modplace\"><option value=\"1\">Office Sivota harbour<\/option>\n<option value=\"2\">Igoumenitsa Port<\/option>\n<option value=\"3\">Ioannina Airport<\/option>\n<option value=\"4\">Preveza Airport<\/option>\n<option value=\"5\">Plataria<\/option>\n<\/select><\/div><\/div>\n<div class=\"vrcsfentrycont\"><label for=\"modreturnplace\">Lieu de Retour<\/label><div class=\"vrcsfentryselect\"><select name=\"returnplace\" id=\"modreturnplace\"><option value=\"1\">Office Sivota harbour<\/option>\n<option value=\"2\">Igoumenitsa Port<\/option>\n<option value=\"3\">Ioannina Airport<\/option>\n<option value=\"4\">Preveza Airport<\/option>\n<option value=\"5\">Plataria<\/option>\n<\/select><\/div><\/div>\n<\/div>\n<div class=\"vrc-searchmod-section-datetimes\">\n<div class=\"vrcsfentrycont\">\n\t<div class=\"vrcsfentrylabsel\">\n\t\t<label for=\"pickupdatemod214\">Date  D\u00e9part<\/label>\n\t\t<div class=\"vrcsfentrydate\">\n\t\t\t<input type=\"text\" name=\"pickupdate\" id=\"pickupdatemod214\" size=\"10\" autocomplete=\"off\" onfocus=\"this.blur();\" readonly\/><i class=\"far fa-calendar-alt vrc-caltrigger\"><\/i>\n\t\t<\/div>\n\t<\/div>\n\t<div class=\"vrcsfentrytime\">\n\t\t<label for=\"pickuph\">Heure  D\u00e9part<\/label>\n\t\t<div class=\"vrc-sf-time-container\">\n\t\t\t<span id=\"vrcmodselph\"><select id=\"pickuph\" name=\"pickuph\"><option value=\"0\">00<\/option>\n<option value=\"1\">01<\/option>\n<option value=\"2\">02<\/option>\n<option value=\"3\">03<\/option>\n<option value=\"4\">04<\/option>\n<option value=\"5\">05<\/option>\n<option value=\"6\">06<\/option>\n<option value=\"7\">07<\/option>\n<option value=\"8\">08<\/option>\n<option value=\"9\" selected=\"selected\">09<\/option>\n<option value=\"10\">10<\/option>\n<option value=\"11\">11<\/option>\n<option value=\"12\">12<\/option>\n<option value=\"13\">13<\/option>\n<option value=\"14\">14<\/option>\n<option value=\"15\">15<\/option>\n<option value=\"16\">16<\/option>\n<option value=\"17\">17<\/option>\n<option value=\"18\">18<\/option>\n<option value=\"19\">19<\/option>\n<option value=\"20\">20<\/option>\n<option value=\"21\">21<\/option>\n<option value=\"22\">22<\/option>\n<option value=\"23\">23<\/option>\n<\/select><\/span>\n\t\t\t<span class=\"vrctimesep\">:<\/span>\n\t\t\t<span id=\"vrcmodselpm\"><select name=\"pickupm\"><option value=\"0\" selected=\"selected\">00<\/option>\n<option value=\"15\">15<\/option>\n<option value=\"30\">30<\/option>\n<option value=\"45\">45<\/option>\n<\/select><\/span>\n\t\t<\/div>\n\t<\/div>\n<\/div>\n<div class=\"vrcsfentrycont\">\n\t<div class=\"vrcsfentrylabsel\">\n\t\t<label for=\"releasedatemod214\">Date Retour<\/label>\n\t\t<div class=\"vrcsfentrydate\">\n\t\t\t<input type=\"text\" name=\"releasedate\" id=\"releasedatemod214\" size=\"10\" autocomplete=\"off\" onfocus=\"this.blur();\" readonly\/><i class=\"far fa-calendar-alt vrc-caltrigger\"><\/i>\n\t\t<\/div>\n\t<\/div>\n\t<div class=\"vrcsfentrytime\">\n\t\t<label for=\"releaseh\">Heure Retour<\/label>\n\t\t<div class=\"vrc-sf-time-container\">\n\t\t\t<span id=\"vrcmodseldh\"><select id=\"releaseh\" name=\"releaseh\"><option value=\"0\">00<\/option>\n<option value=\"1\">01<\/option>\n<option value=\"2\">02<\/option>\n<option value=\"3\">03<\/option>\n<option value=\"4\">04<\/option>\n<option value=\"5\">05<\/option>\n<option value=\"6\">06<\/option>\n<option value=\"7\">07<\/option>\n<option value=\"8\">08<\/option>\n<option value=\"9\" selected=\"selected\">09<\/option>\n<option value=\"10\">10<\/option>\n<option value=\"11\">11<\/option>\n<option value=\"12\">12<\/option>\n<option value=\"13\">13<\/option>\n<option value=\"14\">14<\/option>\n<option value=\"15\">15<\/option>\n<option value=\"16\">16<\/option>\n<option value=\"17\">17<\/option>\n<option value=\"18\">18<\/option>\n<option value=\"19\">19<\/option>\n<option value=\"20\">20<\/option>\n<option value=\"21\">21<\/option>\n<option value=\"22\">22<\/option>\n<option value=\"23\">23<\/option>\n<\/select><\/span>\n\t\t\t<span class=\"vrctimesep\">:<\/span>\n\t\t\t<span id=\"vrcmodseldm\"><select name=\"releasem\"><option value=\"0\" selected=\"selected\">00<\/option>\n<option value=\"15\">15<\/option>\n<option value=\"30\">30<\/option>\n<option value=\"45\">45<\/option>\n<\/select><\/span>\n\t\t<\/div>\n\t<\/div>\n<\/div>\n<\/div>\n\t\t\t<input type=\"hidden\" name=\"categories\" value=\"3\" \/>\r\n\t\t\t<input type=\"hidden\" name=\"category_id\" value=\"3\" \/>\r\n\t\t\t    \t<div class=\"vrc-searchmod-section-sbmt\">\r\n\t\t\t<div class=\"vrcsfentrycont\">\r\n\t\t\t\t<div class=\"vrcsfentrysubmit\">\r\n\t\t\t\t\t<button type=\"submit\" class=\"btn vrcsearch vrc-pref-color-btn\">Chercher<\/button>\r\n\t\t\t\t<\/div>\r\n\t\t\t<\/div>\r\n\t\t<\/div>\r\n    <\/form>\r\n<\/div>\r\n\r\n<script type=\"text\/javascript\">\r\nfunction vrcCleanNumber214(snum) {\r\n\tif (snum.length > 1 && snum.substr(0, 1) == '0') {\r\n\t\treturn parseInt(snum.substr(1));\r\n\t}\r\n\treturn parseInt(snum);\r\n}\r\nfunction vrcFormatTime214(h, m) {\r\n\tvar time_format = 'H:i';\r\n\tvar time_ftfour = (time_format == 'H:i');\r\n\tvar time_ampm = '';\r\n\tif (!time_ftfour) {\r\n\t\tif (h >= 12 && h < 24) {\r\n\t\t\ttime_ampm = ' PM';\r\n\t\t\tif (h > 12) {\r\n\t\t\t\th -= 12;\r\n\t\t\t}\r\n\t\t} else {\r\n\t\t\ttime_ampm = ' AM';\r\n\t\t}\r\n\t}\r\n\treturn (h < 10 ? ('0' + h) : h) + ':' + ((m < 10 ? ('0' + m) : m)) + time_ampm;\r\n}\r\nfunction vrcValidateSearch214() {\r\n\tif (typeof jQuery === 'undefined' || typeof vrcmod_wopening_pick === 'undefined') {\r\n\t\treturn true;\r\n\t}\r\n\tif (vrcmod_mopening_pick !== null) {\r\n\t\t\/\/ pickup time\r\n\t\tvar pickh = jQuery('#vrcmodselph').find('select').val();\r\n\t\tvar pickm = jQuery('#vrcmodselpm').find('select').val();\r\n\t\tif (!pickh || !pickh.length || !pickm) {\r\n\t\t\treturn true;\r\n\t\t}\r\n\t\tpickh = vrcCleanNumber214(pickh);\r\n\t\tpickm = vrcCleanNumber214(pickm);\r\n\t\tif (pickh == vrcmod_mopening_pick[0]) {\r\n\t\t\tif (pickm < vrcmod_mopening_pick[1]) {\r\n\t\t\t\t\/\/ location is still closed at this time\r\n\t\t\t\tjQuery('#vrcmodselpm').find('select').html('<option value=\"'+vrcmod_mopening_pick[1]+'\">'+(vrcmod_mopening_pick[1] < 10 ? '0'+vrcmod_mopening_pick[1] : vrcmod_mopening_pick[1])+'<\/option>').val(vrcmod_mopening_pick[1]);\r\n\t\t\t\talert(Joomla.JText._('VRC_LOC_WILL_OPEN_TIME').replace('%s', vrcFormatTime214(vrcmod_mopening_pick[0], vrcmod_mopening_pick[1])));\r\n\t\t\t\t\/\/ do not return false as we are overwriting the pickup time\r\n\t\t\t\t\/\/ return false;\r\n\t\t\t}\r\n\t\t}\r\n\t\tif (pickh == vrcmod_mopening_pick[2]) {\r\n\t\t\tif (pickm > vrcmod_mopening_pick[3]) {\r\n\t\t\t\t\/\/ location is already closed at this time for a pick up\r\n\t\t\t\tjQuery('#vrccomselpm').find('select').html('<option value=\"'+vrcmod_mopening_pick[3]+'\">'+(vrcmod_mopening_pick[3] < 10 ? '0'+vrcmod_mopening_pick[3] : vrcmod_mopening_pick[3])+'<\/option>').val(vrcmod_mopening_pick[3]);\r\n\t\t\t\talert(Joomla.JText._('VRC_LOC_WILL_CLOSE_TIME').replace('%s', vrcFormatTime214(vrcmod_mopening_pick[2], vrcmod_mopening_pick[3])));\r\n\t\t\t\t\/\/ do not return false as we are overwriting the pickup time\r\n\t\t\t\t\/\/ return false;\r\n\t\t\t}\r\n\t\t}\r\n\t\t\/\/ check for breaks\r\n\t\tif (vrcmod_mopening_pick[4] && vrcmod_mopening_pick[4].length) {\r\n\t\t\tfor (var b = 0; b < vrcmod_mopening_pick[4].length; b++) {\r\n\t\t\t\tif (!vrcmod_mopening_pick[4][b].hasOwnProperty('fh')) {\r\n\t\t\t\t\tcontinue;\r\n\t\t\t\t}\r\n\t\t\t\tvar break_mess = Joomla.JText._('VRC_PICKLOC_IS_ON_BREAK_TIME_FROM_TO')\r\n\t\t\t\t\t.replace('%s', vrcFormatTime214(vrcmod_mopening_pick[4][b]['fh'], vrcmod_mopening_pick[4][b]['fm']))\r\n\t\t\t\t\t.replace('%s', vrcFormatTime214(vrcmod_mopening_pick[4][b]['th'], vrcmod_mopening_pick[4][b]['tm']));\r\n\t\t\t\tvar break_from_secs = (vrcmod_mopening_pick[4][b]['fh'] * 3600) + (vrcmod_mopening_pick[4][b]['fm'] * 60);\r\n\t\t\t\tvar break_to_secs = (vrcmod_mopening_pick[4][b]['th'] * 3600) + (vrcmod_mopening_pick[4][b]['tm'] * 60);\r\n\t\t\t\tvar pick_secs = (pickh * 3600) + (pickm * 60);\r\n\t\t\t\tif (pick_secs > break_from_secs && pick_secs < break_to_secs) {\r\n\t\t\t\t\t\/\/ the location is on break at this time\r\n\t\t\t\t\talert(break_mess);\r\n\t\t\t\t\treturn false;\r\n\t\t\t\t} else if (vrcmod_mopening_pick[4][b]['fh'] > vrcmod_mopening_pick[4][b]['th'] && pick_secs < break_from_secs && pick_secs < break_to_secs) {\r\n\t\t\t\t\t\/\/ overnight break, with time after midnight\r\n\t\t\t\t\talert(break_mess);\r\n\t\t\t\t\treturn false;\r\n\t\t\t\t} else if (vrcmod_mopening_pick[4][b]['fh'] > vrcmod_mopening_pick[4][b]['th'] && pick_secs > break_from_secs && pick_secs > break_to_secs) {\r\n\t\t\t\t\t\/\/ overnight break, with time before midnight\r\n\t\t\t\t\talert(break_mess);\r\n\t\t\t\t\treturn false;\r\n\t\t\t\t}\r\n\t\t\t}\r\n\t\t}\r\n\t}\r\n\r\n\tif (vrcmod_mopening_drop !== null) {\r\n\t\t\/\/ dropoff time\r\n\t\tvar droph = jQuery('#vrcmodseldh').find('select').val();\r\n\t\tvar dropm = jQuery('#vrcmodseldm').find('select').val();\r\n\t\tif (!droph || !droph.length || !dropm) {\r\n\t\t\treturn true;\r\n\t\t}\r\n\t\tdroph = vrcCleanNumber214(droph);\r\n\t\tdropm = vrcCleanNumber214(dropm);\r\n\t\tif (droph == vrcmod_mopening_drop[0]) {\r\n\t\t\tif (dropm > vrcmod_mopening_drop[1]) {\r\n\t\t\t\t\/\/ location is already closed at this time\r\n\t\t\t\tjQuery('#vrcmodseldm').find('select').html('<option value=\"'+vrcmod_mopening_drop[1]+'\">'+(vrcmod_mopening_drop[1] < 10 ? '0'+vrcmod_mopening_drop[1] : vrcmod_mopening_drop[1])+'<\/option>').val(vrcmod_mopening_drop[1]);\r\n\t\t\t\talert(Joomla.JText._('VRC_LOC_WILL_CLOSE_TIME').replace('%s', 214(vrcmod_mopening_drop[0], vrcmod_mopening_drop[1])));\r\n\t\t\t\t\/\/ do not return false as we are overwriting the drop off time\r\n\t\t\t\t\/\/ return false;\r\n\t\t\t}\r\n\t\t}\r\n\t\tif (droph == vrcmod_mopening_drop[2]) {\r\n\t\t\tif (dropm < vrcmod_mopening_drop[3]) {\r\n\t\t\t\t\/\/ location is still closed at this time for a drop off\r\n\t\t\t\tjQuery('#vrcmodseldm').find('select').html('<option value=\"'+vrcmod_mopening_drop[3]+'\">'+(vrcmod_mopening_drop[3] < 10 ? '0'+vrcmod_mopening_drop[3] : vrcmod_mopening_drop[3])+'<\/option>').val(vrcmod_mopening_drop[3]);\r\n\t\t\t\talert(Joomla.JText._('VRC_LOC_WILL_OPEN_TIME').replace('%s', 214(vrcmod_mopening_drop[2], vrcmod_mopening_drop[3])));\r\n\t\t\t\t\/\/ do not return false as we are overwriting the drop off time\r\n\t\t\t\t\/\/ return false;\r\n\t\t\t}\r\n\t\t}\r\n\t\t\/\/ check for breaks\r\n\t\tif (vrcmod_mopening_drop[4] && vrcmod_mopening_drop[4].length) {\r\n\t\t\tfor (var b = 0; b < vrcmod_mopening_drop[4].length; b++) {\r\n\t\t\t\tif (!vrcmod_mopening_drop[4][b].hasOwnProperty('fh')) {\r\n\t\t\t\t\tcontinue;\r\n\t\t\t\t}\r\n\t\t\t\tvar break_mess = Joomla.JText._('VRC_DROPLOC_IS_ON_BREAK_TIME_FROM_TO')\r\n\t\t\t\t\t.replace('%s', 214(vrcmod_mopening_drop[4][b]['fh'], vrcmod_mopening_drop[4][b]['fm']))\r\n\t\t\t\t\t.replace('%s', 214(vrcmod_mopening_drop[4][b]['th'], vrcmod_mopening_drop[4][b]['tm']));\r\n\t\t\t\tvar break_from_secs = (vrcmod_mopening_drop[4][b]['fh'] * 3600) + (vrcmod_mopening_drop[4][b]['fm'] * 60);\r\n\t\t\t\tvar break_to_secs = (vrcmod_mopening_drop[4][b]['th'] * 3600) + (vrcmod_mopening_drop[4][b]['tm'] * 60);\r\n\t\t\t\tvar drop_secs = (droph * 3600) + (dropm * 60);\r\n\t\t\t\tif (drop_secs > break_from_secs && drop_secs < break_to_secs) {\r\n\t\t\t\t\t\/\/ the location is on break at this time\r\n\t\t\t\t\talert(break_mess);\r\n\t\t\t\t\treturn false;\r\n\t\t\t\t} else if (vrcmod_mopening_drop[4][b]['fh'] > vrcmod_mopening_drop[4][b]['th'] && drop_secs < break_from_secs && drop_secs < break_to_secs) {\r\n\t\t\t\t\t\/\/ overnight break, with time after midnight\r\n\t\t\t\t\talert(break_mess);\r\n\t\t\t\t\treturn false;\r\n\t\t\t\t} else if (vrcmod_mopening_drop[4][b]['fh'] > vrcmod_mopening_drop[4][b]['th'] && drop_secs > break_from_secs && drop_secs > break_to_secs) {\r\n\t\t\t\t\t\/\/ overnight break, with time before midnight\r\n\t\t\t\t\talert(break_mess);\r\n\t\t\t\t\treturn false;\r\n\t\t\t\t}\r\n\t\t\t}\r\n\t\t}\r\n\t}\r\n\r\n\treturn true;\r\n}\r\n<\/script>\r\n<\/div><\/div><\/div><\/div><div class = \"tatsu-column-bg-image-wrap\"><div class = \"tatsu-column-bg-image tatsu-bg-lazyload\" data-src = \"\"><\/div><\/div><div class=\"tatsu-overlay tatsu-column-overlay tatsu-animate-none\" ><\/div><\/div><style>.tatsu-row > .tatsu-hlmjdawst14n8uds.tatsu-column{width: 100%;}.tatsu-hlmjdawst14n8uds.tatsu-column > .tatsu-column-inner > .tatsu-column-overlay{mix-blend-mode: normal;}.tatsu-hlmjdawst14n8uds > .tatsu-column-inner > .tatsu-top-divider{z-index: 9999;}.tatsu-hlmjdawst14n8uds > .tatsu-column-inner > .tatsu-bottom-divider{z-index: 9999;}.tatsu-hlmjdawst14n8uds > .tatsu-column-inner > .tatsu-left-divider{z-index: 9999;}.tatsu-hlmjdawst14n8uds > .tatsu-column-inner > .tatsu-right-divider{z-index: 9999;}<\/style><\/div><\/div><\/div><\/div><div class=\"tatsu-section-background-wrap\"><div class = \"tatsu-section-background tatsu-bg-lazyload\" data-src = \"\"><\/div><\/div><div class=\"tatsu-overlay tatsu-section-overlay\"><\/div><style>.tatsu-hlmjdawsna2g22o2 .tatsu-section-pad{padding: 15px 0px 15px 0px;}.tatsu-hlmjdawsna2g22o2 > .tatsu-bottom-divider{z-index: 9999;}.tatsu-hlmjdawsna2g22o2 > .tatsu-top-divider{z-index: 9999;}.tatsu-hlmjdawsna2g22o2 .tatsu-section-overlay{mix-blend-mode: normal;}<\/style><\/div><div  class=\"tatsu-BkyrqVLg2 tatsu-section  tatsu-bg-overlay   tatsu-clearfix\" data-title=\"\"  data-headerscheme=\"background--dark\"><div class='tatsu-section-pad clearfix' data-padding='{\"d\":\"15px 0px 90px 0px\"}' data-padding-top='15px'><div class=\"tatsu-row-wrap  tatsu-wrap tatsu-row-one-col tatsu-row-has-one-cols tatsu-medium-gutter tatsu-reg-cols  tatsu-clearfix tatsu-S1l1SqEUln\" ><div  class=\"tatsu-row \" ><div  class=\"tatsu-column  tatsu-bg-overlay tatsu-one-col tatsu-column-image-none tatsu-column-effect-none  tatsu-H1bkHcVIg3\"  data-parallax-speed=\"0\" style=\"\"><div class=\"tatsu-column-inner \" ><div class=\"tatsu-column-pad-wrap\"><div class=\"tatsu-column-pad\" ><div  class=\"special-heading-wrap style3  tatsu-HJfyH548x3 oshine-module 1   \" ><div class=\"caption-wrap top-caption\"><h6 class=\"caption \">Ionian Coast Car Rental<span class=\"caption-inner\"><\/span><\/h6><\/div><div class=\"special-heading align-center\"><h3 class=\"special-h-tag\">Louer une voiture Ioannina<\/h3><\/div><div class=\"caption-wrap bottom-caption\"><h6 class=\"caption special-subtitle\">Sivota I Igoumenitsa I Preveza I Ioannina<span class=\"caption-inner\"><\/span><\/h6><\/div><style>.tatsu-HJfyH548x3 .top-caption h6{color: #757575 ;}.tatsu-HJfyH548x3 .bottom-caption h6{color: #757575 ;font-size: 18px;}.tatsu-HJfyH548x3.special-heading-wrap.style3 .top-caption .caption .caption-inner{background: #efefef;}.tatsu-HJfyH548x3.special-heading-wrap.style3 .bottom-caption .caption .caption-inner{background: #efefef;}<\/style><\/div><p class=\"element-empty-message\"><b>Gallery Notice : <\/b>Images have either not been selected or couldn't be found<\/p><div  class=\"tatsu-module tatsu-text-block-wrap tatsu-rJ4kH5VLl3  \"><div class=\"tatsu-text-inner tatsu-align-center  clearfix\" ><style>.tatsu-rJ4kH5VLl3.tatsu-text-block-wrap .tatsu-text-inner{width: 100%;text-align: left;color: rgba(0,0,0,1) ;}.tatsu-rJ4kH5VLl3 .tatsu-text-inner *{color: rgba(0,0,0,1) ;}<\/style>\n<h3 style=\"text-align: center;\">Location de voiture \u00e0 l'a\u00e9roport de Ioannina<\/h3>\n<p style=\"text-align: center;\"><a href=\"https:\/\/www.flightradar24.com\/data\/airports\/ioa\/arrivals\">A\u00e9roport de Ioannina Arriv\u00e9es<\/a><\/p>\n<p style=\"text-align: center;\"><a href=\"https:\/\/www.flightradar24.com\/data\/airports\/ioa\/departures\">A\u00e9roport de Ioannina D\u00e9parts<\/a><\/p>\n<p style=\"text-align: center;\">Vous recherchez une location de voiture pas ch\u00e8re \u00e0 <strong>Ioannina<\/strong>, Gr\u00e8ce?<\/p>\n<p style=\"text-align: center;\">Vous pouvez <strong>consulter<\/strong> la liste de toutes les voitures de location disponibles \u00e0 Ioannina en temps r\u00e9el pour comparer les tarifs de location de voitures et trouver les prix les plus bas !<\/p>\n<p style=\"text-align: center;\">Faites l'affaire <strong>parfaite<\/strong> sans frais cach\u00e9s.<\/p>\n<p style=\"text-align: center;\">R\u00e9servez en <strong>ligne<\/strong> d\u00e8s aujourd'hui sur notre site Internet et r\u00e9cup\u00e9rez-la \u00e0 votre arriv\u00e9e \u00e0 l'a\u00e9roport de Ioannina. Commencez votre voyage d\u00e8s votre sortie de <strong>l'avion<\/strong>.<\/p>\n<p style=\"text-align: center;\">Meilleurs <strong>tarifs<\/strong> et service client amical!<\/p>\n<p style=\"text-align: center;\">Nous proposons des prix abordables et une large gamme de v\u00e9hicules parmi lesquels choisir. Nous garantissons votre satisfaction avec un service exceptionnel. R\u00e9servez en ligne et r\u00e9servez la location de voiture id\u00e9ale parmi notre toute <strong>nouvelle flotte.<\/strong><\/p>\n<p style=\"text-align: center;\"><strong>De nombreuses options d'assurance - Kilom\u00e9trage illimit\u00e9 - Lieux de livraison et de d\u00e9p\u00f4t pratiques<\/strong><\/p>\n<p style=\"text-align: center;\"><strong>Contactez<\/strong>-nous \u00e0 tout moment via WhatsApp pour toutes les informations n\u00e9cessaires.<\/p>\n<p style=\"text-align: center;\"><strong>R\u00e9servez votre voiture facilement avec Ionian Coast Car Rental<\/strong><\/p>\n<hr \/>\n<p style=\"text-align: center;\"><strong>Ioannina<\/strong>, la capitale de l'\u00c9pire, s'est d\u00e9velopp\u00e9e autour du magnifique lac. Le magnifique lac et le petit \u00eelot, que les visiteurs peuvent visiter, constituent un monument naturel <span id=\"more-830\"><\/span> dans la ville. Les itin\u00e9raires \u00e0 l'int\u00e9rieur de la ville, les nombreux sites et mus\u00e9es, offrent l'impression d'une \u00e9poque r\u00e9volue, pleine de secrets et de l\u00e9gendes.<\/p>\n<p style=\"text-align: center;\">L'imposant ch\u00e2teau, l'impressionnant mus\u00e9e de l'orf\u00e8vrerie, la pr\u00e9sence d'une grotte \u00e0 Perama, le mus\u00e9e de cire avec des pi\u00e8ces en grandeur nature, permettent de red\u00e9couvrir les formes de l'histoire moderne en particulier.<\/p>\n<p style=\"text-align: center;\">\u00c0 voir et \u00e0 faire \u00e0 Ioannina<\/p>\n<h4 style=\"text-align: center;\"><a href=\"https:\/\/armonia-ewa.com\/2019\/09\/wax-museum-in-ioannina\/\"><strong>Mus\u00e9e des personnages de cire de Pavlos Vrellis<\/strong><\/a><\/h4>\n<p style=\"text-align: center;\">Le personnage de cire de Pavlos Vrellis s'y trouve pour repr\u00e9senter les grands moments de la grande histoire grecque et rappeler certaines des formes qui ont marqu\u00e9 l'endroit. Sur leurs visages sont dactylographi\u00e9s les correspondances des historiens grecs, mais aussi les grandes gloires qu'ils ont v\u00e9cues.<\/p>\n<h4 style=\"text-align: center;\"><a href=\"https:\/\/www.discovergreece.com\/experiences\/walking-tour-ioannina-castle\"><strong>Ch\u00e2teau de Ioannina<\/strong><\/a><\/h4>\n<p style=\"text-align: center;\">L'imposant ch\u00e2teau de Ioannina, avec son quartier fortifi\u00e9 et ses nombreux b\u00e2timents historiques, est l'une des plus belles parties de la ville. La forteresse a \u00e9t\u00e9 construite au VIe si\u00e8cle apr\u00e8s J.-C. sur ordre de l'empereur Justinien et est consid\u00e9r\u00e9e comme le plus ancien ch\u00e2teau byzantin de Gr\u00e8ce. \u00c0 l'int\u00e9rieur du mur de fortification, on peut visiter l'imposante \u00e9cole de cavalerie \u00e0 deux \u00e9tages d'Ali Pacha ou Soufari Sera\u03ca.<\/p>\n<h4 style=\"text-align: center;\"><a href=\"https:\/\/www.visitgreece.gr\/experiences\/nature\/lakes\/lake-pamvotida\/\"><strong>Lac Pamvotida<\/strong><\/a><\/h4>\n<p style=\"text-align: center;\">Le lac est connu pour ses d\u00e9licieux poissons, anguilles, \u00e9crevisses et caviar qui accompagnent les gourmets. Aujourd'hui, le lac de Ioannina est une attraction touristique tout au long de l'ann\u00e9e. Les touristes ont la possibilit\u00e9 de faire le tour des rives et de visiter l'\u00eelot qui se trouve au centre de la ville et qui pr\u00e9sente un int\u00e9r\u00eat historique puisque c'est l\u00e0 qu'a \u00e9t\u00e9 assassin\u00e9 le c\u00e9l\u00e8bre seigneur de la ville pendant l'occupation turque, Ali Pacha.<\/p>\n<h4 style=\"text-align: center;\"><strong><a href=\"https:\/\/www.spilaio-perama.gr\/en\/\">Grotte de P\u00e9rama<\/a><\/strong><\/h4>\n<p style=\"text-align: center;\">\u00c0 c\u00f4t\u00e9 du lac idyllique de Ioannina se trouve la grotte extr\u00eamement int\u00e9ressante de notre ville. Pour nous tous, c'est l'\u00e9cosyst\u00e8me naturel le plus important et nous essayons de transmettre nos connaissances et notre amour \u00e0 tous. La visite du Centre d'Accueil et d'Information o\u00f9 vous avez la possibilit\u00e9 de profiter du mat\u00e9riel audiovisuel et des d\u00e9couvertes pal\u00e9ontologiques rares ainsi que la visite de notre grotte sera pour vous une exp\u00e9rience unique.<\/p>\n<\/div><\/div><\/div><\/div><div class = \"tatsu-column-bg-image-wrap\"><div class = \"tatsu-column-bg-image tatsu-bg-lazyload\" data-src = \"\"><\/div><\/div><div class=\"tatsu-overlay tatsu-column-overlay tatsu-animate-none\" ><\/div><\/div><style>.tatsu-row > .tatsu-H1bkHcVIg3.tatsu-column{width: 100%;}.tatsu-H1bkHcVIg3.tatsu-column > .tatsu-column-inner > .tatsu-column-overlay{mix-blend-mode: normal;}.tatsu-H1bkHcVIg3 > .tatsu-column-inner > .tatsu-top-divider{z-index: 9999;}.tatsu-H1bkHcVIg3 > .tatsu-column-inner > .tatsu-bottom-divider{z-index: 9999;}.tatsu-H1bkHcVIg3 > .tatsu-column-inner > .tatsu-left-divider{z-index: 9999;}.tatsu-H1bkHcVIg3 > .tatsu-column-inner > .tatsu-right-divider{z-index: 9999;}@media only screen and (max-width:1377px) {.tatsu-row > .tatsu-H1bkHcVIg3.tatsu-column{width: 100%;}}@media only screen and (min-width:768px) and (max-width: 1024px) {.tatsu-row > .tatsu-H1bkHcVIg3.tatsu-column{width: 100%;}}@media only screen and (max-width: 767px) {.tatsu-row > .tatsu-H1bkHcVIg3.tatsu-column{width: 100%;}}<\/style><\/div><\/div><\/div><div class=\"tatsu-row-wrap  tatsu-wrap tatsu-row-one-col tatsu-row-has-one-cols tatsu-medium-gutter tatsu-reg-cols  tatsu-clearfix tatsu-SySkHqE8l3\" ><div  class=\"tatsu-row \" ><div  class=\"tatsu-column  tatsu-bg-overlay tatsu-one-col tatsu-column-image-none tatsu-column-effect-none  tatsu-B1IyScEUln\"  data-parallax-speed=\"0\" style=\"\"><div class=\"tatsu-column-inner \" ><div class=\"tatsu-column-pad-wrap\"><div class=\"tatsu-column-pad\" ><div  class=\"tatsu-module tatsu-text-block-wrap tatsu-ByU0babYa  \"><div class=\"tatsu-text-inner tatsu-align-center  clearfix\" ><style>.tatsu-ByU0babYa.tatsu-text-block-wrap .tatsu-text-inner{width: 100%;text-align: left;}<\/style>\n<hr \/>\n<h3 style=\"text-align: center;\">Louer une voiture Ioannina<\/h3>\n<h5 style=\"text-align: center;\"><a href=\"\/?page_id=2607\">Conditions de location<\/a><\/h5>\n<hr \/>\n<h5 style=\"text-align: center;\"><\/h5>\n<\/div><\/div><\/div><\/div><div class = \"tatsu-column-bg-image-wrap\"><div class = \"tatsu-column-bg-image tatsu-bg-lazyload\" data-src = \"\"><\/div><\/div><div class=\"tatsu-overlay tatsu-column-overlay tatsu-animate-none\" ><\/div><\/div><style>.tatsu-row > .tatsu-B1IyScEUln.tatsu-column{width: 100%;}.tatsu-B1IyScEUln.tatsu-column > .tatsu-column-inner > .tatsu-column-overlay{mix-blend-mode: normal;}.tatsu-B1IyScEUln > .tatsu-column-inner > .tatsu-top-divider{z-index: 9999;}.tatsu-B1IyScEUln > .tatsu-column-inner > .tatsu-bottom-divider{z-index: 9999;}.tatsu-B1IyScEUln > .tatsu-column-inner > .tatsu-left-divider{z-index: 9999;}.tatsu-B1IyScEUln > .tatsu-column-inner > .tatsu-right-divider{z-index: 9999;}@media only screen and (max-width:1377px) {.tatsu-row > .tatsu-B1IyScEUln.tatsu-column{width: 100%;}}@media only screen and (min-width:768px) and (max-width: 1024px) {.tatsu-row > .tatsu-B1IyScEUln.tatsu-column{width: 100%;}}@media only screen and (max-width: 767px) {.tatsu-row > .tatsu-B1IyScEUln.tatsu-column{width: 100%;}}<\/style><\/div><\/div><\/div><\/div><div class=\"tatsu-section-background-wrap\"><div class = \"tatsu-section-background tatsu-bg-lazyload\" data-src = \"\"><\/div><\/div><div class=\"tatsu-overlay tatsu-section-overlay\"><\/div><style>.tatsu-BkyrqVLg2 .tatsu-section-pad{padding: 15px 0px 90px 0px;}.tatsu-BkyrqVLg2 .tatsu-section-offset-wrap{transform: translateY(-0px);}.tatsu-BkyrqVLg2 > .tatsu-bottom-divider{z-index: 9999;}.tatsu-BkyrqVLg2 > .tatsu-top-divider{z-index: 9999;}.tatsu-BkyrqVLg2 .tatsu-section-overlay{mix-blend-mode: normal;}<\/style><\/div>\n","protected":false},"excerpt":{"rendered":"","protected":false},"author":2,"featured_media":0,"parent":0,"menu_order":4,"comment_status":"closed","ping_status":"closed","template":"","meta":{"footnotes":""},"class_list":["post-4360","page","type-page","status-publish","hentry"],"aioseo_notices":[],"_links":{"self":[{"href":"https:\/\/ioniancoast.com\/fr\/wp-json\/wp\/v2\/pages\/4360","targetHints":{"allow":["GET"]}}],"collection":[{"href":"https:\/\/ioniancoast.com\/fr\/wp-json\/wp\/v2\/pages"}],"about":[{"href":"https:\/\/ioniancoast.com\/fr\/wp-json\/wp\/v2\/types\/page"}],"author":[{"embeddable":true,"href":"https:\/\/ioniancoast.com\/fr\/wp-json\/wp\/v2\/users\/2"}],"replies":[{"embeddable":true,"href":"https:\/\/ioniancoast.com\/fr\/wp-json\/wp\/v2\/comments?post=4360"}],"version-history":[{"count":0,"href":"https:\/\/ioniancoast.com\/fr\/wp-json\/wp\/v2\/pages\/4360\/revisions"}],"wp:attachment":[{"href":"https:\/\/ioniancoast.com\/fr\/wp-json\/wp\/v2\/media?parent=4360"}],"curies":[{"name":"wp","href":"https:\/\/api.w.org\/{rel}","templated":true}]}}