{"id":4753,"date":"2022-09-30T13:44:58","date_gmt":"2022-09-30T11:44:58","guid":{"rendered":"https:\/\/ioniancoast.com\/conditions-de-location\/"},"modified":"2025-01-28T16:57:52","modified_gmt":"2025-01-28T14:57:52","slug":"louer-une-voiture-sivota-igoumenitsa-preveza-ioannina-conditions-de-location","status":"publish","type":"page","link":"https:\/\/ioniancoast.com\/fr\/louer-une-voiture-sivota-igoumenitsa-preveza-ioannina-conditions-de-location\/","title":{"rendered":"Conditions de location"},"content":{"rendered":"<div  class=\"tatsu-BkZBlP4eqp tatsu-section  tatsu-bg-overlay   tatsu-clearfix\" data-title=\"\"  data-headerscheme=\"background--dark\"><div class='tatsu-section-pad clearfix' data-padding='{\"d\":\"90px 0px 15px 0px\"}' data-padding-top='90px'><div class=\"tatsu-row-wrap  tatsu-wrap tatsu-row-one-col tatsu-row-has-one-cols tatsu-medium-gutter tatsu-reg-cols  tatsu-clearfix tatsu-SkxSxPNxqT\" ><div  class=\"tatsu-row \" ><div  class=\"tatsu-column  tatsu-bg-overlay tatsu-one-col tatsu-column-image-none tatsu-column-effect-none  tatsu-H1Sev4xc6\"  data-parallax-speed=\"0\" style=\"\"><div class=\"tatsu-column-inner \" ><div class=\"tatsu-column-pad-wrap\"><div class=\"tatsu-column-pad\" ><div  class=\"tatsu-module tatsu-text-block-wrap tatsu-ByaeP4xqT  \"><div class=\"tatsu-text-inner tatsu-align-center  clearfix\" ><style>.tatsu-ByaeP4xqT.tatsu-text-block-wrap .tatsu-text-inner{width: 100%;text-align: left;}<\/style>\n<p style=\"text-align: center;\">Louer une voiture <a href=\"\/?page_id=4801\"><strong>Igoumenitsa<\/strong><\/a> I Louer une voiture <a href=\"\/?page_id=4326\"><strong>Sivota<\/strong><\/a> I Louer une voiture <a href=\"\/?page_id=4357\"><strong>Preveza<\/strong><\/a> I Louer une voiture <a href=\"\/?page_id=4360\"><strong>Ioannina<\/strong><\/a><\/p>\n<\/div><\/div><\/div><\/div><div class = \"tatsu-column-bg-image-wrap\"><div class = \"tatsu-column-bg-image tatsu-bg-lazyload\" data-src = \"\"><\/div><\/div><div class=\"tatsu-overlay tatsu-column-overlay tatsu-animate-none\" ><\/div><\/div><style>.tatsu-row > .tatsu-H1Sev4xc6.tatsu-column{width: 100%;}.tatsu-H1Sev4xc6.tatsu-column > .tatsu-column-inner > .tatsu-column-overlay{mix-blend-mode: normal;}.tatsu-H1Sev4xc6 > .tatsu-column-inner > .tatsu-top-divider{z-index: 9999;}.tatsu-H1Sev4xc6 > .tatsu-column-inner > .tatsu-bottom-divider{z-index: 9999;}.tatsu-H1Sev4xc6 > .tatsu-column-inner > .tatsu-left-divider{z-index: 9999;}.tatsu-H1Sev4xc6 > .tatsu-column-inner > .tatsu-right-divider{z-index: 9999;}@media only screen and (max-width:1377px) {.tatsu-row > .tatsu-H1Sev4xc6.tatsu-column{width: 100%;}}@media only screen and (min-width:768px) and (max-width: 1024px) {.tatsu-row > .tatsu-H1Sev4xc6.tatsu-column{width: 100%;}}@media only screen and (max-width: 767px) {.tatsu-row > .tatsu-H1Sev4xc6.tatsu-column{width: 100%;}}<\/style><\/div><\/div><\/div><\/div><div class=\"tatsu-section-background-wrap\"><div class = \"tatsu-section-background tatsu-bg-lazyload\" data-src = \"\"><\/div><\/div><div class=\"tatsu-overlay tatsu-section-overlay\"><\/div><style>.tatsu-BkZBlP4eqp .tatsu-section-pad{padding: 90px 0px 15px 0px;}.tatsu-BkZBlP4eqp .tatsu-section-offset-wrap{transform: translateY(-0px);}.tatsu-BkZBlP4eqp > .tatsu-bottom-divider{z-index: 9999;}.tatsu-BkZBlP4eqp > .tatsu-top-divider{z-index: 9999;}.tatsu-BkZBlP4eqp .tatsu-section-overlay{mix-blend-mode: normal;}<\/style><\/div><div  class=\"tatsu-BybG_fONfs tatsu-section  tatsu-bg-overlay   tatsu-clearfix\" data-title=\"\"  data-headerscheme=\"background--dark\"><div class='tatsu-section-pad clearfix' data-padding='{\"d\":\"15px 0px 90px 0px\"}' data-padding-top='15px'><div class=\"tatsu-row-wrap  tatsu-wrap tatsu-row-one-col tatsu-row-has-one-cols tatsu-medium-gutter tatsu-reg-cols  tatsu-clearfix tatsu-S1gGufuNzi\" ><div  class=\"tatsu-row \" ><div  class=\"tatsu-column  tatsu-bg-overlay tatsu-one-col tatsu-column-image-none tatsu-column-effect-none  tatsu-Byf_MuVMi\"  data-parallax-speed=\"0\" style=\"\"><div class=\"tatsu-column-inner \" ><div class=\"tatsu-column-pad-wrap\"><div class=\"tatsu-column-pad\" ><div  class=\"tatsu-module tatsu-text-block-wrap tatsu-Sk0OMdEMj  \"><div class=\"tatsu-text-inner tatsu-align-center  clearfix\" ><style>.tatsu-Sk0OMdEMj.tatsu-text-block-wrap .tatsu-text-inner{width: 100%;text-align: left;}<\/style>\n<div class=\"tatsu-section-pad clearfix\" data-padding=\"{\" data-padding-top=\"90px\">\n<div class=\"tatsu-row-wrap tatsu-wrap tatsu-row-one-col tatsu-row-has-one-cols tatsu-medium-gutter tatsu-reg-cols tatsu-clearfix tatsu-SJxp3yQzQ4\">\n<div class=\"tatsu-row \">\n<div class=\"tatsu-column tatsu-column-no-bg tatsu-one-col tatsu-column-image-none tatsu-column-effect-none tatsu-HJ6nJ7zQN\" data-parallax-speed=\"0\">\n<div class=\"tatsu-column-inner \">\n<div class=\"tatsu-column-pad-wrap\">\n<div class=\"tatsu-column-pad\">\n<div class=\"tatsu-module tatsu-text-block-wrap tatsu-HkX6kXf7E \">\n<div class=\"tatsu-text-inner tatsu-align-center clearfix\">\n<p>1) Les conducteurs doivent avoir au moins 23 ans et au maximum 75 ans et doivent avoir un permis de conduire valable au moins un an. Les animaux domestiques ne sont pas admis. Si Ionian Coast Travel constate la pr\u00e9sence d'un animal domestique, le locataire sera factur\u00e9 80,00 euros, le co\u00fbt du nettoyage biologique de la voiture.<\/p>\n<p>2) La dur\u00e9e minimale de location est de 1 jour (24 heures). Au-del\u00e0 de 25 heures, le locataire sera factur\u00e9 du co\u00fbt d'une autre journ\u00e9e et devra rembourser \u00e0 Ionian Coast Travel le co\u00fbt de la prochaine r\u00e9servation annul\u00e9e sous sa responsabilit\u00e9.<\/p>\n<p>3) A la r\u00e9ception du v\u00e9hicule, le locataire recevra le contrat de location, qu'il devra v\u00e9rifier, lire les conditions et signer. Il devra \u00e9galement v\u00e9rifier le v\u00e9hicule et signaler les \u00e9ventuels dommages existants qui sont indiqu\u00e9s sur le contrat.<\/p>\n<p>4) Afin de finaliser la r\u00e9servation, le montant total de la r\u00e9servation est pay\u00e9. TVA de 24% et toutes les taxes l\u00e9gales comprises. En cas d'annulation d'une r\u00e9servation dans un d\u00e9lai inf\u00e9rieur \u00e0 10 jours \u00e0 compter de la date pr\u00e9vue, le locataire sera rembours\u00e9 du montant vers\u00e9 moins 30% de ce montant. Pour les annulations sur une p\u00e9riode plus longue, la totalit\u00e9 du montant sera rembours\u00e9e.<\/p>\n<p>5) Les v\u00e9hicules doivent \u00eatre livr\u00e9s avec le r\u00e9servoir plein comme ils l'\u00e9taient au d\u00e9but de la location.<\/p>\n<p>6) Livraison et r\u00e9ception au port d'Igoumenitsa et aux a\u00e9roports de Ioannina et Preveza moyennant un suppl\u00e9ment (voitures uniquement). La location comprend le kilom\u00e9trage illimit\u00e9 et l'assistance routi\u00e8re 24h\/24 (11555) dans toute la Gr\u00e8ce (sauf les cyclomoteurs). Conducteurs suppl\u00e9mentaires, soumis aux m\u00eames restrictions et si\u00e8ge b\u00e9b\u00e9 moyennant un suppl\u00e9ment, sous r\u00e9serve d'un accord. Casque gratuit pour les locataires (dans le cas d'une moto).<\/p>\n<p>7) LE TRANSPORT DE V\u00c9HICULES HORS DES FRONTI\u00c8RES GRECQUES N'EST PAS possible.<\/p>\n<p>8) Les amendes et p\u00e9nalit\u00e9s administratives impos\u00e9es pendant la p\u00e9riode de location sont \u00e0 la charge du locataire. En cas de retrait des plaques d'immatriculation pendant la p\u00e9riode de location, le locataire sera factur\u00e9 du loyer jusqu'\u00e0 la r\u00e9ception des plaques par le service comp\u00e9tent.<\/p>\n<p>9) EN CAS D'ACCIDENT OU AUTRE \u00c9V\u00c9NEMENT (INCENDIE \/ VOL) \u200b\u200bLE LOCATAIRE doit appeler la police \u00ab 100 \u00bb. Notez les noms et adresses des t\u00e9moins et des personnes ayant particip\u00e9 \u00e0 l'incident. Pr\u00e9venez Ionian Coast Travel. En cas de panne du v\u00e9hicule, Ionian Coast Travel remboursera au locataire le co\u00fbt de la p\u00e9riode restante pendant laquelle le v\u00e9hicule ne peut pas \u00eatre utilis\u00e9 et n'a aucune autre obligation d'indemnisation suppl\u00e9mentaire.<\/p>\n<p>10) Tous les tarifs de location incluent une assurance responsabilit\u00e9 civile simple, qui comprend les couvertures suivantes : Pannes de carrosserie de tiers. Dommages mat\u00e9riels \u00e0 des tiers. Couverture du conducteur. Incendie du v\u00e9hicule (voitures uniquement). Vol total et partiel (voitures uniquement). Bris de cristaux (voitures uniquement). Le locataire est responsable de tout dommage caus\u00e9 au v\u00e9hicule lou\u00e9 jusqu'\u00e0 sa valeur commerciale au moment de l'accident. Le locataire doit payer imm\u00e9diatement ou se faire d\u00e9biter de sa carte, telle que sign\u00e9e sur le formulaire d'autorisation, le co\u00fbt de r\u00e9paration ou de remplacement du v\u00e9hicule, qui est calcul\u00e9 directement par Ionian Coast Travel ou par des tiers autoris\u00e9s.<\/p>\n<p>Ionian Coast Travel propose une option d'assurance suppl\u00e9mentaire avec un co\u00fbt journalier suppl\u00e9mentaire qui annule la responsabilit\u00e9 du locataire pour les dommages caus\u00e9s par sa faute.<\/p>\n<p><strong>ATTENTION<\/strong> !!! AUCUNE COUVERTURE D'ASSURANCE NE S'APPLIQUE DANS LES CAS SUIVANTS.<\/p>\n<p>Dommages aux pneus, jantes, r\u00e9troviseurs, cl\u00e9s et au bas de la voiture. Dommages caus\u00e9s parce que le conducteur \u00e9tait sous l'influence de l'alcool, de drogues ou de tout ce qui pourrait affecter la capacit\u00e9 de conduite. Dommages caus\u00e9s par le non-respect du code de la route. Dommages caus\u00e9s par des personnes non mentionn\u00e9es dans le contrat de location. Dommages intentionnels et m\u00e9caniques au v\u00e9hicule caus\u00e9s par la n\u00e9gligence du locataire. Dommages caus\u00e9s par des animaux. Dommages caus\u00e9s par la conduite dans des zones hors route et des zones o\u00f9 la conduite est inappropri\u00e9e. Perte d'objets personnels \u00e0 l'int\u00e9rieur de la voiture. Vol de v\u00e9lo.<\/p>\n<p>11) Ionian Coast Travel EN CAS D'UTILISATION INAD\u00c9QUATE DE LA VOITURE ou de non-respect des termes du contrat, a le droit de r\u00e9silier le contrat et de retirer le v\u00e9hicule des mains du locataire ou de toute personne qui en est propri\u00e9taire en son nom, sans aucun avertissement.<\/p>\n<p>12) Ionian Coast Travel a le droit de modifier les conditions et les tarifs sans pr\u00e9avis.<\/p>\n<\/div>\n<\/div>\n<\/div>\n<\/div>\n<\/div>\n<\/div>\n<\/div>\n<\/div>\n<\/div>\n<\/div><\/div><\/div><\/div><div class = \"tatsu-column-bg-image-wrap\"><div class = \"tatsu-column-bg-image tatsu-bg-lazyload\" data-src = \"\"><\/div><\/div><div class=\"tatsu-overlay tatsu-column-overlay tatsu-animate-none\" ><\/div><\/div><style>.tatsu-row > .tatsu-Byf_MuVMi.tatsu-column{width: 100%;}.tatsu-Byf_MuVMi.tatsu-column > .tatsu-column-inner > .tatsu-column-overlay{mix-blend-mode: normal;}.tatsu-Byf_MuVMi > .tatsu-column-inner > .tatsu-top-divider{z-index: 9999;}.tatsu-Byf_MuVMi > .tatsu-column-inner > .tatsu-bottom-divider{z-index: 9999;}.tatsu-Byf_MuVMi > .tatsu-column-inner > .tatsu-left-divider{z-index: 9999;}.tatsu-Byf_MuVMi > .tatsu-column-inner > .tatsu-right-divider{z-index: 9999;}@media only screen and (max-width:1377px) {.tatsu-row > .tatsu-Byf_MuVMi.tatsu-column{width: 100%;}}@media only screen and (min-width:768px) and (max-width: 1024px) {.tatsu-row > .tatsu-Byf_MuVMi.tatsu-column{width: 100%;}}@media only screen and (max-width: 767px) {.tatsu-row > .tatsu-Byf_MuVMi.tatsu-column{width: 100%;}}<\/style><\/div><\/div><\/div><div class=\"tatsu-row-wrap  tatsu-wrap tatsu-row-one-col tatsu-row-has-one-cols tatsu-medium-gutter tatsu-reg-cols  tatsu-clearfix tatsu-ryxI-1ztxn\" ><div  class=\"tatsu-row \" ><div  class=\"tatsu-column  tatsu-bg-overlay tatsu-one-col tatsu-column-image-none tatsu-column-effect-none  tatsu-Bk8ZkGtx2\"  data-parallax-speed=\"0\" style=\"\"><div class=\"tatsu-column-inner \" ><div class=\"tatsu-column-pad-wrap\"><div class=\"tatsu-column-pad\" ><div  class=\"tatsu-module tatsu-text-block-wrap tatsu-SJyM1Mtxh  \"><div class=\"tatsu-text-inner tatsu-align-center  clearfix\" ><style>.tatsu-SJyM1Mtxh.tatsu-text-block-wrap .tatsu-text-inner{width: 100%;text-align: left;color: rgba(0,0,0,1) ;}.tatsu-SJyM1Mtxh .tatsu-text-inner *{color: rgba(0,0,0,1) ;}<\/style>\n<h4 style=\"text-align: center;\"><a href=\"\/?page_id=3788\">Reserve<\/a><\/h4>\n<h6 style=\"text-align: center;\"><a href=\"https:\/\/www.google.com\/search?q=Ionian+Coast+Car+Rental+Sivota&amp;stick=H4sIAAAAAAAA_-NgU1I1qDA0Nk22MLRIMzEzTTMxTzW2MqgwSzQzszQ1Nks0MDNKMkxOW8Qq55mfl5mYp-Ccn1hcouCcWKQQlJpXkpijEJxZll-SCAAMYjqpSgAAAA&amp;hl=el&amp;mat=CW0U9uEp9QmUElcB7PxHsQtGsMhVY930fm7ynye_ouYql8e13yiGHRG6d0HYHm3pWwRWXDOL2NM2dbAOwaUy3s9WMBgCAUhFO2_t-Ejp4I_DOTvi66c7ZgUwiIxhBXysKtU&amp;authuser=0#ip=1\">Louer une voiture Sivota<\/a> I <a href=\"https:\/\/www.google.com\/search?q=Ionian+Coast+Car+Rental+Sivota&amp;stick=H4sIAAAAAAAA_-NgU1I1qDA0Nk22MLRIMzEzTTMxTzW2MqgwSzQzszQ1Nks0MDNKMkxOW8Qq55mfl5mYp-Ccn1hcouCcWKQQlJpXkpijEJxZll-SCAAMYjqpSgAAAA&amp;hl=el&amp;mat=CW0U9uEp9QmUElcB7PxHsQtGsMhVY930fm7ynye_ouYql8e13yiGHRG6d0HYHm3pWwRWXDOL2NM2dbAOwaUy3s9WMBgCAUhFO2_t-Ejp4I_DOTvi66c7ZgUwiIxhBXysKtU&amp;authuser=0#ip=1\">Louer une voiture <\/a><a href=\"https:\/\/www.google.com\/search?q=Igoumenitsa+Car+Rental+Ionian+Coast&amp;stick=H4sIAAAAAAAA_-NgU1I1qDA0Nk0yTwXilMTkRAtTYyuDCpNkA0NLizTTVHNzk8Q0I4NFrMqe6fmlual5mSXFiQrOiUUKQal5JYk5Cp75eZmJeQrO-YnFJQBbrBk-TwAAAA&amp;hl=el&amp;mat=CRyluXSvg3v_ElcB7PxHsSX31mp4-T2r0evDwRPxzyzAGQkqB1F8h_kuvN21JqkX78yZc_vimMjvUcN_X6VjqwNQ1ZihKuSgNW4AQuWvHlkJ_R2Kb9HMzQ1hDv0b-EvFHDo&amp;authuser=0\">Igoumenitsa<\/a> I <a href=\"https:\/\/www.google.com\/search?q=Ionian+Coast+Car+Rental+Sivota&amp;stick=H4sIAAAAAAAA_-NgU1I1qDA0Nk22MLRIMzEzTTMxTzW2MqgwSzQzszQ1Nks0MDNKMkxOW8Qq55mfl5mYp-Ccn1hcouCcWKQQlJpXkpijEJxZll-SCAAMYjqpSgAAAA&amp;hl=el&amp;mat=CW0U9uEp9QmUElcB7PxHsQtGsMhVY930fm7ynye_ouYql8e13yiGHRG6d0HYHm3pWwRWXDOL2NM2dbAOwaUy3s9WMBgCAUhFO2_t-Ejp4I_DOTvi66c7ZgUwiIxhBXysKtU&amp;authuser=0#ip=1\">Louer une voiture <\/a><a href=\"https:\/\/www.google.com\/search?q=Ionian+Coast+Car+Rental+Preveza+airport&amp;stick=H4sIAAAAAAAA_-NgU1I1qDBKS0qxTE00Nks0tzQyMk6xMqgwNTNLNDAwNUhJNLBITrQwX8Sq7pmfl5mYp-Ccn1hcouCcWKQQlJpXkpijEFCUWpZalaiQmFlUkF9UAgDTTVa9UwAAAA&amp;hl=el&amp;mat=CcdCQd6rl8fQElcB7PxHsSHDoeqizBxtHzzX5CEDYPY04lEUB9X4IScGOvgN2IRmUZexculUfyw4Qo8VMnZvLB-b5ZwfN2YY-ENX_Z-GY0-0gfg6dh490r1BbcLAQTEdBXc&amp;authuser=0\">Preveza<\/a> I <a href=\"https:\/\/www.google.com\/search?q=Ionian+Coast+Car+Rental+Sivota&amp;stick=H4sIAAAAAAAA_-NgU1I1qDA0Nk22MLRIMzEzTTMxTzW2MqgwSzQzszQ1Nks0MDNKMkxOW8Qq55mfl5mYp-Ccn1hcouCcWKQQlJpXkpijEJxZll-SCAAMYjqpSgAAAA&amp;hl=el&amp;mat=CW0U9uEp9QmUElcB7PxHsQtGsMhVY930fm7ynye_ouYql8e13yiGHRG6d0HYHm3pWwRWXDOL2NM2dbAOwaUy3s9WMBgCAUhFO2_t-Ejp4I_DOTvi66c7ZgUwiIxhBXysKtU&amp;authuser=0#ip=1\">Louer une voiture <\/a><a href=\"https:\/\/www.google.com\/search?q=Ionian+Coast+Car+Rental+Ioannina+airport&amp;stick=H4sIAAAAAAAA_-NgU1I1qDA0Nk1KNk5OS0uzsEwyskiyMqgwNUwyNkoyMLFMS0qzNEkzX8Sq4Zmfl5mYp-Ccn1hcouCcWKQQlJpXkpij4JmfmJeXmZeokJhZVJBfVAIAPGcJwVQAAAA&amp;hl=el&amp;mat=CeQWaG1D6Hc8ElcB7PxHsTMUFVAeyaNgW8F2hMdySzdTu9a4Jm0CwINnselPtwFpmyMmwQvn0b9AAQziVOwDueTQrFE8sVtP9dIa2K551mKc763ZqbBx_DEh8S3wrdlZFTQ&amp;authuser=0\">Ioannina<\/a><\/h6>\n<\/div><\/div><\/div><\/div><div class = \"tatsu-column-bg-image-wrap\"><div class = \"tatsu-column-bg-image tatsu-bg-lazyload\" data-src = \"\"><\/div><\/div><div class=\"tatsu-overlay tatsu-column-overlay tatsu-animate-none\" ><\/div><\/div><style>.tatsu-row > .tatsu-Bk8ZkGtx2.tatsu-column{width: 100%;}.tatsu-Bk8ZkGtx2.tatsu-column > .tatsu-column-inner > .tatsu-column-overlay{mix-blend-mode: normal;}.tatsu-Bk8ZkGtx2 > .tatsu-column-inner > .tatsu-top-divider{z-index: 9999;}.tatsu-Bk8ZkGtx2 > .tatsu-column-inner > .tatsu-bottom-divider{z-index: 9999;}.tatsu-Bk8ZkGtx2 > .tatsu-column-inner > .tatsu-left-divider{z-index: 9999;}.tatsu-Bk8ZkGtx2 > .tatsu-column-inner > .tatsu-right-divider{z-index: 9999;}@media only screen and (max-width:1377px) {.tatsu-row > .tatsu-Bk8ZkGtx2.tatsu-column{width: 100%;}}@media only screen and (min-width:768px) and (max-width: 1024px) {.tatsu-row > .tatsu-Bk8ZkGtx2.tatsu-column{width: 100%;}}@media only screen and (max-width: 767px) {.tatsu-row > .tatsu-Bk8ZkGtx2.tatsu-column{width: 100%;}}<\/style><\/div><\/div><\/div><\/div><div class=\"tatsu-section-background-wrap\"><div class = \"tatsu-section-background tatsu-bg-lazyload\" data-src = \"\"><\/div><\/div><div class=\"tatsu-overlay tatsu-section-overlay\"><\/div><style>.tatsu-BybG_fONfs .tatsu-section-pad{padding: 15px 0px 90px 0px;}.tatsu-BybG_fONfs .tatsu-section-offset-wrap{transform: translateY(-0px);}.tatsu-BybG_fONfs > .tatsu-bottom-divider{z-index: 9999;}.tatsu-BybG_fONfs > .tatsu-top-divider{z-index: 9999;}.tatsu-BybG_fONfs .tatsu-section-overlay{mix-blend-mode: normal;}<\/style><\/div>\n","protected":false},"excerpt":{"rendered":"","protected":false},"author":1,"featured_media":0,"parent":0,"menu_order":27,"comment_status":"closed","ping_status":"closed","template":"","meta":{"footnotes":""},"class_list":["post-4753","page","type-page","status-publish","hentry"],"aioseo_notices":[],"_links":{"self":[{"href":"https:\/\/ioniancoast.com\/fr\/wp-json\/wp\/v2\/pages\/4753","targetHints":{"allow":["GET"]}}],"collection":[{"href":"https:\/\/ioniancoast.com\/fr\/wp-json\/wp\/v2\/pages"}],"about":[{"href":"https:\/\/ioniancoast.com\/fr\/wp-json\/wp\/v2\/types\/page"}],"author":[{"embeddable":true,"href":"https:\/\/ioniancoast.com\/fr\/wp-json\/wp\/v2\/users\/1"}],"replies":[{"embeddable":true,"href":"https:\/\/ioniancoast.com\/fr\/wp-json\/wp\/v2\/comments?post=4753"}],"version-history":[{"count":0,"href":"https:\/\/ioniancoast.com\/fr\/wp-json\/wp\/v2\/pages\/4753\/revisions"}],"wp:attachment":[{"href":"https:\/\/ioniancoast.com\/fr\/wp-json\/wp\/v2\/media?parent=4753"}],"curies":[{"name":"wp","href":"https:\/\/api.w.org\/{rel}","templated":true}]}}