{"id":6460,"date":"2025-01-16T23:47:35","date_gmt":"2025-01-16T21:47:35","guid":{"rendered":"https:\/\/ioniancoast.com\/rent-a-car-sivota-rent-a-scooter-sivota\/"},"modified":"2025-01-28T16:52:20","modified_gmt":"2025-01-28T14:52:20","slug":"louer-une-voiture-sivota-louer-velo-sivota","status":"publish","type":"page","link":"https:\/\/ioniancoast.com\/fr\/louer-une-voiture-sivota-louer-velo-sivota\/","title":{"rendered":"Visitez Sivota"},"content":{"rendered":"<div  class=\"tatsu-hxnagcgwj0gew2sv tatsu-section  tatsu-bg-overlay   tatsu-clearfix\" data-title=\"\"  data-headerscheme=\"background--dark\"><div class='tatsu-section-pad clearfix' data-padding='{\"d\":\"10px 0px 90px 0px\"}' data-padding-top='10px'><div class=\"tatsu-row-wrap  tatsu-wrap tatsu-row-one-col tatsu-row-has-one-cols tatsu-medium-gutter tatsu-reg-cols  tatsu-clearfix tatsu-HkgfZSewvJx\" ><div  class=\"tatsu-row \" ><div  class=\"tatsu-column  tatsu-bg-overlay tatsu-one-col tatsu-column-image-none tatsu-column-effect-none  tatsu-rkM-HlvPkl\"  data-parallax-speed=\"0\" style=\"\"><div class=\"tatsu-column-inner \" ><div class=\"tatsu-column-pad-wrap\"><div class=\"tatsu-column-pad\" ><div  class=\"tatsu-module tatsu-text-block-wrap tatsu-ryoWHxDDJe  \"><div class=\"tatsu-text-inner tatsu-align-center  clearfix\" ><style>.tatsu-ryoWHxDDJe.tatsu-text-block-wrap .tatsu-text-inner{width: 100%;text-align: left;}<\/style>\n<h3 style=\"text-align: center;\">Louer une voiture Sivota et louer un scooter Sivota - Explorez la belle ville de Sivota, Igoumenitsa, Gr\u00e8ce<\/h3>\n<\/div><\/div><\/div><\/div><div class = \"tatsu-column-bg-image-wrap\"><div class = \"tatsu-column-bg-image tatsu-bg-lazyload\" data-src = \"\"><\/div><\/div><div class=\"tatsu-overlay tatsu-column-overlay tatsu-animate-none\" ><\/div><\/div><style>.tatsu-row > .tatsu-rkM-HlvPkl.tatsu-column{width: 100%;}.tatsu-rkM-HlvPkl.tatsu-column > .tatsu-column-inner > .tatsu-column-overlay{mix-blend-mode: normal;}.tatsu-rkM-HlvPkl > .tatsu-column-inner > .tatsu-top-divider{z-index: 9999;}.tatsu-rkM-HlvPkl > .tatsu-column-inner > .tatsu-bottom-divider{z-index: 9999;}.tatsu-rkM-HlvPkl > .tatsu-column-inner > .tatsu-left-divider{z-index: 9999;}.tatsu-rkM-HlvPkl > .tatsu-column-inner > .tatsu-right-divider{z-index: 9999;}@media only screen and (max-width:1377px) {.tatsu-row > .tatsu-rkM-HlvPkl.tatsu-column{width: 100%;}}@media only screen and (min-width:768px) and (max-width: 1024px) {.tatsu-row > .tatsu-rkM-HlvPkl.tatsu-column{width: 100%;}}@media only screen and (max-width: 767px) {.tatsu-row > .tatsu-rkM-HlvPkl.tatsu-column{width: 100%;}}<\/style><\/div><\/div><\/div><div class=\"tatsu-row-wrap  tatsu-wrap tatsu-row-one-col tatsu-row-has-one-cols tatsu-medium-gutter tatsu-reg-cols  tatsu-clearfix tatsu-Hyxr7HgDwke\" ><div  class=\"tatsu-row \" ><div  class=\"tatsu-column  tatsu-bg-overlay tatsu-one-col tatsu-column-image-none tatsu-column-effect-none  tatsu-rJB7BlPPJx\"  data-parallax-speed=\"0\" style=\"\"><div class=\"tatsu-column-inner \" ><div class=\"tatsu-column-pad-wrap\"><div class=\"tatsu-column-pad\" ><div  class=\"tatsu-single-image tatsu-module align-center tatsu-image-lazyload tatsu-SyXBBxDP1x  \" ><div class=\"tatsu-single-image-inner \" style=\"width : 1200px;\" ><div class = \"tatsu-single-image-padding-wrap\" style = \"padding-bottom : 66.666666666667%;\" ><\/div><img class = \"tatsu-gradient-border\" alt = \"Rent a Car Sivota Igoumenitsa Preveza Ioannina\" title = \"Ionian Coast Car Rental Sivota\" data-src = \"https:\/\/ioniancoast.com\/wp-content\/uploads\/2019\/03\/ionian-coast-rentals-car-bike-excursions-parga-village-sivota.jpg\" src =\"data:image\/png;base64,iVBORw0KGgoAAAANSUhEUgAAAAEAAAABCAQAAAC1HAwCAAAAC0lEQVR42mNkYAAAAAYAAjCB0C8AAAAASUVORK5CYII=\"  \/><\/div><style>.tatsu-SyXBBxDP1x .tatsu-single-image-inner{border-style: solid;max-width: 51%;}.tatsu-SyXBBxDP1x.tatsu-single-image{transform: translate3d(0px,0px, 0);}<\/style><\/div><\/div><\/div><div class = \"tatsu-column-bg-image-wrap\"><div class = \"tatsu-column-bg-image tatsu-bg-lazyload\" data-src = \"\"><\/div><\/div><div class=\"tatsu-overlay tatsu-column-overlay tatsu-animate-none\" ><\/div><\/div><style>.tatsu-row > .tatsu-rJB7BlPPJx.tatsu-column{width: 100%;}.tatsu-rJB7BlPPJx.tatsu-column > .tatsu-column-inner > .tatsu-column-overlay{mix-blend-mode: normal;}.tatsu-rJB7BlPPJx > .tatsu-column-inner > .tatsu-top-divider{z-index: 9999;}.tatsu-rJB7BlPPJx > .tatsu-column-inner > .tatsu-bottom-divider{z-index: 9999;}.tatsu-rJB7BlPPJx > .tatsu-column-inner > .tatsu-left-divider{z-index: 9999;}.tatsu-rJB7BlPPJx > .tatsu-column-inner > .tatsu-right-divider{z-index: 9999;}@media only screen and (max-width:1377px) {.tatsu-row > .tatsu-rJB7BlPPJx.tatsu-column{width: 100%;}}@media only screen and (min-width:768px) and (max-width: 1024px) {.tatsu-row > .tatsu-rJB7BlPPJx.tatsu-column{width: 100%;}}@media only screen and (max-width: 767px) {.tatsu-row > .tatsu-rJB7BlPPJx.tatsu-column{width: 100%;}}<\/style><\/div><\/div><\/div><div class=\"tatsu-row-wrap  tatsu-wrap tatsu-row-one-col tatsu-row-has-one-cols tatsu-medium-gutter tatsu-reg-cols  tatsu-clearfix tatsu-hxnagcgwl91nhmpj\" ><div  class=\"tatsu-row \" ><div  class=\"tatsu-column  tatsu-bg-overlay tatsu-one-col tatsu-column-image-none tatsu-column-effect-none  tatsu-hxnagcgwna917c9t\"  data-parallax-speed=\"0\" style=\"\"><div class=\"tatsu-column-inner \" ><div class=\"tatsu-column-pad-wrap\"><div class=\"tatsu-column-pad\" ><div  class=\"tatsu-module tatsu-text-block-wrap tatsu-hxnagcgwp514ncry  \"><div class=\"tatsu-text-inner tatsu-align-center  clearfix\" ><style>.tatsu-hxnagcgwp514ncry.tatsu-text-block-wrap .tatsu-text-inner{width: 100%;text-align: left;}<\/style>\n<h4 style=\"text-align: center;\"><strong>Bienvenue \u00e0 <a href=\"https:\/\/en.wikipedia.org\/wiki\/Syvota\">Sivota<\/a>!<\/strong><\/h4>\n<p><strong>Sivota<\/strong> est un charmant village c\u00f4tier nich\u00e9 dans la r\u00e9gion pittoresque de l'\u00c9pire, situ\u00e9e au nord-ouest de la Gr\u00e8ce. C\u00e9l\u00e8bre pour sa beaut\u00e9 naturelle \u00e0 couper le souffle, ses eaux cristallines et sa riche histoire, Sivota est un joyau cach\u00e9 qui n'attend qu'\u00e0 \u00eatre d\u00e9couvert. Que vous pr\u00e9voyiez des vacances reposantes \u00e0 la plage, une exploration aventureuse des montagnes environnantes ou un voyage culturel, Sivota offre une gamme vari\u00e9e d'exp\u00e9riences.<\/p>\n<p>Avec ses plages magnifiques et ses paysages pittoresques, il est pr\u00e9f\u00e9rable d'explorer Sivota \u00e0 votre rythme - <strong>louer une voiture Sivota<\/strong> et d\u00e9couvrez les tr\u00e9sors cach\u00e9s de ce village pittoresque.<\/p>\n<p>L'emplacement id\u00e9al du village sur la c\u00f4te ionienne vous permet de profiter \u00e0 la fois de la tranquillit\u00e9 et de la vie locale anim\u00e9e, ce qui en fait la destination id\u00e9ale pour ceux qui recherchent la paix et l'aventure. <strong>Louer une voiture Sivota<\/strong> et explorez la r\u00e9gion \u00e0 votre rythme, en d\u00e9couvrant tout ce que cette belle r\u00e9gion a \u00e0 offrir.<\/p>\n<p>Des charmantes routes c\u00f4ti\u00e8res aux collines surplombant la mer Ionienne, louez une voiture \u00e0 Sivota et profitez de la libert\u00e9 de visiter les monuments locaux et de profiter de vues \u00e0 couper le souffle.<\/p>\n<h4 style=\"text-align: center;\">D\u00e9couvrir la r\u00e9gion - <a href=\"https:\/\/ioniancoast.com\/fr\/louer-une-voiture-sivota\/\">Sivota<\/a><\/h4>\n<p>Sivota est un village serein entour\u00e9 de collines verdoyantes, d'oliveraies et d'eaux bleues claires. Le village lui-m\u00eame est un havre de paix, mais gr\u00e2ce \u00e0 sa proximit\u00e9 avec Igoumenitsa, vous avez \u00e9galement acc\u00e8s \u00e0 des commodit\u00e9s plus importantes, notamment des restaurants, des magasins et des liaisons de transport. Le port anim\u00e9 d'Igoumenitsa et les \u00eeles voisines, telles que Corfou et Paxi, offrent des possibilit\u00e9s d'excursions d'une journ\u00e9e passionnantes. <strong>Louer une voiture Sivota<\/strong> pour explorer la r\u00e9gion en toute simplicit\u00e9 et profitez de la commodit\u00e9 de voyager entre le village pittoresque et les attractions \u00e0 proximit\u00e9.<\/p>\n<p style=\"text-align: center;\"><strong>Points forts de Sivota :<\/strong><\/p>\n<ul>\n<li><strong>Emplacement idyllique<\/strong> : Situ\u00e9 dans la magnifique mer Ionienne avec une vue imprenable, une v\u00e9g\u00e9tation luxuriante et un environnement pittoresque.<\/li>\n<li><strong>Acc\u00e8s aux \u00eeles voisines<\/strong> : Sivota est une excellente base pour explorer les \u00eeles voisines comme Corfou, Paxi et Antipaxi.<\/li>\n<li><strong>Parfait pour les amoureux de la nature<\/strong> : Entour\u00e9 de collines et de paysages riches, Sivota est le r\u00eave des amoureux de la nature, avec de nombreux sentiers de randonn\u00e9e et des points de vue panoramiques.<\/li>\n<\/ul>\n<h4 style=\"text-align: center;\">Plages de Sivota<\/h4>\n<p>Sivota poss\u00e8de certaines des plages les plus belles et les plus vierges de Gr\u00e8ce. Que vous recherchiez un endroit calme et isol\u00e9 ou un quartier anim\u00e9 avec des transats et des bars de plage, il y en a pour tous les go\u00fbts. Voici quelques-unes des meilleures plages \u00e0 visiter dans la r\u00e9gion :<\/p>\n<ul>\n<li><strong>Bella Vraka Plage<\/strong><br \/>\nBella Vraka est une plage magnifique, c\u00e9l\u00e8bre pour ses eaux cristallines et ses plages de sable. Elle est l'une des plages les plus pris\u00e9es de Sivota. Vous pouvez y acc\u00e9der en bateau ou par un petit sentier depuis la plage voisine de Zavia.<\/li>\n<li><strong>Mikri Ammos Plage<\/strong><br \/>\nUne petite plage tranquille id\u00e9ale pour bronzer et nager. Avec ses eaux calmes, c'est un endroit id\u00e9al pour les familles et ceux qui recherchent une exp\u00e9rience plus d\u00e9contract\u00e9e.<\/li>\n<li><strong>Zavia Plage<\/strong><br \/>\nCette plage tranquille offre des eaux calmes, id\u00e9ales pour nager et se d\u00e9tendre. C'est un endroit calme, parfait pour ceux qui cherchent \u00e0 \u00e9chapper \u00e0 la foule.<\/li>\n<li><strong>Mega Ammos Plage<\/strong><br \/>\nUne grande plage de sable aux eaux peu profondes, id\u00e9ale pour les familles avec enfants. La plage est \u00e9galement bord\u00e9e de quelques tavernes proposant une d\u00e9licieuse cuisine locale.<\/li>\n<li><strong>Agia Paraskevi Plage<\/strong><br \/>\nUne plage isol\u00e9e et sereine avec des eaux cristallines, parfaite pour ceux qui recherchent une \u00e9vasion paisible des plages plus fr\u00e9quent\u00e9es.<\/li>\n<\/ul>\n<p>Toutes les plages autour de Sivota sont d'une beaut\u00e9 naturelle \u00e9poustouflante, certaines proposant des bars de plage et des tavernes, tandis que d'autres restent plus intactes pour ceux qui recherchent un environnement plus calme. Les eaux environnantes sont calmes, ce qui les rend parfaites pour toute une gamme d'activit\u00e9s, notamment la natation, la plong\u00e9e avec tuba et le kayak.<\/p>\n<p>Pour une mani\u00e8re plus aventureuse et flexible d'explorer le village et ses environs, <strong>louer un scooter Sivota<\/strong> et profitez de la libert\u00e9 de parcourir les routes pittoresques \u00e0 votre rythme.<\/p>\n<h4 style=\"text-align: center;\">H\u00f4tels et h\u00e9bergements \u00e0 Sivota<\/h4>\n<p>Sivota propose une grande vari\u00e9t\u00e9 d'options d'h\u00e9bergement pour r\u00e9pondre aux besoins de chaque voyageur, que vous recherchiez un complexe h\u00f4telier de luxe, un h\u00f4tel de charme ou une maison d'h\u00f4tes confortable. Il existe \u00e9galement de nombreuses options d'h\u00e9bergement ind\u00e9pendant et de villas pour ceux qui pr\u00e9f\u00e8rent un s\u00e9jour plus priv\u00e9 et ind\u00e9pendant.<\/p>\n<p>Les options d'h\u00e9bergement \u00e0 Sivota sont diverses et offrent :<\/p>\n<ul>\n<li>H\u00f4tels et complexes de luxe : Profitez d'\u00e9quipements haut de gamme, de piscines, de vues imprenables et de la proximit\u00e9 des plages.<\/li>\n<li>H\u00f4tels adapt\u00e9s aux familles : De nombreux h\u00e9bergements familiaux avec un acc\u00e8s facile \u00e0 la plage et des activit\u00e9s pour les enfants.<\/li>\n<li>Maisons d'h\u00f4tes et studios traditionnels : Pour ceux qui souhaitent une exp\u00e9rience plus authentique et confortable avec une touche locale.<\/li>\n<li>Camping et glamping : Il existe \u00e9galement de charmants campings autour de Sivota pour ceux qui cherchent \u00e0 profiter du plein air de mani\u00e8re plus abordable.<\/li>\n<\/ul>\n<h4 style=\"text-align: center;\">Activit\u00e9s \u00e0 Sivota \u2013 Activit\u00e9s et attractions<\/h4>\n<p>Sivota ne se r\u00e9sume pas seulement \u00e0 de belles plages et \u00e0 la d\u00e9tente : il existe de nombreuses activit\u00e9s et choses \u00e0 faire dans et autour de la r\u00e9gion. Que vous soyez un aventurier ou un passionn\u00e9 d'histoire, Sivota a quelque chose \u00e0 offrir.<\/p>\n<ul>\n<li style=\"text-align: center;\">Location de bateaux et croisi\u00e8res : Explorez le littoral et les \u00eeles voisines \u00e0 votre rythme avec une location de bateau. Vous pouvez \u00e9galement participer \u00e0 des excursions guid\u00e9es en bateau vers les \u00eeles voisines comme Paxi et Antipaxi.<\/li>\n<li style=\"text-align: center;\">Sports nautiques : Sivota est un endroit id\u00e9al pour essayer des sports nautiques comme le kayak, le paddleboard, la plong\u00e9e avec tuba et m\u00eame la plong\u00e9e sous-marine. Les eaux calmes sont parfaites pour les d\u00e9butants, et la riche vie marine de la r\u00e9gion en fait un endroit id\u00e9al pour la plong\u00e9e avec tuba.<\/li>\n<li style=\"text-align: center;\">Randonn\u00e9es et promenades dans la nature : Sivota et ses environs offrent plusieurs sentiers de randonn\u00e9e, parfaits pour ceux qui cherchent \u00e0 explorer les magnifiques paysages et \u00e0 observer la flore et la faune locales.<\/li>\n<li style=\"text-align: center;\">Visites culturelles et sites historiques : Visitez les sites historiques \u00e0 proximit\u00e9, notamment les ruines antiques et les villages traditionnels, pour avoir un aper\u00e7u de la culture et de l'histoire grecques. La ville d'Igoumenitsa, \u00e0 quelques minutes en voiture, propose \u00e9galement des sites arch\u00e9ologiques et des mus\u00e9es.<\/li>\n<li style=\"text-align: center;\">Excursions d'une journ\u00e9e vers les \u00eeles voisines : Sivota est une base id\u00e9ale pour explorer les \u00eeles voisines telles que Corfou, Paxi et Antipaxi. Vous pouvez prendre un ferry ou louer un bateau pour explorer ces belles destinations.<\/li>\n<li style=\"text-align: center;\">Restauration et cuisine locale : Sivota propose de nombreuses tavernes et restaurants servant une cuisine grecque authentique, notamment des fruits de mer fra\u00eechement p\u00each\u00e9s, des sp\u00e9cialit\u00e9s locales et des plats m\u00e9diterran\u00e9ens. N'oubliez pas de go\u00fbter l'huile d'olive et les vins locaux !Explore Sivota with Our Car Rental Service<\/li>\n<\/ul>\n<p><strong>Louer une voiture Sivota<\/strong> et profitez de la possibilit\u00e9 d'explorer la belle r\u00e9gion \u00e0 votre rythme. Que vous souhaitiez visiter des plages isol\u00e9es, vous rendre dans des villages voisins ou faire une promenade panoramique \u00e0 travers la belle campagne, notre service de location de voiture vous facilite la t\u00e2che.<\/p>\n<ul>\n<li>Pas de temps d'attente : nous livrons la voiture directement \u00e0 votre emplacement, afin que vous puissiez commencer vos vacances sans d\u00e9lai.<\/li>\n<li>Lieux de prise en charge et de restitution flexibles : Organisez un point de rendez-vous pratique, y compris le terminal des ferries.<\/li>\n<li>Vari\u00e9t\u00e9 de v\u00e9hicules : choisissez parmi une gamme de v\u00e9hicules adapt\u00e9s \u00e0 vos besoins, des voitures compactes aux v\u00e9hicules plus grands pour les familles et les groupes.<\/li>\n<\/ul>\n<p>Vous recherchez quelque chose de plus aventureux ? <strong>Louer un scooter Sivota<\/strong> et parcourez le village ou faites une balade dans la campagne environnante. C'est une fa\u00e7on abordable et amusante de d\u00e9couvrir Sivota !<\/p>\n<p style=\"text-align: center;\">R\u00e9servez d\u00e8s maintenant votre location de voiture ou de scooter et commencez votre aventure \u00e0 Sivota sans aucun tracas.<\/p>\n<\/div><\/div><\/div><\/div><div class = \"tatsu-column-bg-image-wrap\"><div class = \"tatsu-column-bg-image tatsu-bg-lazyload\" data-src = \"\"><\/div><\/div><div class=\"tatsu-overlay tatsu-column-overlay tatsu-animate-none\" ><\/div><\/div><style>.tatsu-row > .tatsu-hxnagcgwna917c9t.tatsu-column{width: 100%;}.tatsu-hxnagcgwna917c9t.tatsu-column > .tatsu-column-inner > .tatsu-column-overlay{mix-blend-mode: normal;}.tatsu-hxnagcgwna917c9t > .tatsu-column-inner > .tatsu-top-divider{z-index: 9999;}.tatsu-hxnagcgwna917c9t > .tatsu-column-inner > .tatsu-bottom-divider{z-index: 9999;}.tatsu-hxnagcgwna917c9t > .tatsu-column-inner > .tatsu-left-divider{z-index: 9999;}.tatsu-hxnagcgwna917c9t > .tatsu-column-inner > .tatsu-right-divider{z-index: 9999;}<\/style><\/div><\/div><\/div><\/div><div class=\"tatsu-section-background-wrap\"><div class = \"tatsu-section-background tatsu-bg-lazyload\" data-src = \"\"><\/div><\/div><div class=\"tatsu-overlay tatsu-section-overlay\"><\/div><style>.tatsu-hxnagcgwj0gew2sv .tatsu-section-pad{padding: 10px 0px 90px 0px;}.tatsu-hxnagcgwj0gew2sv > .tatsu-bottom-divider{z-index: 9999;}.tatsu-hxnagcgwj0gew2sv > .tatsu-top-divider{z-index: 9999;}.tatsu-hxnagcgwj0gew2sv .tatsu-section-overlay{mix-blend-mode: normal;}<\/style><\/div>\n","protected":false},"excerpt":{"rendered":"","protected":false},"author":2,"featured_media":0,"parent":0,"menu_order":0,"comment_status":"closed","ping_status":"closed","template":"","meta":{"footnotes":""},"class_list":["post-6460","page","type-page","status-publish","hentry"],"aioseo_notices":[],"_links":{"self":[{"href":"https:\/\/ioniancoast.com\/fr\/wp-json\/wp\/v2\/pages\/6460","targetHints":{"allow":["GET"]}}],"collection":[{"href":"https:\/\/ioniancoast.com\/fr\/wp-json\/wp\/v2\/pages"}],"about":[{"href":"https:\/\/ioniancoast.com\/fr\/wp-json\/wp\/v2\/types\/page"}],"author":[{"embeddable":true,"href":"https:\/\/ioniancoast.com\/fr\/wp-json\/wp\/v2\/users\/2"}],"replies":[{"embeddable":true,"href":"https:\/\/ioniancoast.com\/fr\/wp-json\/wp\/v2\/comments?post=6460"}],"version-history":[{"count":0,"href":"https:\/\/ioniancoast.com\/fr\/wp-json\/wp\/v2\/pages\/6460\/revisions"}],"wp:attachment":[{"href":"https:\/\/ioniancoast.com\/fr\/wp-json\/wp\/v2\/media?parent=6460"}],"curies":[{"name":"wp","href":"https:\/\/api.w.org\/{rel}","templated":true}]}}