{"id":4365,"date":"2022-09-30T13:44:58","date_gmt":"2022-09-30T11:44:58","guid":{"rendered":"https:\/\/ioniancoast.com\/condizioni-di-noleggio\/"},"modified":"2025-01-27T12:28:24","modified_gmt":"2025-01-27T10:28:24","slug":"noleggio-auto-sivota-igoumenitsa-preveza-ioannina-condizioni-di-noleggio","status":"publish","type":"page","link":"https:\/\/ioniancoast.com\/it\/noleggio-auto-sivota-igoumenitsa-preveza-ioannina-condizioni-di-noleggio\/","title":{"rendered":"Condizioni di noleggio"},"content":{"rendered":"<div  class=\"tatsu-BybG_fONfs tatsu-section  tatsu-bg-overlay   tatsu-clearfix\" data-title=\"\"  data-headerscheme=\"background--dark\"><div class='tatsu-section-pad clearfix' data-padding='{\"d\":\"90px 0px 90px 0px\"}' data-padding-top='90px'><div class=\"tatsu-row-wrap  tatsu-wrap tatsu-row-one-col tatsu-row-has-one-cols tatsu-medium-gutter tatsu-reg-cols  tatsu-clearfix tatsu-S1gGufuNzi\" ><div  class=\"tatsu-row \" ><div  class=\"tatsu-column  tatsu-bg-overlay tatsu-one-col tatsu-column-image-none tatsu-column-effect-none  tatsu-Byf_MuVMi\"  data-parallax-speed=\"0\" style=\"\"><div class=\"tatsu-column-inner \" ><div class=\"tatsu-column-pad-wrap\"><div class=\"tatsu-column-pad\" ><div  class=\"tatsu-module tatsu-text-block-wrap tatsu-Sk0OMdEMj  \"><div class=\"tatsu-text-inner tatsu-align-center  clearfix\" ><style>.tatsu-Sk0OMdEMj.tatsu-text-block-wrap .tatsu-text-inner{width: 100%;text-align: left;}<\/style>\n<h5 style=\"text-align: center;\">Noleggio auto Igoumenitsa I Noleggio auto Sivota I Noleggio auto Preveza I Noleggio auto Ioannina<\/h5>\n<div class=\"tatsu-section-pad clearfix\" data-padding=\"{\" data-padding-top=\"90px\">\n<div class=\"tatsu-row-wrap tatsu-wrap tatsu-row-one-col tatsu-row-has-one-cols tatsu-medium-gutter tatsu-reg-cols tatsu-clearfix tatsu-SJxp3yQzQ4\">\n<div class=\"tatsu-row \">\n<div class=\"tatsu-column tatsu-column-no-bg tatsu-one-col tatsu-column-image-none tatsu-column-effect-none tatsu-HJ6nJ7zQN\" data-parallax-speed=\"0\">\n<div class=\"tatsu-column-inner \">\n<div class=\"tatsu-column-pad-wrap\">\n<div class=\"tatsu-column-pad\">\n<div class=\"tatsu-module tatsu-text-block-wrap tatsu-HkX6kXf7E \">\n<div class=\"tatsu-text-inner tatsu-align-center clearfix\">\n<p style=\"text-align: center;\"><b>1) <\/b>I conducenti devono avere almeno <b>23 anni<\/b>, con un<b> massimo di 75<\/b>, e devono essere in possesso di una <b>patente di guida<\/b> valida per almeno un anno. <b>Non sono <\/b>ammessi animali domestici. Se Ionian Coast Travel si accorge della presenza di un animale domestico, al noleggiatore verranno addebitati 80,00 euro, il costo della pulizia biologica dell'auto.<\/p>\n<p style=\"text-align: center;\"><b>2) <\/b>ThIl periodo <b>minimo<\/b> di noleggio \u00e8 di 1 giorno (24 ore). Allo scadere delle 25 ore, al noleggiatore verr\u00e0 addebitato il costo di un altro giorno e dovr\u00e0 risarcire Ionian Coast Travel per il costo della prenotazione successiva che \u00e8 stata cancellata con la sua responsabilit\u00e0.<\/p>\n<p style=\"text-align: center;\"><b>3 <\/b>) Al ricevimento del veicolo, il noleggiatore ricever\u00e0 il <b>contratto di locazione<\/b>, che dovr\u00e0 <b>controllare<\/b>, <b>leggere <\/b>i termini e firmare. Deve inoltre controllare il veicolo e segnalare eventuali danni esistenti che sono <b>segnalati <\/b>sul contratto.<\/p>\n<p style=\"text-align: center;\"><b>4 <\/b>) Per <b>completare la prenotazione<\/b> \u00e8 necessario versare l'importo totale della prenotazione. In caso di <b>cancellazione <\/b>della prenotazione entro un periodo inferiore a 10 giorni dalla data prevista, l'affittuario sar\u00e0 <b>rimborsato <\/b>dell'importo pagato meno il 30% di tale importo. In caso di cancellazione per un periodo pi\u00f9 lungo, verr\u00e0 rimborsato l'intero importo.<\/p>\n<p style=\"text-align: center;\"><b>5 <\/b>) I veicoli devono essere consegnati con il <b>serbatoio pieno <\/b>come all'inizio del noleggio.<\/p>\n<p style=\"text-align: center;\"><b>6) Consegna<\/b> e ricevimento al porto di <b>Igoumenitsa <\/b>e agli aeroporti di <b>Ioannina <\/b>e <b>Preveza <\/b>con un supplemento (solo per le auto). Il noleggio include un <b>chilometraggio<\/b> illimitato. e <b>assistenza<\/b> stradale 24 ore su 24 (11555) in tutta la Grecia (esclusi i ciclomotori). Autisti extra, soggetti alle stesse restrizioni e seggiolino per bambini a un costo aggiuntivo, previo accordo. Casco gratuito per i noleggiatori (nel caso di una moto).<\/p>\n<p style=\"text-align: center;\"><b>7)<\/b> Il <b>trasporto di veicoli fuori dai confini greci<\/b> <b>non \u00e8<\/b> possibile.<\/p>\n<p style=\"text-align: center;\">8) <b>Multe<\/b> e sanzioni amministrative comminate durante il periodo di noleggio sono a carico del locatario. In caso di rimozione delle targhe durante il periodo di noleggio, al noleggiatore verr\u00e0 addebitato il noleggio fino al ricevimento delle targhe da parte del servizio competente.<\/p>\n<p style=\"text-align: center;\"><b>9)<\/b> <b>IN CASO DI INCIDENTE O ALTRO EVENTO<\/b> (INCENDIO \/ FURTO) L'affittuario deve chiamare la polizia \"100\". Registrate i nomi e gli indirizzi dei testimoni e di coloro che hanno partecipato all'incidente. Notificare il viaggio sulla costa ionica. In caso di guasto del veicolo, Ionian Coast Travel rimborser\u00e0 al noleggiatore il costo del periodo rimanente in cui il veicolo non pu\u00f2 essere utilizzato e non ha alcun altro obbligo di ulteriore risarcimento.<\/p>\n<p style=\"text-align: center;\"><b>10) <\/b>Tutte le tariffe di noleggio includono l'<b>assicurazione di<\/b> responsabilit\u00e0 civile semplice, che comprende le seguenti coperture: Guasti alla carrozzeria di terzi. Danni materiali a terzi. Copertura del conducente. Incendio del veicolo (solo auto). Furto totale e parziale (solo per le auto). Rottura dei cristalli (solo auto). Il noleggiatore \u00e8 responsabile di eventuali danni causati al veicolo noleggiato fino al suo valore commerciale al momento dell'incidente. Il noleggiatore \u00e8 tenuto a pagare immediatamente o ad addebitare sulla sua carta, come sottoscritto nel modulo di autorizzazione, il costo della riparazione o della sostituzione del veicolo, che viene calcolato direttamente da Ionian Coast Travel o da terzi autorizzati.<\/p>\n<p style=\"text-align: center;\">Ionian Coast Travel offre un'opzione assicurativa aggiuntiva con un costo giornaliero supplementare che <b>azzera <\/b>la responsabilit\u00e0 del noleggiatore per i danni causati da sua colpa.<\/p>\n<p style=\"text-align: center;\"><b>ATTENZIONE<\/b>!!! NON SI APPLICA ALCUNA COPERTURA ASSICURATIVA NEI SEGUENTI CASI. Danni a pneumatici, cerchioni, specchietti, chiavi e alla parte inferiore dell'auto. Danni causati dal fatto che il conducente era sotto l'effetto di alcol, droghe o qualsiasi altra cosa che possa influenzare la capacit\u00e0 di guida. Danni causati dal mancato rispetto del codice della strada. Danni causati da persone non indicate nel contratto di locazione. Danni intenzionali e meccanici al veicolo causati dalla negligenza del noleggiatore. Danni causati da animali. Danni causati dalla guida in aree fuori strada e in aree in cui la guida non \u00e8 appropriata. Perdita di oggetti personali all'interno dell'auto. Furto di biciclette.<\/p>\n<p style=\"text-align: center;\"><b>11)<\/b> Viaggio sulla costa ionica<b> SE NON C'\u00c8 UN USO CORRETTO DELL'AUTO<\/b> o non rispetta i termini del contratto ha il diritto di rescindere il contratto e di ritirare il veicolo dalle mani del noleggiatore o di chi lo possiede per suo conto, senza alcun preavviso.<\/p>\n<p style=\"text-align: center;\"><b>12 <\/b>) Ionian Coast Travel ha il diritto di <b>modificare <\/b>i termini e le tariffe senza preavviso.<\/p>\n<\/div>\n<\/div>\n<\/div>\n<\/div>\n<div class=\"tatsu-column-bg-image-wrap\" style=\"text-align: center;\">\n<div class=\"tatsu-column-bg-image\"><\/div>\n<\/div>\n<\/div>\n<\/div>\n<\/div>\n<\/div>\n<\/div>\n<div class=\"tatsu-section-background-wrap\">\n<div class=\"tatsu-section-background\" style=\"text-align: center;\"><\/div>\n<\/div>\n<\/div><\/div><\/div><\/div><div class = \"tatsu-column-bg-image-wrap\"><div class = \"tatsu-column-bg-image tatsu-bg-lazyload\" data-src = \"\"><\/div><\/div><div class=\"tatsu-overlay tatsu-column-overlay tatsu-animate-none\" ><\/div><\/div><style>.tatsu-row > .tatsu-Byf_MuVMi.tatsu-column{width: 100%;}.tatsu-Byf_MuVMi.tatsu-column > .tatsu-column-inner > .tatsu-column-overlay{mix-blend-mode: normal;}.tatsu-Byf_MuVMi > .tatsu-column-inner > .tatsu-top-divider{z-index: 9999;}.tatsu-Byf_MuVMi > .tatsu-column-inner > .tatsu-bottom-divider{z-index: 9999;}.tatsu-Byf_MuVMi > .tatsu-column-inner > .tatsu-left-divider{z-index: 9999;}.tatsu-Byf_MuVMi > .tatsu-column-inner > .tatsu-right-divider{z-index: 9999;}@media only screen and (max-width:1377px) {.tatsu-row > .tatsu-Byf_MuVMi.tatsu-column{width: 100%;}}@media only screen and (min-width:768px) and (max-width: 1024px) {.tatsu-row > .tatsu-Byf_MuVMi.tatsu-column{width: 100%;}}@media only screen and (max-width: 767px) {.tatsu-row > .tatsu-Byf_MuVMi.tatsu-column{width: 100%;}}<\/style><\/div><\/div><\/div><div class=\"tatsu-row-wrap  tatsu-wrap tatsu-row-has-three-cols tatsu-medium-gutter tatsu-reg-cols  tatsu-clearfix tatsu-BkgGP_Vwg3\" ><div  class=\"tatsu-row \" ><div  class=\"tatsu-column  tatsu-bg-overlay tatsu-one-third tatsu-column-image-none tatsu-column-effect-none  tatsu-r1zD_Eve3\"  data-parallax-speed=\"0\" style=\"\"><div class=\"tatsu-column-inner \" ><div class=\"tatsu-column-pad-wrap\"><div class=\"tatsu-column-pad\" ><div  class=\"tatsu-module tatsu-text-block-wrap tatsu-ByIFKrDe2  \"><div class=\"tatsu-text-inner tatsu-align-center  clearfix\" ><style>.tatsu-ByIFKrDe2.tatsu-text-block-wrap .tatsu-text-inner{width: 100%;text-align: left;}<\/style>\n<h4 style=\"text-align: center;\"><a href=\"\/?page_id=3788\">Verifica la disponibilit\u00e0<\/a><\/h4>\n<\/div><\/div><\/div><\/div><div class = \"tatsu-column-bg-image-wrap\"><div class = \"tatsu-column-bg-image tatsu-bg-lazyload\" data-src = \"\"><\/div><\/div><div class=\"tatsu-overlay tatsu-column-overlay tatsu-animate-none\" ><\/div><\/div><style>.tatsu-row > .tatsu-r1zD_Eve3.tatsu-column{width: 33.33%;}.tatsu-r1zD_Eve3.tatsu-column > .tatsu-column-inner > .tatsu-column-overlay{mix-blend-mode: normal;}.tatsu-r1zD_Eve3 > .tatsu-column-inner > .tatsu-top-divider{z-index: 9999;}.tatsu-r1zD_Eve3 > .tatsu-column-inner > .tatsu-bottom-divider{z-index: 9999;}.tatsu-r1zD_Eve3 > .tatsu-column-inner > .tatsu-left-divider{z-index: 9999;}.tatsu-r1zD_Eve3 > .tatsu-column-inner > .tatsu-right-divider{z-index: 9999;}@media only screen and (max-width:1377px) {.tatsu-row > .tatsu-r1zD_Eve3.tatsu-column{width: 33.33%;}}@media only screen and (min-width:768px) and (max-width: 1024px) {.tatsu-row > .tatsu-r1zD_Eve3.tatsu-column{width: 33.33%;}}@media only screen and (max-width: 767px) {.tatsu-row > .tatsu-r1zD_Eve3.tatsu-column{width: 100%;}}<\/style><\/div><div  class=\"tatsu-column  tatsu-bg-overlay tatsu-one-third tatsu-column-image-none tatsu-column-effect-none  tatsu-HyxHhtSDl3\"  data-parallax-speed=\"0\" style=\"\"><div class=\"tatsu-column-inner \" ><div class=\"tatsu-column-pad-wrap\"><div class=\"tatsu-column-pad\" ><div  class=\"tatsu-module tatsu-text-block-wrap tatsu-r1o2tHDe3  \"><div class=\"tatsu-text-inner tatsu-align-center  clearfix\" ><style>.tatsu-r1o2tHDe3.tatsu-text-block-wrap .tatsu-text-inner{width: 100%;text-align: left;}<\/style>\n<h4 style=\"text-align: center;\"><a href=\"\/?page_id=3796\">Offerte auto<\/a><\/h4>\n<\/div><\/div><\/div><\/div><div class = \"tatsu-column-bg-image-wrap\"><div class = \"tatsu-column-bg-image tatsu-bg-lazyload\" data-src = \"\"><\/div><\/div><div class=\"tatsu-overlay tatsu-column-overlay tatsu-animate-none\" ><\/div><\/div><style>.tatsu-row > .tatsu-HyxHhtSDl3.tatsu-column{width: 33.33%;}.tatsu-HyxHhtSDl3.tatsu-column > .tatsu-column-inner > .tatsu-column-overlay{mix-blend-mode: normal;}.tatsu-HyxHhtSDl3 > .tatsu-column-inner > .tatsu-top-divider{z-index: 9999;}.tatsu-HyxHhtSDl3 > .tatsu-column-inner > .tatsu-bottom-divider{z-index: 9999;}.tatsu-HyxHhtSDl3 > .tatsu-column-inner > .tatsu-left-divider{z-index: 9999;}.tatsu-HyxHhtSDl3 > .tatsu-column-inner > .tatsu-right-divider{z-index: 9999;}@media only screen and (max-width:1377px) {.tatsu-row > .tatsu-HyxHhtSDl3.tatsu-column{width: 33.33%;}}@media only screen and (min-width:768px) and (max-width: 1024px) {.tatsu-row > .tatsu-HyxHhtSDl3.tatsu-column{width: 33.33%;}}@media only screen and (max-width: 767px) {.tatsu-row > .tatsu-HyxHhtSDl3.tatsu-column{width: 100%;}}<\/style><\/div><div  class=\"tatsu-column  tatsu-bg-overlay tatsu-one-third tatsu-column-image-none tatsu-column-effect-none  tatsu-SybB2YHwl3\"  data-parallax-speed=\"0\" style=\"\"><div class=\"tatsu-column-inner \" ><div class=\"tatsu-column-pad-wrap\"><div class=\"tatsu-column-pad\" ><div  class=\"tatsu-module tatsu-text-block-wrap tatsu-rybJcSPgn  \"><div class=\"tatsu-text-inner tatsu-align-center  clearfix\" ><style>.tatsu-rybJcSPgn.tatsu-text-block-wrap .tatsu-text-inner{width: 100%;text-align: left;}<\/style>\n<h4 style=\"text-align: center;\"><a href=\"https:\/\/ioniancoast.com\/rent-a-scooter\/\">Offerte scooter<\/a><\/h4>\n<\/div><\/div><\/div><\/div><div class = \"tatsu-column-bg-image-wrap\"><div class = \"tatsu-column-bg-image tatsu-bg-lazyload\" data-src = \"\"><\/div><\/div><div class=\"tatsu-overlay tatsu-column-overlay tatsu-animate-none\" ><\/div><\/div><style>.tatsu-row > .tatsu-SybB2YHwl3.tatsu-column{width: 33.33%;}.tatsu-SybB2YHwl3.tatsu-column > .tatsu-column-inner > .tatsu-column-overlay{mix-blend-mode: normal;}.tatsu-SybB2YHwl3 > .tatsu-column-inner > .tatsu-top-divider{z-index: 9999;}.tatsu-SybB2YHwl3 > .tatsu-column-inner > .tatsu-bottom-divider{z-index: 9999;}.tatsu-SybB2YHwl3 > .tatsu-column-inner > .tatsu-left-divider{z-index: 9999;}.tatsu-SybB2YHwl3 > .tatsu-column-inner > .tatsu-right-divider{z-index: 9999;}@media only screen and (max-width:1377px) {.tatsu-row > .tatsu-SybB2YHwl3.tatsu-column{width: 33.33%;}}@media only screen and (min-width:768px) and (max-width: 1024px) {.tatsu-row > .tatsu-SybB2YHwl3.tatsu-column{width: 33.33%;}}@media only screen and (max-width: 767px) {.tatsu-row > .tatsu-SybB2YHwl3.tatsu-column{width: 100%;}}<\/style><\/div><\/div><\/div><div class=\"tatsu-row-wrap  tatsu-wrap tatsu-row-one-col tatsu-row-has-one-cols tatsu-medium-gutter tatsu-reg-cols  tatsu-clearfix tatsu-ryxI-1ztxn\" ><div  class=\"tatsu-row \" ><div  class=\"tatsu-column  tatsu-bg-overlay tatsu-one-col tatsu-column-image-none tatsu-column-effect-none  tatsu-Bk8ZkGtx2\"  data-parallax-speed=\"0\" style=\"\"><div class=\"tatsu-column-inner \" ><div class=\"tatsu-column-pad-wrap\"><div class=\"tatsu-column-pad\" ><div  class=\"tatsu-module tatsu-text-block-wrap tatsu-SJyM1Mtxh  \"><div class=\"tatsu-text-inner tatsu-align-center  clearfix\" ><style>.tatsu-SJyM1Mtxh.tatsu-text-block-wrap .tatsu-text-inner{width: 100%;text-align: left;color: rgba(0,0,0,1) ;}.tatsu-SJyM1Mtxh .tatsu-text-inner *{color: rgba(0,0,0,1) ;}.tatsu-SJyM1Mtxh.tatsu-text-block-wrap .tatsu-text-inner *{typography: {\"d\":\"};}<\/style>\n<h4 style=\"text-align: center;\"><a title=\"Prenota Ora\" href=\"https:\/\/ioniancoast.com\/it\/noleggio-auto-igoumenitsa-sivota-preveza-ioannina-prenota-ora\/\">Prenota ora<\/a><\/h4>\n<h5 style=\"text-align: center;\"><a href=\"https:\/\/www.google.com\/search?q=Ionian+Coast+Car+Rental+Sivota&amp;stick=H4sIAAAAAAAA_-NgU1I1qDA0Nk22MLRIMzEzTTMxTzW2MqgwSzQzszQ1Nks0MDNKMkxOW8Qq55mfl5mYp-Ccn1hcouCcWKQQlJpXkpijEJxZll-SCAAMYjqpSgAAAA&amp;hl=el&amp;mat=CW0U9uEp9QmUElcB7PxHsQtGsMhVY930fm7ynye_ouYql8e13yiGHRG6d0HYHm3pWwRWXDOL2NM2dbAOwaUy3s9WMBgCAUhFO2_t-Ejp4I_DOTvi66c7ZgUwiIxhBXysKtU&amp;authuser=0#ip=1\">Noleggio auto Sivota<\/a> I\u00a0<a href=\"https:\/\/www.google.com\/search?q=Ionian+Coast+Car+Rental+Sivota&amp;stick=H4sIAAAAAAAA_-NgU1I1qDA0Nk22MLRIMzEzTTMxTzW2MqgwSzQzszQ1Nks0MDNKMkxOW8Qq55mfl5mYp-Ccn1hcouCcWKQQlJpXkpijEJxZll-SCAAMYjqpSgAAAA&amp;hl=el&amp;mat=CW0U9uEp9QmUElcB7PxHsQtGsMhVY930fm7ynye_ouYql8e13yiGHRG6d0HYHm3pWwRWXDOL2NM2dbAOwaUy3s9WMBgCAUhFO2_t-Ejp4I_DOTvi66c7ZgUwiIxhBXysKtU&amp;authuser=0#ip=1\">Noleggio auto <\/a><a href=\"https:\/\/www.google.com\/search?q=Igoumenitsa+Car+Rental+Ionian+Coast&amp;stick=H4sIAAAAAAAA_-NgU1I1qDA0Nk0yTwXilMTkRAtTYyuDCpNkA0NLizTTVHNzk8Q0I4NFrMqe6fmlual5mSXFiQrOiUUKQal5JYk5Cp75eZmJeQrO-YnFJQBbrBk-TwAAAA&amp;hl=el&amp;mat=CRyluXSvg3v_ElcB7PxHsSX31mp4-T2r0evDwRPxzyzAGQkqB1F8h_kuvN21JqkX78yZc_vimMjvUcN_X6VjqwNQ1ZihKuSgNW4AQuWvHlkJ_R2Kb9HMzQ1hDv0b-EvFHDo&amp;authuser=0\">Igoumenitsa<\/a> I\u00a0<a href=\"https:\/\/www.google.com\/search?q=Ionian+Coast+Car+Rental+Sivota&amp;stick=H4sIAAAAAAAA_-NgU1I1qDA0Nk22MLRIMzEzTTMxTzW2MqgwSzQzszQ1Nks0MDNKMkxOW8Qq55mfl5mYp-Ccn1hcouCcWKQQlJpXkpijEJxZll-SCAAMYjqpSgAAAA&amp;hl=el&amp;mat=CW0U9uEp9QmUElcB7PxHsQtGsMhVY930fm7ynye_ouYql8e13yiGHRG6d0HYHm3pWwRWXDOL2NM2dbAOwaUy3s9WMBgCAUhFO2_t-Ejp4I_DOTvi66c7ZgUwiIxhBXysKtU&amp;authuser=0#ip=1\">Noleggio auto <\/a><a href=\"https:\/\/www.google.com\/search?q=Ionian+Coast+Car+Rental+Preveza+airport&amp;stick=H4sIAAAAAAAA_-NgU1I1qDBKS0qxTE00Nks0tzQyMk6xMqgwNTNLNDAwNUhJNLBITrQwX8Sq7pmfl5mYp-Ccn1hcouCcWKQQlJpXkpijEFCUWpZalaiQmFlUkF9UAgDTTVa9UwAAAA&amp;hl=el&amp;mat=CcdCQd6rl8fQElcB7PxHsSHDoeqizBxtHzzX5CEDYPY04lEUB9X4IScGOvgN2IRmUZexculUfyw4Qo8VMnZvLB-b5ZwfN2YY-ENX_Z-GY0-0gfg6dh490r1BbcLAQTEdBXc&amp;authuser=0\">Preveza<\/a> I\u00a0<a href=\"https:\/\/www.google.com\/search?q=Ionian+Coast+Car+Rental+Sivota&amp;stick=H4sIAAAAAAAA_-NgU1I1qDA0Nk22MLRIMzEzTTMxTzW2MqgwSzQzszQ1Nks0MDNKMkxOW8Qq55mfl5mYp-Ccn1hcouCcWKQQlJpXkpijEJxZll-SCAAMYjqpSgAAAA&amp;hl=el&amp;mat=CW0U9uEp9QmUElcB7PxHsQtGsMhVY930fm7ynye_ouYql8e13yiGHRG6d0HYHm3pWwRWXDOL2NM2dbAOwaUy3s9WMBgCAUhFO2_t-Ejp4I_DOTvi66c7ZgUwiIxhBXysKtU&amp;authuser=0#ip=1\">Noleggio auto <\/a><a href=\"https:\/\/www.google.com\/search?q=Ionian+Coast+Car+Rental+Ioannina+airport&amp;stick=H4sIAAAAAAAA_-NgU1I1qDA0Nk1KNk5OS0uzsEwyskiyMqgwNUwyNkoyMLFMS0qzNEkzX8Sq4Zmfl5mYp-Ccn1hcouCcWKQQlJpXkpij4JmfmJeXmZeokJhZVJBfVAIAPGcJwVQAAAA&amp;hl=el&amp;mat=CeQWaG1D6Hc8ElcB7PxHsTMUFVAeyaNgW8F2hMdySzdTu9a4Jm0CwINnselPtwFpmyMmwQvn0b9AAQziVOwDueTQrFE8sVtP9dIa2K551mKc763ZqbBx_DEh8S3wrdlZFTQ&amp;authuser=0\">Ioannina<\/a><\/h5>\n<\/div><\/div><\/div><\/div><div class = \"tatsu-column-bg-image-wrap\"><div class = \"tatsu-column-bg-image tatsu-bg-lazyload\" data-src = \"\"><\/div><\/div><div class=\"tatsu-overlay tatsu-column-overlay tatsu-animate-none\" ><\/div><\/div><style>.tatsu-row > .tatsu-Bk8ZkGtx2.tatsu-column{width: 100%;}.tatsu-Bk8ZkGtx2.tatsu-column > .tatsu-column-inner > .tatsu-column-overlay{mix-blend-mode: normal;}.tatsu-Bk8ZkGtx2 > .tatsu-column-inner > .tatsu-top-divider{z-index: 9999;}.tatsu-Bk8ZkGtx2 > .tatsu-column-inner > .tatsu-bottom-divider{z-index: 9999;}.tatsu-Bk8ZkGtx2 > .tatsu-column-inner > .tatsu-left-divider{z-index: 9999;}.tatsu-Bk8ZkGtx2 > .tatsu-column-inner > .tatsu-right-divider{z-index: 9999;}@media only screen and (max-width:1377px) {.tatsu-row > .tatsu-Bk8ZkGtx2.tatsu-column{width: 100%;}}@media only screen and (min-width:768px) and (max-width: 1024px) {.tatsu-row > .tatsu-Bk8ZkGtx2.tatsu-column{width: 100%;}}@media only screen and (max-width: 767px) {.tatsu-row > .tatsu-Bk8ZkGtx2.tatsu-column{width: 100%;}}<\/style><\/div><\/div><\/div><\/div><div class=\"tatsu-section-background-wrap\"><div class = \"tatsu-section-background tatsu-bg-lazyload\" data-src = \"\"><\/div><\/div><div class=\"tatsu-overlay tatsu-section-overlay\"><\/div><style>.tatsu-BybG_fONfs .tatsu-section-pad{padding: 90px 0px 90px 0px;}.tatsu-BybG_fONfs .tatsu-section-offset-wrap{transform: translateY(-0px);}.tatsu-BybG_fONfs > .tatsu-bottom-divider{z-index: 9999;}.tatsu-BybG_fONfs > .tatsu-top-divider{z-index: 9999;}.tatsu-BybG_fONfs .tatsu-section-overlay{mix-blend-mode: normal;}<\/style><\/div>\n","protected":false},"excerpt":{"rendered":"","protected":false},"author":1,"featured_media":0,"parent":0,"menu_order":27,"comment_status":"closed","ping_status":"closed","template":"","meta":{"footnotes":""},"class_list":["post-4365","page","type-page","status-publish","hentry"],"aioseo_notices":[],"_links":{"self":[{"href":"https:\/\/ioniancoast.com\/it\/wp-json\/wp\/v2\/pages\/4365","targetHints":{"allow":["GET"]}}],"collection":[{"href":"https:\/\/ioniancoast.com\/it\/wp-json\/wp\/v2\/pages"}],"about":[{"href":"https:\/\/ioniancoast.com\/it\/wp-json\/wp\/v2\/types\/page"}],"author":[{"embeddable":true,"href":"https:\/\/ioniancoast.com\/it\/wp-json\/wp\/v2\/users\/1"}],"replies":[{"embeddable":true,"href":"https:\/\/ioniancoast.com\/it\/wp-json\/wp\/v2\/comments?post=4365"}],"version-history":[{"count":0,"href":"https:\/\/ioniancoast.com\/it\/wp-json\/wp\/v2\/pages\/4365\/revisions"}],"wp:attachment":[{"href":"https:\/\/ioniancoast.com\/it\/wp-json\/wp\/v2\/media?parent=4365"}],"curies":[{"name":"wp","href":"https:\/\/api.w.org\/{rel}","templated":true}]}}