{"id":4536,"date":"2022-10-01T05:36:03","date_gmt":"2022-10-01T03:36:03","guid":{"rendered":"https:\/\/ioniancoast.com\/informativa-sui-cookie\/"},"modified":"2024-01-26T00:17:30","modified_gmt":"2024-01-25T21:17:30","slug":"noleggio-auto-igoumenitsa-sivota-preveza-ioannina-informativa-sui-cookie","status":"publish","type":"page","link":"https:\/\/ioniancoast.com\/it\/noleggio-auto-igoumenitsa-sivota-preveza-ioannina-informativa-sui-cookie\/","title":{"rendered":"Informativa sui cookie"},"content":{"rendered":"<p style=\"text-align: center;\">Noleggio Auto Igoumenitsa Sivota Preveza Ioannina<\/p>\n<p style=\"text-align: center;\">Informativa sui cookie<br \/>\nQuesto sito utilizza i cookie, piccoli file di testo che vengono inseriti nel vostro computer per aiutare il sito a fornire una migliore esperienza all'utente. In generale, i cookie vengono utilizzati per conservare le preferenze dell'utente, memorizzare le informazioni relative ad esempio ai carrelli della spesa e fornire dati di tracciamento anonimizzati ad applicazioni di terze parti come Google Analytics. Di norma, i cookie migliorano la vostra esperienza di navigazione. Tuttavia, l'utente pu\u00f2 preferire disabilitare i cookie su questo sito e su altri. Il modo pi\u00f9 efficace per farlo \u00e8 disabilitare i cookie nel browser. Suggeriamo di consultare la sezione Aiuto del vostro browser o di dare un'occhiata al sito web About Cookies, che offre indicazioni per tutti i browser moderni.<br \/>\nNoleggio auto Costa Ionica<\/p>\n<p style=\"text-align: center;\">Sivota I Igoumenitsa I Preveza I Ioannina<\/p>\n","protected":false},"excerpt":{"rendered":"<p>Noleggio Auto Igoumenitsa Sivota Preveza Ioannina Informativa sui cookie Questo sito utilizza i cookie, piccoli file di testo che vengono inseriti nel vostro computer per aiutare il sito a fornire una migliore esperienza all'utente. In generale, i cookie vengono utilizzati per conservare le preferenze dell'utente, memorizzare le informazioni relative ad esempio ai carrelli della spesa &hellip; <\/p>\n<p class=\"link-more\"><a href=\"https:\/\/ioniancoast.com\/it\/noleggio-auto-igoumenitsa-sivota-preveza-ioannina-informativa-sui-cookie\/\" class=\"more-link\"><span class=\"screen-reader-text\"> prova \"Informativa sui cookie\"<\/span><\/a><\/p>\n","protected":false},"author":1,"featured_media":0,"parent":0,"menu_order":26,"comment_status":"closed","ping_status":"closed","template":"","meta":{"footnotes":""},"class_list":["post-4536","page","type-page","status-publish","hentry"],"aioseo_notices":[],"_links":{"self":[{"href":"https:\/\/ioniancoast.com\/it\/wp-json\/wp\/v2\/pages\/4536","targetHints":{"allow":["GET"]}}],"collection":[{"href":"https:\/\/ioniancoast.com\/it\/wp-json\/wp\/v2\/pages"}],"about":[{"href":"https:\/\/ioniancoast.com\/it\/wp-json\/wp\/v2\/types\/page"}],"author":[{"embeddable":true,"href":"https:\/\/ioniancoast.com\/it\/wp-json\/wp\/v2\/users\/1"}],"replies":[{"embeddable":true,"href":"https:\/\/ioniancoast.com\/it\/wp-json\/wp\/v2\/comments?post=4536"}],"version-history":[{"count":0,"href":"https:\/\/ioniancoast.com\/it\/wp-json\/wp\/v2\/pages\/4536\/revisions"}],"wp:attachment":[{"href":"https:\/\/ioniancoast.com\/it\/wp-json\/wp\/v2\/media?parent=4536"}],"curies":[{"name":"wp","href":"https:\/\/api.w.org\/{rel}","templated":true}]}}