{"id":6462,"date":"2025-01-16T23:47:35","date_gmt":"2025-01-16T21:47:35","guid":{"rendered":"https:\/\/ioniancoast.com\/rent-a-car-sivota-rent-a-scooter-sivota\/"},"modified":"2025-01-25T00:17:07","modified_gmt":"2025-01-24T22:17:07","slug":"noleggio-auto-sivota-noleggia-scooter-sivota","status":"publish","type":"page","link":"https:\/\/ioniancoast.com\/it\/noleggio-auto-sivota-noleggia-scooter-sivota\/","title":{"rendered":"Visita Sivota"},"content":{"rendered":"<h3><strong>Noleggio auto Sivota e noleggia scooter Sivota - Esplora la splendida Sivota, Igoumenitsa, Grecia<\/strong><\/h3>\n<h4 style=\"text-align: center;\"><strong>Benvenuti a <a href=\"https:\/\/it.wikipedia.org\/wiki\/Syvota\">Sivota<\/a>!<\/strong><\/h4>\n<p>Sivota \u00e8 un incantevole villaggio costiero incastonato nella pittoresca regione dell'Epiro, situata nel nord-ovest della Grecia. Famosa per la sua bellezza naturale mozzafiato, le acque cristalline e la ricca storia, Sivota \u00e8 una gemma nascosta che aspetta solo di essere scoperta. Che tu stia pianificando una rilassante vacanza al mare, un'avventurosa esplorazione delle montagne circostanti o un viaggio culturale, Sivota offre una vasta gamma di esperienze. Con le sue splendide spiagge e i paesaggi panoramici, Sivota \u00e8 meglio esplorarla al tuo ritmo: <strong>noleggio auto Sivota<\/strong> e scopri i tesori nascosti di questo pittoresco villaggio. La posizione ideale del villaggio sulla costa ionica ti consente di sperimentare sia la tranquillit\u00e0 che la vivace vita locale, rendendolo la destinazione perfetta per chi cerca pace o avventura. <strong>Noleggio auto Sivota<\/strong> ed esplora la zona al tuo ritmo, scoprendo tutto ci\u00f2 che questa splendida regione ha da offrire. Dalle affascinanti strade costiere alle colline che si affacciano sul Mar Ionio, <strong>noleggio auto Sivota<\/strong> e goditi la libert\u00e0 di visitare i monumenti locali e ammirare viste mozzafiato.<\/p>\n<h4 style=\"text-align: center;\"><strong>Scopri la zona - Sivota<\/strong><\/h4>\n<p>Sivota \u00e8 un villaggio sereno circondato da lussureggianti colline verdi, uliveti e acque cristalline. Il villaggio in s\u00e9 \u00e8 un rifugio tranquillo, ma con la vicinanza a Igoumenitsa, hai anche accesso a servizi pi\u00f9 grandi, tra cui ristoranti, negozi e collegamenti di trasporto. Il vivace porto di Igoumenitsa e le isole vicine, come Corf\u00f9 e Paxi, offrono emozionanti opportunit\u00e0 per gite di un giorno. <strong>Noleggio auto Sivota<\/strong> per esplorare la zona con facilit\u00e0 e goditi la comodit\u00e0 di viaggiare tra il pittoresco villaggio e le attrazioni vicine.<\/p>\n<p style=\"text-align: center;\"><strong>Punti salienti di Sivota:<\/strong><\/p>\n<ul>\n<li><strong>Posizione idilliaca:<\/strong> situato nello splendido Mar Ionio, con viste mozzafiato, vegetazione lussureggiante e dintorni pittoreschi.<\/li>\n<li><strong>Accesso alle isole vicine<\/strong>: Sivota \u00e8 un'ottima base per esplorare le isole vicine come Corf\u00f9, Paxos e Antipaxi.<\/li>\n<li><strong>Perfetto per gli amanti della natura<\/strong>: circondata da colline e paesaggi rigogliosi, Sivota \u00e8 il sogno degli amanti della natura, con numerosi sentieri escursionistici e punti panoramici.<\/li>\n<\/ul>\n<h4 style=\"text-align: center;\"><strong>Spiagge di Sivota<\/strong><\/h4>\n<p>Sivota vanta alcune delle spiagge pi\u00f9 belle e incontaminate della Grecia. Che tu stia cercando un posto tranquillo e appartato o una zona vivace con lettini e bar sulla spiaggia, ce n'\u00e8 per tutti i gusti. Ecco alcune delle migliori spiagge da visitare nella zona:<\/p>\n<ul>\n<li><strong>Bella Vraka Beach <\/strong><br \/>\nUna spiaggia meravigliosa, famosa per le sue acque cristalline e le sue rive sabbiose, Bella Vraka \u00e8 una delle spiagge pi\u00f9 ambite di Sivota. \u00c8 possibile accedervi in barca o tramite un piccolo sentiero dalla vicina spiaggia di Zavia.<\/li>\n<li><strong>Spiaggia di Mikri Ammos <\/strong><br \/>\nUna piccola e tranquilla spiaggia ideale per prendere il sole e nuotare. Con le sue acque calme, \u00e8 un posto fantastico per le famiglie e per chi cerca un'esperienza pi\u00f9 rilassata.<\/li>\n<li><strong>Zavia Beach <\/strong><br \/>\nQuesta tranquilla spiaggia offre acque calme, ideali per nuotare e rilassarsi. \u00c8 un posto tranquillo, perfetto per chi cerca di sfuggire alla folla.<\/li>\n<li><strong>Mega Ammos Beach <\/strong><br \/>\nUna spiaggia sabbiosa pi\u00f9 grande con acque poco profonde, ideale per famiglie con bambini. La spiaggia \u00e8 anche fiancheggiata da alcune taverne che offrono una deliziosa cucina locale.<\/li>\n<li><strong>Spiaggia di Agia Paraskevi <\/strong><br \/>\nUna spiaggia appartata e serena con acque cristalline, perfetta per chi cerca una fuga tranquilla dalle spiagge pi\u00f9 affollate.<\/li>\n<\/ul>\n<p>Tutte le spiagge attorno a Sivota sono caratterizzate da una bellezza naturale mozzafiato, alcune offrono bar sulla spiaggia e taverne, mentre altre rimangono pi\u00f9 incontaminate per chi cerca un ambiente pi\u00f9 tranquillo. Le acque circostanti sono calme, il che le rende perfette per una serie di attivit\u00e0, tra cui nuoto, snorkeling e kayak. Per un modo pi\u00f9 avventuroso e flessibile di esplorare il villaggio e le aree circostanti, <strong>noleggia scooter Sivota<\/strong> e goditi la libert\u00e0 di percorrere le strade panoramiche al tuo ritmo.<\/p>\n<h4 style=\"text-align: center;\"><strong>Hotel e alloggi a Sivota<\/strong><\/h4>\n<p>Sivota offre un'ampia variet\u00e0 di opzioni di alloggio per soddisfare le esigenze di ogni viaggiatore, che tu stia cercando un resort di lusso, un boutique hotel o una guesthouse accogliente. Ci sono anche molte opzioni per sistemazioni con angolo cottura e ville per coloro che preferiscono un soggiorno pi\u00f9 privato e indipendente. Le opzioni di alloggio a Sivota sono diverse e offrono:<\/p>\n<ul>\n<li><strong>Hotel e resort di lusso<\/strong>: goditi servizi di alto livello, piscine, viste mozzafiato e la vicinanza alle spiagge.<\/li>\n<li><strong>Hotel adatti alle famiglie<\/strong>: numerose sistemazioni pensate per le famiglie, con facile accesso alla spiaggia e attivit\u00e0 per bambini.<\/li>\n<li><strong>Pensioni e monolocali tradizionali:<\/strong> per chi desidera un'esperienza pi\u00f9 autentica e accogliente, con un tocco locale.<\/li>\n<li><strong>Campeggio e glamping<\/strong>: nei dintorni di Sivota ci sono anche alcuni graziosi campeggi per chi desidera godersi la vita all'aria aperta a un prezzo pi\u00f9 conveniente.<\/li>\n<\/ul>\n<h4 style=\"text-align: center;\"><strong>Cose da fare a Sivota - Attivit\u00e0 e attrazioni<\/strong><\/h4>\n<p>Sivota non \u00e8 solo belle spiagge e relax: ci sono un sacco di attivit\u00e0 e cose da fare nella zona e nei dintorni. Che siate amanti dell'avventura o appassionati di storia, Sivota ha qualcosa da offrire.<\/p>\n<ul>\n<li><strong>Noleggio barche e crociere<\/strong>: esplora la costa e le isole vicine al tuo ritmo con un noleggio di barche. Puoi anche prendere parte a gite in barca guidate alle isole vicine come Paxi e Antipaxi.<\/li>\n<li><strong>Sport acquatici:<\/strong> Sivota \u00e8 un ottimo posto per provare sport acquatici come kayak, paddleboarding, snorkeling e persino immersioni subacquee. Le acque calme sono perfette per i principianti e la ricca vita marina della zona la rende un ottimo posto per lo snorkeling.<\/li>\n<li><strong>Escursionismo e passeggiate nella natura<\/strong>: Sivota e la zona circostante offrono numerosi sentieri escursionistici, perfetti per chi desidera esplorare splendidi paesaggi e osservare la flora e la fauna locali.<\/li>\n<li><strong>Tour culturali e siti storici:<\/strong> visita i siti storici nelle vicinanze, tra cui antiche rovine e villaggi tradizionali, per assaporare la cultura e la storia greca. La citt\u00e0 di Igoumenitsa, a breve distanza in auto, offre anche siti archeologici e musei.<\/li>\n<li><strong>Gite di un giorno alle isole vicine<\/strong>: Sivota \u00e8 un'ottima base per esplorare le isole vicine come Corf\u00f9, Paxi e Antipaxi. Puoi prendere un traghetto o noleggiare una barca per esplorare queste splendide destinazioni.<\/li>\n<li><strong>Ristoranti e cucina locale<\/strong>: Sivota offre numerose taverne e ristoranti che servono cibo greco autentico, tra cui pesce fresco, specialit\u00e0 locali e piatti mediterranei. Non dimenticare di provare l'olio d'oliva e i vini locali!<\/li>\n<\/ul>\n<h4 style=\"text-align: center;\"><strong>Esplora Sivota con il nostro servizio di autonoleggio<\/strong><\/h4>\n<p>Noleggio auto Sivota e goditi la comodit\u00e0 di esplorare la splendida regione al tuo ritmo. Che tu voglia visitare spiagge appartate, viaggiare verso villaggi vicini o fare un giro panoramico attraverso la splendida campagna, il nostro servizio di autonoleggio rende tutto facile e comodo.<\/p>\n<ul>\n<li><strong>Nessun tempo di attesa<\/strong>: consegniamo l'auto direttamente a casa tua, cos\u00ec puoi iniziare la tua vacanza senza ritardi.<\/li>\n<li><strong>Luoghi di ritiro e riconsegna flessibili:<\/strong> organizza un punto d'incontro comodo, incluso il terminal dei traghetti.<\/li>\n<li><strong>Variet\u00e0 di veicoli:<\/strong> scegli tra una vasta gamma di veicoli quello pi\u00f9 adatto alle tue esigenze, dalle auto compatte ai veicoli pi\u00f9 grandi per famiglie e gruppi.<\/li>\n<\/ul>\n<p>Cerchi qualcosa di pi\u00f9 avventuroso? <strong>Noleggia scooter Sivota<\/strong> e sfreccia per il villaggio o fai un giro nella campagna circostante. \u00c8 un modo conveniente e divertente per vivere Sivota!<\/p>\n<p style=\"text-align: center;\"><a title=\"Noleggio auto Sivota I Noleggio auto Igoumenitsa I Noleggio auto Preveza\" href=\"https:\/\/ioniancoast.com\/it\/\"><strong>Prenota subito la tua auto o il tuo scooter!<\/strong><\/a><br \/>\nPrenota subito il tuo noleggio auto o scooter e inizia la tua avventura a Sivota senza problemi.<\/p>\n","protected":false},"excerpt":{"rendered":"<p>Noleggio auto Sivota e noleggia scooter Sivota - Esplora la splendida Sivota, Igoumenitsa, Grecia Benvenuti a Sivota! Sivota \u00e8 un incantevole villaggio costiero incastonato nella pittoresca regione dell'Epiro, situata nel nord-ovest della Grecia. Famosa per la sua bellezza naturale mozzafiato, le acque cristalline e la ricca storia, Sivota \u00e8 una gemma nascosta che aspetta solo &hellip; <\/p>\n<p class=\"link-more\"><a href=\"https:\/\/ioniancoast.com\/it\/noleggio-auto-sivota-noleggia-scooter-sivota\/\" class=\"more-link\"><span class=\"screen-reader-text\"> prova \"Visita Sivota\"<\/span><\/a><\/p>\n","protected":false},"author":2,"featured_media":0,"parent":0,"menu_order":0,"comment_status":"closed","ping_status":"closed","template":"","meta":{"footnotes":""},"class_list":["post-6462","page","type-page","status-publish","hentry"],"aioseo_notices":[],"_links":{"self":[{"href":"https:\/\/ioniancoast.com\/it\/wp-json\/wp\/v2\/pages\/6462","targetHints":{"allow":["GET"]}}],"collection":[{"href":"https:\/\/ioniancoast.com\/it\/wp-json\/wp\/v2\/pages"}],"about":[{"href":"https:\/\/ioniancoast.com\/it\/wp-json\/wp\/v2\/types\/page"}],"author":[{"embeddable":true,"href":"https:\/\/ioniancoast.com\/it\/wp-json\/wp\/v2\/users\/2"}],"replies":[{"embeddable":true,"href":"https:\/\/ioniancoast.com\/it\/wp-json\/wp\/v2\/comments?post=6462"}],"version-history":[{"count":0,"href":"https:\/\/ioniancoast.com\/it\/wp-json\/wp\/v2\/pages\/6462\/revisions"}],"wp:attachment":[{"href":"https:\/\/ioniancoast.com\/it\/wp-json\/wp\/v2\/media?parent=6462"}],"curies":[{"name":"wp","href":"https:\/\/api.w.org\/{rel}","templated":true}]}}